{"id":15976,"date":"2024-07-08T16:16:54","date_gmt":"2024-07-08T14:16:54","guid":{"rendered":"https:\/\/www.wedoback.net\/oferta-inmuable\/"},"modified":"2024-08-12T18:14:10","modified_gmt":"2024-08-12T16:14:10","slug":"oferta-inmuable","status":"publish","type":"page","link":"https:\/\/wedoback.com\/es\/oferta-inmuable\/","title":{"rendered":"Oferta INMUABLE"},"content":{"rendered":"\t\t<div data-elementor-type=\"wp-page\" data-elementor-id=\"15976\" class=\"elementor elementor-15976\" data-elementor-settings=\"{&quot;ha_cmc_init_switcher&quot;:&quot;no&quot;}\" data-elementor-post-type=\"page\">\n\t\t\t\t<div class=\"elementor-element elementor-element-61d5ee2d e-flex e-con-boxed e-con e-parent\" data-id=\"61d5ee2d\" data-element_type=\"container\" data-e-type=\"container\" data-settings=\"{&quot;_ha_eqh_enable&quot;:false}\">\n\t\t\t\t\t<div class=\"e-con-inner\">\n\t\t\t\t<div class=\"elementor-element elementor-element-156869c9 elementor-widget elementor-widget-heading\" data-id=\"156869c9\" data-element_type=\"widget\" data-e-type=\"widget\" data-widget_type=\"heading.default\">\n\t\t\t\t<div class=\"elementor-widget-container\">\n\t\t\t\t\t<h2 class=\"elementor-heading-title elementor-size-default\">oferta INMUABLE<\/h2>\t\t\t\t<\/div>\n\t\t\t\t<\/div>\n\t\t\t\t<div class=\"elementor-element elementor-element-38c22fe6 elementor-widget elementor-widget-text-editor\" data-id=\"38c22fe6\" data-element_type=\"widget\" data-e-type=\"widget\" data-widget_type=\"text-editor.default\">\n\t\t\t\t<div class=\"elementor-widget-container\">\n\t\t\t\t\t\t\t\t\t<p>\u00bfTienes documentos sensibles o que necesitas conservar pase lo que pase?<\/p>\n<p>WeDoBack Inmutable garantiza la integridad de tus datos protegi\u00e9ndolos contra la manipulaci\u00f3n, el borrado malintencionado y los ataques de ransomware.<br \/>\nGracias a la tecnolog\u00eda WORM (Write Once, Read Many), tu informaci\u00f3n permanece a prueba de manipulaciones, conforme a las normas m\u00e1s estrictas y segura frente a accesos no autorizados. <\/p>\n<p>Para suscribirte a este servicio, debes :<\/p>\n<ol>\n<li class=\"popStockImmuable\" style=\"cursor: pointer;\">\n              <b>al almacenamiento inmutable<\/b>\n            <\/li>\n<li class=\"popAgent\" style=\"cursor: pointer;\"><b>1 agente de copia de seguridad<\/b> por cada servidor u ordenador afectado.<\/li>\n<\/ol>\n<p>Me suscribo aqu\u00ed:<\/p>\n\t\t\t\t\t\t\t\t<\/div>\n\t\t\t\t<\/div>\n\t\t\t\t\t<\/div>\n\t\t\t\t<\/div>\n\t\t<div class=\"elementor-element elementor-element-5ae6387c e-flex e-con-boxed e-con e-parent\" data-id=\"5ae6387c\" data-element_type=\"container\" data-e-type=\"container\" data-settings=\"{&quot;_ha_eqh_enable&quot;:false}\">\n\t\t\t\t\t<div class=\"e-con-inner\">\n\t\t\t\t<div class=\"elementor-element elementor-element-7ba46fdb elementor-widget elementor-widget-ts-products\" data-id=\"7ba46fdb\" data-element_type=\"widget\" data-e-type=\"widget\" data-widget_type=\"ts-products.default\">\n\t\t\t\t<div class=\"elementor-widget-container\">\n\t\t\t\t\t\t\t<div class=\"ts-product-wrapper ts-shortcode ts-product woocommerce columns-3 recent grid border-default\" style=\"--ts-columns: 3\" >\n\t\t\n\t\t\t\t\t\t\t\n\t\t\t<div class=\"content-wrapper \">\n\t\t\t\n\t\t\t\t<div class=\"products\">\r\n\r\n<section class=\"product type-product post-16953 status-publish first instock product_cat-agente-es product_cat-immutable-es product_cat-pca-es product_cat-pra-es product_cat-respaldo has-post-thumbnail taxable shipping-taxable purchasable product-type-variable-subscription\" data-product_id=\"16953\">\r\n\t<div class=\"product-wrapper\">\r\n\t\t\t\r\n\t\t<div class=\"thumbnail-wrapper\">\r\n\t\t\t<a href=\"https:\/\/wedoback.com\/es\/produit\/agente-wedoback\/\">\r\n\t\t\t\t<figure class=\"no-back-image\"><img decoding=\"async\" src=\"https:\/\/www.wedoback.com\/wp-content\/themes\/ecomall\/images\/prod_loading.gif\" data-src=\"https:\/\/wedoback.com\/wp-content\/uploads\/2024\/08\/agent-sauv-300x300.png\" class=\"attachment-shop_catalog wp-post-image ts-lazy-load\" alt=\"\" width=\"300\" height=\"300\" \/><\/figure>\t\t\t<\/a>\r\n\t\t\t\t\t<div class=\"product-label on-thumbnail\">\n\t\t<\/div>\n\t<div class=\"product-group-button\">\t\t<div class=\"button-in wishlist\">\n\t\t\t<a href=\"#\" class=\"ts-add-to-wishlist remove-after-added\" data-id=\"16953\">\n\t\t\t\t<span class=\"ts-tooltip button-tooltip\" data-title=\"Add to wishlist\">Wishlist<\/span>\n\t\t\t<\/a>\n\t\t<\/div>\n\t\t<div class=\"button-in quickshop\"><a class=\"quickshop\" href=\"#\" data-product_id=\"16953\"><span class=\"ts-tooltip button-tooltip\">Quick View<\/span><\/a><\/div>\t\t<div class=\"button-in compare\">\n\t\t\t<a href=\"#\" class=\"ts-add-to-compare\" data-id=\"16953\">\n\t\t\t\t<span class=\"ts-tooltip button-tooltip\" data-title=\"Add to compare\">Compare<\/span>\n\t\t\t<\/a>\n\t\t<\/div>\n\t\t<\/div>\t\t<\/div>\r\n\t\t<div class=\"meta-wrapper\">\r\n\t\t\t<div class=\"product-categories\"><span>Categories: <\/span><a href=\"https:\/\/wedoback.com\/es\/product-category\/agente-es\/\" rel=\"tag\">Agente<\/a>, <a href=\"https:\/\/wedoback.com\/es\/product-category\/immutable-es\/\" rel=\"tag\">Immutable<\/a>, <a href=\"https:\/\/wedoback.com\/es\/product-category\/pca-es\/\" rel=\"tag\">PCA<\/a>, <a href=\"https:\/\/wedoback.com\/es\/product-category\/pra-es\/\" rel=\"tag\">PRA<\/a>, <a href=\"https:\/\/wedoback.com\/es\/product-category\/respaldo\/\" rel=\"tag\">Respaldo<\/a><\/div><h3 class=\"heading-title product-name\"><a href=\"https:\/\/wedoback.com\/es\/produit\/agente-wedoback\/\">Agente WeDoBack<\/a><\/h3>\n\t<span class=\"price\"><span class=\"from\">Desde: <\/span><span class=\"woocommerce-Price-amount amount\"><bdi>6,00&nbsp;<span class=\"woocommerce-Price-currencySymbol\">&euro;<\/span><\/bdi><\/span> <span class=\"subscription-details\"> \/ mes<\/span><\/span>\n<div class=\"product-group-button-meta\"><div class=\"loop-add-to-cart\"><a href=\"https:\/\/wedoback.com\/es\/produit\/agente-wedoback\/\" data-quantity=\"1\" class=\"button product_type_variable-subscription add_to_cart_button\" data-product_id=\"16953\" data-product_sku=\"\" aria-label=\"Elige las opciones para &ldquo;Agente WeDoBack&rdquo;\" rel=\"nofollow\"><span class=\"ts-tooltip button-tooltip\">Seleccionar opciones<\/span><\/a><\/div>\t<div class=\"short-description grid\">\n\t\tEl agente es un elemento clave de WeDoBack.\nGarantiza la comunicaci\u00f3n entre nuestros servidores y tus\t<\/div>\n\t<\/div>\t\t<\/div>\r\n\t<\/div>\r\n<\/section>\r\n<section class=\"product type-product post-16943 status-publish instock product_cat-almacenamiento product_cat-immutable-es has-post-thumbnail taxable shipping-taxable purchasable product-type-variable-subscription\" data-product_id=\"16943\">\r\n\t<div class=\"product-wrapper\">\r\n\t\t\t\r\n\t\t<div class=\"thumbnail-wrapper\">\r\n\t\t\t<a href=\"https:\/\/wedoback.com\/es\/produit\/almacenamiento-inmutable\/\">\r\n\t\t\t\t<figure class=\"no-back-image\"><img decoding=\"async\" src=\"https:\/\/www.wedoback.com\/wp-content\/themes\/ecomall\/images\/prod_loading.gif\" data-src=\"https:\/\/wedoback.com\/wp-content\/uploads\/2024\/08\/stockage-imm-300x300.png\" class=\"attachment-shop_catalog wp-post-image ts-lazy-load\" alt=\"\" width=\"300\" height=\"300\" \/><\/figure>\t\t\t<\/a>\r\n\t\t\t\t\t<div class=\"product-label on-thumbnail\">\n\t\t<\/div>\n\t<div class=\"product-group-button\">\t\t<div class=\"button-in wishlist\">\n\t\t\t<a href=\"#\" class=\"ts-add-to-wishlist remove-after-added\" data-id=\"16943\">\n\t\t\t\t<span class=\"ts-tooltip button-tooltip\" data-title=\"Add to wishlist\">Wishlist<\/span>\n\t\t\t<\/a>\n\t\t<\/div>\n\t\t<div class=\"button-in quickshop\"><a class=\"quickshop\" href=\"#\" data-product_id=\"16943\"><span class=\"ts-tooltip button-tooltip\">Quick View<\/span><\/a><\/div>\t\t<div class=\"button-in compare\">\n\t\t\t<a href=\"#\" class=\"ts-add-to-compare\" data-id=\"16943\">\n\t\t\t\t<span class=\"ts-tooltip button-tooltip\" data-title=\"Add to compare\">Compare<\/span>\n\t\t\t<\/a>\n\t\t<\/div>\n\t\t<\/div>\t\t<\/div>\r\n\t\t<div class=\"meta-wrapper\">\r\n\t\t\t<div class=\"product-categories\"><span>Categories: <\/span><a href=\"https:\/\/wedoback.com\/es\/product-category\/almacenamiento\/\" rel=\"tag\">Almacenamiento<\/a>, <a href=\"https:\/\/wedoback.com\/es\/product-category\/immutable-es\/\" rel=\"tag\">Immutable<\/a><\/div><h3 class=\"heading-title product-name\"><a href=\"https:\/\/wedoback.com\/es\/produit\/almacenamiento-inmutable\/\">Almacenamiento inmutable<\/a><\/h3>\n\t<span class=\"price\"><span class=\"from\">Desde: <\/span><span class=\"woocommerce-Price-amount amount\"><bdi>20,00&nbsp;<span class=\"woocommerce-Price-currencySymbol\">&euro;<\/span><\/bdi><\/span> <span class=\"subscription-details\"> \/ mes<\/span><\/span>\n<div class=\"product-group-button-meta\"><div class=\"loop-add-to-cart\"><a href=\"https:\/\/wedoback.com\/es\/produit\/almacenamiento-inmutable\/\" data-quantity=\"1\" class=\"button product_type_variable-subscription add_to_cart_button\" data-product_id=\"16943\" data-product_sku=\"\" aria-label=\"Elige las opciones para &ldquo;Almacenamiento inmutable&rdquo;\" rel=\"nofollow\"><span class=\"ts-tooltip button-tooltip\">Seleccionar opciones<\/span><\/a><\/div>\t<div class=\"short-description grid\">\n\t\tElige WeDoBack Inmutable y aseg\u00farate de que tus datos m\u00e1s cr\u00edticos permanecen intactos y seguros.\nEsta\t<\/div>\n\t<\/div>\t\t<\/div>\r\n\t<\/div>\r\n<\/section>\r\n<section class=\"product type-product post-16877 status-publish last instock product_cat-opciones has-post-thumbnail taxable shipping-taxable purchasable product-type-variable-subscription\" data-product_id=\"16877\">\r\n\t<div class=\"product-wrapper\">\r\n\t\t\t\r\n\t\t<div class=\"thumbnail-wrapper\">\r\n\t\t\t<a href=\"https:\/\/wedoback.com\/es\/produit\/restauracion-rapida-en-caso-de-catastrofe\/\">\r\n\t\t\t\t<figure class=\"no-back-image\"><img decoding=\"async\" src=\"https:\/\/www.wedoback.com\/wp-content\/themes\/ecomall\/images\/prod_loading.gif\" data-src=\"https:\/\/wedoback.com\/wp-content\/uploads\/2024\/08\/Restauration-300x300.png\" class=\"attachment-shop_catalog wp-post-image ts-lazy-load\" alt=\"\" width=\"300\" height=\"300\" \/><\/figure>\t\t\t<\/a>\r\n\t\t\t\t\t<div class=\"product-label on-thumbnail\">\n\t\t<\/div>\n\t<div class=\"product-group-button\">\t\t<div class=\"button-in wishlist\">\n\t\t\t<a href=\"#\" class=\"ts-add-to-wishlist remove-after-added\" data-id=\"16877\">\n\t\t\t\t<span class=\"ts-tooltip button-tooltip\" data-title=\"Add to wishlist\">Wishlist<\/span>\n\t\t\t<\/a>\n\t\t<\/div>\n\t\t<div class=\"button-in quickshop\"><a class=\"quickshop\" href=\"#\" data-product_id=\"16877\"><span class=\"ts-tooltip button-tooltip\">Quick View<\/span><\/a><\/div>\t\t<div class=\"button-in compare\">\n\t\t\t<a href=\"#\" class=\"ts-add-to-compare\" data-id=\"16877\">\n\t\t\t\t<span class=\"ts-tooltip button-tooltip\" data-title=\"Add to compare\">Compare<\/span>\n\t\t\t<\/a>\n\t\t<\/div>\n\t\t<\/div>\t\t<\/div>\r\n\t\t<div class=\"meta-wrapper\">\r\n\t\t\t<div class=\"product-categories\"><span>Categories: <\/span><a href=\"https:\/\/wedoback.com\/es\/product-category\/opciones\/\" rel=\"tag\">Opciones<\/a><\/div><h3 class=\"heading-title product-name\"><a href=\"https:\/\/wedoback.com\/es\/produit\/restauracion-rapida-en-caso-de-catastrofe\/\">Restauraci\u00f3n r\u00e1pida en caso de cat\u00e1strofe<\/a><\/h3>\n\t<span class=\"price\"><span class=\"from\">Desde: <\/span><span class=\"woocommerce-Price-amount amount\"><bdi>15,00&nbsp;<span class=\"woocommerce-Price-currencySymbol\">&euro;<\/span><\/bdi><\/span> <span class=\"subscription-details\"> \/ mes<\/span><\/span>\n<div class=\"product-group-button-meta\"><div class=\"loop-add-to-cart\"><a href=\"https:\/\/wedoback.com\/es\/produit\/restauracion-rapida-en-caso-de-catastrofe\/\" data-quantity=\"1\" class=\"button product_type_variable-subscription add_to_cart_button\" data-product_id=\"16877\" data-product_sku=\"\" aria-label=\"Elige las opciones para &ldquo;Restauraci\u00f3n r\u00e1pida en caso de cat\u00e1strofe&rdquo;\" rel=\"nofollow\"><span class=\"ts-tooltip button-tooltip\">Seleccionar opciones<\/span><\/a><\/div>\t<div class=\"short-description grid\">\n\t\tBenef\u00edciate de una copia de seguridad archivada de tus sistemas para poder restaurarlos r\u00e1pidamente en\t<\/div>\n\t<\/div>\t\t<\/div>\r\n\t<\/div>\r\n<\/section><\/div>\t\t\t\t\n\t\t\t<\/div>\n\t\t\t\n\t\t\t\t\t\t\n\t\t<\/div>\n\t\t\t\t\t\t<\/div>\n\t\t\t\t<\/div>\n\t\t\t\t\t<\/div>\n\t\t\t\t<\/div>\n\t\t\t\t<\/div>\n\t\t","protected":false},"excerpt":{"rendered":"<p>oferta INMUABLE \u00bfTienes documentos sensibles o que necesitas conservar pase lo que pase? WeDoBack Inmutable garantiza la integridad de tus datos protegi\u00e9ndolos contra la manipulaci\u00f3n, el borrado malintencionado y los ataques de ransomware. Gracias a la tecnolog\u00eda WORM (Write Once, Read Many), tu informaci\u00f3n permanece a prueba de manipulaciones, conforme a las normas m\u00e1s estrictas [&hellip;]<\/p>\n","protected":false},"author":1,"featured_media":0,"parent":0,"menu_order":0,"comment_status":"closed","ping_status":"closed","template":"elementor_header_footer","meta":{"om_disable_all_campaigns":false,"_monsterinsights_skip_tracking":false,"_monsterinsights_sitenote_active":false,"_monsterinsights_sitenote_note":"","_monsterinsights_sitenote_category":0,"footnotes":""},"class_list":["post-15976","page","type-page","status-publish","hentry"],"aioseo_notices":[],"_links":{"self":[{"href":"https:\/\/wedoback.com\/es\/wp-json\/wp\/v2\/pages\/15976","targetHints":{"allow":["GET"]}}],"collection":[{"href":"https:\/\/wedoback.com\/es\/wp-json\/wp\/v2\/pages"}],"about":[{"href":"https:\/\/wedoback.com\/es\/wp-json\/wp\/v2\/types\/page"}],"author":[{"embeddable":true,"href":"https:\/\/wedoback.com\/es\/wp-json\/wp\/v2\/users\/1"}],"replies":[{"embeddable":true,"href":"https:\/\/wedoback.com\/es\/wp-json\/wp\/v2\/comments?post=15976"}],"version-history":[{"count":0,"href":"https:\/\/wedoback.com\/es\/wp-json\/wp\/v2\/pages\/15976\/revisions"}],"wp:attachment":[{"href":"https:\/\/wedoback.com\/es\/wp-json\/wp\/v2\/media?parent=15976"}],"curies":[{"name":"wp","href":"https:\/\/api.w.org\/{rel}","templated":true}]}}