{"id":15959,"date":"2024-07-09T13:22:41","date_gmt":"2024-07-09T11:22:41","guid":{"rendered":"https:\/\/www.wedoback.net\/condiciones-de-uso\/"},"modified":"2025-05-04T12:00:10","modified_gmt":"2025-05-04T10:00:10","slug":"condiciones-de-uso","status":"publish","type":"page","link":"https:\/\/wedoback.com\/es\/condiciones-de-uso\/","title":{"rendered":"Informaci\u00f3n legal"},"content":{"rendered":"\t\t<div data-elementor-type=\"wp-page\" data-elementor-id=\"15959\" class=\"elementor elementor-15959\" data-elementor-settings=\"{&quot;ha_cmc_init_switcher&quot;:&quot;no&quot;}\" data-elementor-post-type=\"page\">\n\t\t\t\t<div class=\"elementor-element elementor-element-dc8d437 e-flex e-con-boxed e-con e-parent\" data-id=\"dc8d437\" data-element_type=\"container\" data-e-type=\"container\" data-settings=\"{&quot;_ha_eqh_enable&quot;:false}\">\n\t\t\t\t\t<div class=\"e-con-inner\">\n\t\t\t\t<div class=\"elementor-element elementor-element-66d6251 elementor-widget elementor-widget-text-editor\" data-id=\"66d6251\" data-element_type=\"widget\" data-e-type=\"widget\" data-widget_type=\"text-editor.default\">\n\t\t\t\t<div class=\"elementor-widget-container\">\n\t\t\t\t\t\t\t\t\t<h4>Los avisos legales que se aplican a todos los usuarios de Internet que visitan este sitio<\/h4><p>La mera consulta o visita de este sitio implica la aceptaci\u00f3n sin reservas de estos t\u00e9rminos.<\/p><p>Ten en cuenta que estos avisos legales pueden modificarse en cualquier momento sin previo aviso.<\/p><p>De conformidad con la Ley francesa sobre la Econom\u00eda Digital (LEN), ley n\u00ba 2004-275 para la confianza en la econom\u00eda digital, aqu\u00ed tienes los datos de contacto del editor de este sitio web:<\/p><h6>EDITOR DEL SITIO<\/h6><p><br><br><br>DEDICACE SOFTWARE 4, ROUTE DE LA COTE A BOURNET 16440 MOUTHIERS SUR BOEME FRANCIA<\/p><p>Representante legal: M. DESEE Simon,<\/p><p>Presidente de SAS D\u00e9dicace Software<\/p><p>Forma parte del grupo Pioneer Humani, responsable de la representaci\u00f3n, promoci\u00f3n, venta y suministro de servicios inform\u00e1ticos CyberWall en Europa.<\/p><p>Fuera de Europa, estas actividades son realizadas directamente por Pioneer Humani o por sus centros regionales y sus filiales, seg\u00fan la regi\u00f3n de que se trate.<\/p><p>La facturaci\u00f3n tambi\u00e9n la realiza la entidad del Grupo responsable de la ubicaci\u00f3n del cliente.<\/p><p><span style=\"color: inherit; font-size: 18px; font-weight: bold; letter-spacing: 0.45px;\">DISPONIBILIDAD Y CONTENIDO DEL SITIO<\/span><\/p><p>D\u00e9dicace Software no se hace responsable en caso de inaccesibilidad o de cualquier dificultad que pueda surgir al consultar este sitio.<\/p><p>El visitante reconoce que los fallos inherentes a la red Internet pueden dificultar o incluso imposibilitar el acceso a este sitio.<\/p><p>D\u00e9dicace Software se esfuerza por mantener actualizados los datos y explicaciones presentados en su sitio web.<\/p><p>Sin embargo, el visitante reconoce que las actualizaciones pueden tardar alg\u00fan tiempo en formatearse y tenerse en cuenta en este sitio.<\/p><h6>ANFITRI\u00d3N DEL SITIO<\/h6><p><br><br><br><br>SCALEWAY SAS BP 438 75366 Par\u00eds CEDEX 08 FRANCIA http:\/\/www.scaleway.net<\/p><h6>PROPIEDAD INTELECTUAL<\/h6><p>El sitio web www.wedoback.com es propiedad y est\u00e1 gestionado por el grupo Pioneer Humani, a trav\u00e9s de su filial D\u00e9dicace Software SAS, en adelante &#8220;D\u00e9dicace Software&#8221;. Todos los elementos, incluidos (sin que esta lista sea exhaustiva), ilustraciones, textos, v\u00eddeos y otros sitios indicados en todas las p\u00e1ginas est\u00e1n protegidos por la legislaci\u00f3n vigente en materia de propiedad intelectual. Son propiedad de D\u00e9dicace Software o est\u00e1n sujetos a autorizaci\u00f3n expresa de uso.  <\/p><p>Ninguna parte de este sitio web puede ser duplicada, copiada, reproducida, modificada, republicada, utilizada, transmitida, distribuida, etc. de ninguna manera, en su totalidad o en parte, en ning\u00fan medio, sin el permiso por escrito de WeDoBack.<\/p><p>WeDoBack se reserva el derecho de emprender todas las acciones legales necesarias en caso de infracci\u00f3n o incumplimiento de sus derechos de propiedad intelectual.<\/p><p>Las marcas de este sitio web est\u00e1n registradas por las empresas propietarias de las mismas.<\/p><h6><span style=\"color: inherit; letter-spacing: 0.45px;\">INFORMACI\u00d3N RELATIVA A LAS COOKIES<\/span><\/h6><p><strong>\u00bfQu\u00e9 son las cookies y para qu\u00e9 se utilizan?<\/strong><\/p><p>Una cookie es un archivo de texto que puede almacenarse, en funci\u00f3n de tus elecciones, en un espacio dedicado del disco duro de tu terminal (ordenador, tableta, etc.) cuando consultas un servicio en l\u00ednea utilizando el software de tu navegador.<\/p><p>Es transmitida por un servidor del sitio web a tu navegador. A cada cookie se le asigna un identificador an\u00f3nimo. <\/p><p>El archivo cookie permite a su emisor identificar el terminal en el que se almacena durante el periodo de validez o almacenamiento de la cookie en cuesti\u00f3n.<\/p><p>Una cookie no puede ser rastreada hasta un individuo.<\/p><p><strong>\u00bfQu\u00e9 tipos de cookies se colocan en nuestro sitio web?<\/strong><\/p><p>Este sitio utiliza cookies s\u00f3lo para su correcto funcionamiento.<\/p><p>Se utilizan para recordar tus preferencias de navegaci\u00f3n y el idioma de visualizaci\u00f3n que elijas.<\/p><p>No se utilizan cookies de terceros ni se transmite informaci\u00f3n a terceros.<\/p><p>Tambi\u00e9n utilizamos nuestro propio servidor de estad\u00edsticas para evaluar la relevancia del contenido de nuestro sitio.<\/p>\t\t\t\t\t\t\t\t<\/div>\n\t\t\t\t<\/div>\n\t\t\t\t\t<\/div>\n\t\t\t\t<\/div>\n\t\t\t\t<\/div>\n\t\t","protected":false},"excerpt":{"rendered":"<p>Los avisos legales que se aplican a todos los usuarios de Internet que visitan este sitio La mera consulta o visita de este sitio implica la aceptaci\u00f3n sin reservas de estos t\u00e9rminos. Ten en cuenta que estos avisos legales pueden modificarse en cualquier momento sin previo aviso. De conformidad con la Ley francesa sobre la [&hellip;]<\/p>\n","protected":false},"author":1,"featured_media":0,"parent":0,"menu_order":0,"comment_status":"closed","ping_status":"closed","template":"","meta":{"om_disable_all_campaigns":false,"_monsterinsights_skip_tracking":false,"_monsterinsights_sitenote_active":false,"_monsterinsights_sitenote_note":"","_monsterinsights_sitenote_category":0,"footnotes":""},"class_list":["post-15959","page","type-page","status-publish","hentry"],"aioseo_notices":[],"_links":{"self":[{"href":"https:\/\/wedoback.com\/es\/wp-json\/wp\/v2\/pages\/15959","targetHints":{"allow":["GET"]}}],"collection":[{"href":"https:\/\/wedoback.com\/es\/wp-json\/wp\/v2\/pages"}],"about":[{"href":"https:\/\/wedoback.com\/es\/wp-json\/wp\/v2\/types\/page"}],"author":[{"embeddable":true,"href":"https:\/\/wedoback.com\/es\/wp-json\/wp\/v2\/users\/1"}],"replies":[{"embeddable":true,"href":"https:\/\/wedoback.com\/es\/wp-json\/wp\/v2\/comments?post=15959"}],"version-history":[{"count":0,"href":"https:\/\/wedoback.com\/es\/wp-json\/wp\/v2\/pages\/15959\/revisions"}],"wp:attachment":[{"href":"https:\/\/wedoback.com\/es\/wp-json\/wp\/v2\/media?parent=15959"}],"curies":[{"name":"wp","href":"https:\/\/api.w.org\/{rel}","templated":true}]}}