{"id":18193,"date":"2024-06-24T12:11:46","date_gmt":"2024-06-24T10:11:46","guid":{"rendered":"https:\/\/www.wedoback.net\/produit\/integral-lagerung\/"},"modified":"2025-05-04T12:01:32","modified_gmt":"2025-05-04T10:01:32","slug":"integral-lagerung","status":"publish","type":"product","link":"https:\/\/wedoback.com\/de\/produit\/integral-lagerung\/","title":{"rendered":"INTEGRAL-Lagerung"},"content":{"rendered":"<p><strong><u>Speicherkosten werden pro TB (Terabyte) berechnet, wobei die Preise nach Volumen gestaffelt sind.<\/u><\/strong><\/p>\n<p>Mit WeDoBack INTEGRAL erhalten Sie eine Premium-Backup-L\u00f6sung, die entwickelt wurde, um Ihre Daten zu sch\u00fctzen und Ihnen gleichzeitig einen hochwertigen technischen Support zu bieten. Ob Sie ein Unternehmen oder ein anspruchsvoller Nutzer sind, INTEGRAL ist die ideale L\u00f6sung, um die Sicherheit Ihrer Dateien, Server, E-Mails und anderer kritischer Inhalte zu gew\u00e4hrleisten, mit einem engagierten Support, der Ihnen bei jedem Schritt zur Seite steht. <\/p>\n<p><strong>Backup ohne Kompromisse<\/strong><br \/>\nWeDoBack INTEGRAL unterst\u00fctzt alle Ihre Backup-Bed\u00fcrfnisse: Dateien, Ordner, komplette Server, Workstations, NAS und sogar Ihre gesch\u00e4ftlichen E-Mail-Konten wie Microsoft 365 oder Google Workspace. Dieses Angebot erm\u00f6glicht Ihnen die Sicherung von allem, was wichtig ist, innerhalb der Grenzen des Speichervolumens und der bestellten Agenten. <\/p>\n<p><strong>Monatlicher technischer Support inklusive<\/strong><br \/>\nMit WeDoBack INTEGRAL sind Sie nie allein mit Ihren technischen Herausforderungen. Sie erhalten **2 Stunden Support pro Monat**, damit Sie schnell und effizient Hilfe bei der Einrichtung, Verwaltung und Wiederherstellung Ihrer Backups erhalten. <\/p>\n<p><strong>Verbesserter Datenschutz<\/strong><br \/>\nIhre Daten werden an der Quelle verschl\u00fcsselt, um eine absolute Vertraulichkeit zu gew\u00e4hrleisten. Diese fortschrittliche Verschl\u00fcsselung in Verbindung mit sicheren Servern, die sich ausschlie\u00dflich in Europa befinden, sch\u00fctzt Ihre Daten vor Bedrohungen und unberechtigtem Zugriff. <\/p>\n<p><strong>Vereinfachte Verwaltung und maximale Flexibilit\u00e4t<\/strong><br \/>\nWeDoBack INTEGRAL erm\u00f6glicht es Ihnen, Ihre Backups einfach anzupassen und zu verwalten. Planung, Auswahl der zu sichernden Daten oder Wiederherstellung: alles ist \u00fcber eine benutzerfreundliche Schnittstelle zug\u00e4nglich, die Ihren Alltag vereinfacht. Die einstellbare Aufbewahrungszeit erm\u00f6glicht es Ihnen, die Nutzung Ihres Speichers nach Ihren Bed\u00fcrfnissen zu optimieren.  <\/p>\n<p><strong>Sichere und leistungsf\u00e4hige Infrastruktur<\/strong><br \/>\nIhre Daten werden auf dedizierten Servern gespeichert, die sich in europ\u00e4ischen Hosting-Zentren befinden, die von Ihrer Produktionsinfrastruktur getrennt sind. Diese Server werden regelm\u00e4\u00dfig erneuert, um eine maximale Verf\u00fcgbarkeit und Sicherheit zu gew\u00e4hrleisten. <\/p>\n<p><strong>Eine L\u00f6sung f\u00fcr mehr<\/strong><br \/>\nZus\u00e4tzlich zu den Standard-Backup-Funktionen bietet WeDoBack INTEGRAL die M\u00f6glichkeit, erweiterte Optionen wie &#8220;Disaster Recovery&#8221; zu buchen, die eine schnelle und vollst\u00e4ndige Wiederherstellung Ihrer Systeme im Falle eines Vorfalls erm\u00f6glichen.<\/p>\n<p>Entscheiden Sie sich <strong>f\u00fcr Ruhe mit WeDoBack INTEGRAL<\/strong><br \/>\n\u00dcberlassen Sie nichts dem Zufall: Entscheiden Sie sich f\u00fcr eine komplette, sichere und unterst\u00fctzte L\u00f6sung mit WeDoBack INTEGRAL. Sch\u00fctzen Sie Ihre Daten und profitieren Sie von einem engagierten technischen Support f\u00fcr ein reibungsloses Backup-Erlebnis. <\/p>\n","protected":false},"excerpt":{"rendered":"<p>Mit WeDoBack INTEGRAL erhalten Sie eine Premium-Backup-L\u00f6sung, die entwickelt wurde, um Ihre Daten zu sch\u00fctzen und Ihnen gleichzeitig einen hochwertigen technischen Support zu bieten. Ob Sie ein Unternehmen oder ein anspruchsvoller Nutzer sind, INTEGRAL ist die ideale L\u00f6sung, um die Sicherheit Ihrer Dateien, Server, E-Mails und anderer kritischer Inhalte zu gew\u00e4hrleisten, mit einem engagierten Support, der Ihnen bei jedem Schritt zur Seite steht. <\/p>\n","protected":false},"featured_media":19664,"template":"","meta":{"om_disable_all_campaigns":false,"_monsterinsights_skip_tracking":false,"_monsterinsights_sitenote_active":false,"_monsterinsights_sitenote_note":"","_monsterinsights_sitenote_category":0},"product_brand":[],"product_cat":[1067,1066],"product_tag":[],"class_list":{"0":"post-18193","1":"product","2":"type-product","3":"status-publish","4":"has-post-thumbnail","6":"product_cat-lagerung","7":"product_cat-sicherung","9":"first","10":"instock","11":"taxable","12":"shipping-taxable","13":"purchasable","14":"product-type-variable-subscription"},"aioseo_notices":[],"subscription_discounts_type":"fixed","fixed_subscription_discounts":[],"subscription_discounts_product_settings":{"layout":"default","default_variation":null},"subscription_discounts_roles_data":[],"percentage_subscription_discounts":[],"_links":{"self":[{"href":"https:\/\/wedoback.com\/de\/wp-json\/wp\/v2\/product\/18193","targetHints":{"allow":["GET"]}}],"collection":[{"href":"https:\/\/wedoback.com\/de\/wp-json\/wp\/v2\/product"}],"about":[{"href":"https:\/\/wedoback.com\/de\/wp-json\/wp\/v2\/types\/product"}],"wp:featuredmedia":[{"embeddable":true,"href":"https:\/\/wedoback.com\/de\/wp-json\/wp\/v2\/media\/19664"}],"wp:attachment":[{"href":"https:\/\/wedoback.com\/de\/wp-json\/wp\/v2\/media?parent=18193"}],"wp:term":[{"taxonomy":"product_brand","embeddable":true,"href":"https:\/\/wedoback.com\/de\/wp-json\/wp\/v2\/product_brand?post=18193"},{"taxonomy":"product_cat","embeddable":true,"href":"https:\/\/wedoback.com\/de\/wp-json\/wp\/v2\/product_cat?post=18193"},{"taxonomy":"product_tag","embeddable":true,"href":"https:\/\/wedoback.com\/de\/wp-json\/wp\/v2\/product_tag?post=18193"}],"curies":[{"name":"wp","href":"https:\/\/api.w.org\/{rel}","templated":true}]}}