{"id":18190,"date":"2024-06-24T16:23:23","date_gmt":"2024-06-24T14:23:23","guid":{"rendered":"https:\/\/www.wedoback.net\/produit\/smart-angebot\/"},"modified":"2025-05-04T12:01:32","modified_gmt":"2025-05-04T10:01:32","slug":"smart-angebot","status":"publish","type":"product","link":"https:\/\/wedoback.com\/de\/produit\/smart-angebot\/","title":{"rendered":"SMART-Angebot"},"content":{"rendered":"<p>WeDoBack SMART ist mehr als eine einfache Backup-L\u00f6sung: Es ist eine Garantie f\u00fcr den Schutz Ihrer Daten, die auf Ihre Bed\u00fcrfnisse zugeschnitten ist und die Anforderungen der DSGVO erf\u00fcllt. Diese L\u00f6sung ist zuverl\u00e4ssig, leistungsstark und kosteng\u00fcnstig und bietet Ihnen eine effiziente Datensicherung unter Wahrung der Vertraulichkeit Ihrer Daten. <\/p>\n<p><strong>Gezieltes und leistungsstarkes Backup<\/strong><br \/>\nMit WeDoBack SMART werden Ihre Dateien, Ordner, Server, Arbeitsstationen oder NAS unterst\u00fctzt, um Ihre wichtigsten Daten optimal zu sch\u00fctzen. Sie erhalten eine flexible und einfach zu konfigurierende L\u00f6sung, die auf Ihre spezifischen Anforderungen zugeschnitten ist. <\/p>\n<p><strong>Datenschutz und Datensicherheit<\/strong><br \/>\nDer Schutz Ihrer Daten ist das Herzst\u00fcck von WeDoBack SMART. Durch eine Verschl\u00fcsselung direkt an der Quelle sind Ihre Daten bereits vor der \u00dcbertragung auf unsere sicheren Server gesch\u00fctzt. Der Verschl\u00fcsselungsschl\u00fcssel, der sich ausschlie\u00dflich in Ihrem Besitz befindet, garantiert absoluten Schutz vor unberechtigtem Zugriff.  <\/p>\n<p><strong>Selbstst\u00e4ndige und reibungslose Verwaltung<\/strong><br \/>\nMit dem WeDoBack SMART-Agenten auf Ihren Servern behalten Sie die volle Kontrolle \u00fcber Ihre Backups. Ob Sie Dateien ausw\u00e4hlen, Aufgaben planen oder Daten wiederherstellen, alle Funktionen sind \u00fcber eine intuitive Benutzeroberfl\u00e4che zug\u00e4nglich, die die Verwaltung einfach und effizient macht. <\/p>\n<p><strong>Flexibilit\u00e4t bei der Datenaufbewahrung<\/strong><br \/>\nWeDoBack SMART erm\u00f6glicht es Ihnen, die Dauer der Datenaufbewahrung an Ihre Bed\u00fcrfnisse anzupassen. Dies hilft Ihnen, die Nutzung Ihres Speicherplatzes zu optimieren und gleichzeitig einen kontinuierlichen Schutz zu gew\u00e4hrleisten. <\/p>\n<p><strong>Eine robuste, europ\u00e4ische Infrastruktur<\/strong><br \/>\nIhre Daten werden auf physischen Servern gespeichert, die ausschlie\u00dflich f\u00fcr die Datensicherung bestimmt sind und sich ausschlie\u00dflich in Europa befinden, in Hosting-Zentren, die von Ihrer Produktion getrennt sind. Unsere Server werden regelm\u00e4\u00dfig erneuert, um eine dauerhafte Sicherheit und Leistung zu gew\u00e4hrleisten. <\/p>\n<p><strong>Vervollst\u00e4ndigen Sie Ihren Schutz mit WeDoBack INTEGRAL<\/strong><br \/>\nF\u00fcr noch mehr Sicherheit beinhaltet WeDoBack INTEGRAL einen speziellen technischen Support, damit Sie sich noch mehr Sorgen machen k\u00f6nnen.<\/p>\n<p><strong>Vertrauen Sie auf WeDoBack SMART<\/strong><br \/>\nLassen Sie Ihre Daten nicht l\u00e4nger verwundbar sein: W\u00e4hlen Sie mit WeDoBack SMART eine zuverl\u00e4ssige, sichere und auf Ihre Bed\u00fcrfnisse zugeschnittene Backup-L\u00f6sung.<\/p>\n","protected":false},"excerpt":{"rendered":"<p>WeDoBack SMART ist mehr als eine einfache Backup-L\u00f6sung: Es ist eine Garantie f\u00fcr den Schutz Ihrer Daten, die auf Ihre Bed\u00fcrfnisse zugeschnitten ist und die Anforderungen der DSGVO erf\u00fcllt. Diese L\u00f6sung ist zuverl\u00e4ssig, leistungsstark und kosteng\u00fcnstig und bietet Ihnen eine effiziente Datensicherung unter Wahrung der Vertraulichkeit Ihrer Daten. <\/p>\n<p>Vermarktet in Einheiten von 1 TB.<\/p>\n","protected":false},"featured_media":18430,"template":"","meta":{"om_disable_all_campaigns":false,"_monsterinsights_skip_tracking":false,"_monsterinsights_sitenote_active":false,"_monsterinsights_sitenote_note":"","_monsterinsights_sitenote_category":0},"product_brand":[],"product_cat":[1067,1066],"product_tag":[],"class_list":{"0":"post-18190","1":"product","2":"type-product","3":"status-publish","4":"has-post-thumbnail","6":"product_cat-lagerung","7":"product_cat-sicherung","9":"first","10":"instock","11":"virtual","12":"taxable","13":"purchasable","14":"product-type-subscription"},"aioseo_notices":[],"subscription_discounts_type":"fixed","fixed_subscription_discounts":[],"subscription_discounts_product_settings":{"layout":"default","default_variation":null},"subscription_discounts_roles_data":[],"percentage_subscription_discounts":[],"_links":{"self":[{"href":"https:\/\/wedoback.com\/de\/wp-json\/wp\/v2\/product\/18190","targetHints":{"allow":["GET"]}}],"collection":[{"href":"https:\/\/wedoback.com\/de\/wp-json\/wp\/v2\/product"}],"about":[{"href":"https:\/\/wedoback.com\/de\/wp-json\/wp\/v2\/types\/product"}],"wp:featuredmedia":[{"embeddable":true,"href":"https:\/\/wedoback.com\/de\/wp-json\/wp\/v2\/media\/18430"}],"wp:attachment":[{"href":"https:\/\/wedoback.com\/de\/wp-json\/wp\/v2\/media?parent=18190"}],"wp:term":[{"taxonomy":"product_brand","embeddable":true,"href":"https:\/\/wedoback.com\/de\/wp-json\/wp\/v2\/product_brand?post=18190"},{"taxonomy":"product_cat","embeddable":true,"href":"https:\/\/wedoback.com\/de\/wp-json\/wp\/v2\/product_cat?post=18190"},{"taxonomy":"product_tag","embeddable":true,"href":"https:\/\/wedoback.com\/de\/wp-json\/wp\/v2\/product_tag?post=18190"}],"curies":[{"name":"wp","href":"https:\/\/api.w.org\/{rel}","templated":true}]}}