{"id":18177,"date":"2024-06-24T16:31:27","date_gmt":"2024-06-24T14:31:27","guid":{"rendered":"https:\/\/www.wedoback.net\/produit\/unveraenderliche-speicherung\/"},"modified":"2024-06-24T16:31:27","modified_gmt":"2024-06-24T14:31:27","slug":"unveraenderliche-speicherung","status":"publish","type":"product","link":"https:\/\/wedoback.com\/de\/produit\/unveraenderliche-speicherung\/","title":{"rendered":"Unver\u00e4nderliche Speicherung"},"content":{"rendered":"","protected":false},"excerpt":{"rendered":"<p>Entscheiden Sie sich f\u00fcr WeDoBack Immutable und stellen Sie sicher, dass Ihre kritischsten Daten intakt und sicher bleiben.<br \/>\nDiese fortschrittliche, unver\u00e4nderliche Speicherl\u00f6sung wurde entwickelt, um die Bed\u00fcrfnisse von Unternehmen zu erf\u00fcllen, die auf Sicherheit und Einhaltung gesetzlicher Vorschriften bedacht sind. <\/p>\n<p>WeDoBack Immuable garantiert die Integrit\u00e4t Ihrer Daten, indem es sie vor Manipulation, b\u00f6swilliger L\u00f6schung und Ransomware-Angriffen sch\u00fctzt.<br \/>\nMit der WORM-Technologie (Write Once, Read Many) bleiben Ihre Daten unver\u00e4nderbar, entsprechen den h\u00f6chsten Standards und sind vor unberechtigtem Zugriff gesichert. <\/p>\n<p>Diese L\u00f6sung erh\u00f6ht auch die Sicherheit Ihrer Daten, indem sie vor internen und externen Bedrohungen sch\u00fctzt und sicherstellt, dass nur autorisierte Personen darauf zugreifen k\u00f6nnen.<br \/>\nSie k\u00f6nnen spezifische Aufbewahrungsfristen f\u00fcr Ihre Backups festlegen, die auf Ihre speziellen Bed\u00fcrfnisse zugeschnitten sind, und so eine flexible und effiziente Verwaltung Ihrer kritischen Informationen sicherstellen.<br \/>\nW\u00e4hlen Sie WeDoBack Immutable, wenn Sie sich v\u00f6llig sicher sein wollen, dass Ihre sensiblen Daten streng und dauerhaft vor Manipulation oder unberechtigtem L\u00f6schen gesch\u00fctzt sind. <\/p>\n","protected":false},"featured_media":19694,"template":"","meta":{"om_disable_all_campaigns":false,"_monsterinsights_skip_tracking":false,"_monsterinsights_sitenote_active":false,"_monsterinsights_sitenote_note":"","_monsterinsights_sitenote_category":0},"product_brand":[],"product_cat":[1067,1062],"product_tag":[],"class_list":{"0":"post-18177","1":"product","2":"type-product","3":"status-publish","4":"has-post-thumbnail","6":"product_cat-lagerung","7":"product_cat-unveranderlich","9":"first","10":"instock","11":"taxable","12":"shipping-taxable","13":"purchasable","14":"product-type-variable-subscription"},"aioseo_notices":[],"subscription_discounts_type":"fixed","fixed_subscription_discounts":[],"subscription_discounts_product_settings":{"layout":"default","default_variation":null},"subscription_discounts_roles_data":[],"percentage_subscription_discounts":[],"_links":{"self":[{"href":"https:\/\/wedoback.com\/de\/wp-json\/wp\/v2\/product\/18177","targetHints":{"allow":["GET"]}}],"collection":[{"href":"https:\/\/wedoback.com\/de\/wp-json\/wp\/v2\/product"}],"about":[{"href":"https:\/\/wedoback.com\/de\/wp-json\/wp\/v2\/types\/product"}],"wp:featuredmedia":[{"embeddable":true,"href":"https:\/\/wedoback.com\/de\/wp-json\/wp\/v2\/media\/19694"}],"wp:attachment":[{"href":"https:\/\/wedoback.com\/de\/wp-json\/wp\/v2\/media?parent=18177"}],"wp:term":[{"taxonomy":"product_brand","embeddable":true,"href":"https:\/\/wedoback.com\/de\/wp-json\/wp\/v2\/product_brand?post=18177"},{"taxonomy":"product_cat","embeddable":true,"href":"https:\/\/wedoback.com\/de\/wp-json\/wp\/v2\/product_cat?post=18177"},{"taxonomy":"product_tag","embeddable":true,"href":"https:\/\/wedoback.com\/de\/wp-json\/wp\/v2\/product_tag?post=18177"}],"curies":[{"name":"wp","href":"https:\/\/api.w.org\/{rel}","templated":true}]}}