{"id":18116,"date":"2024-06-28T07:44:24","date_gmt":"2024-06-28T05:44:24","guid":{"rendered":"https:\/\/www.wedoback.net\/produit\/arten-von-pra-instanzen\/"},"modified":"2024-06-28T07:44:24","modified_gmt":"2024-06-28T05:44:24","slug":"arten-von-pra-instanzen","status":"publish","type":"product","link":"https:\/\/wedoback.com\/de\/produit\/arten-von-pra-instanzen\/","title":{"rendered":"Arten von PRA-Instanzen"},"content":{"rendered":"","protected":false},"excerpt":{"rendered":"<p>Bestellen Sie hier <strong>die verschiedenen Arten von Instanzen (und deren Anzahl)<\/strong>, die Sie ben\u00f6tigen, um Ihre Dienste in der PRA zu betreiben. Automatische Funktionstests werden jeden Monat durchgef\u00fchrt, um zu best\u00e4tigen, dass Ihre Instanzen jederzeit bereit sind, in den Notfallmodus zu wechseln. Wenn Sie Tests unter realen Bedingungen f\u00fcr die Aktivierung Ihrer PRA durchf\u00fchren m\u00f6chten, fordern Sie ein ma\u00dfgeschneidertes Angebot an. Die Tests unter realen Bedingungen k\u00f6nnen f\u00fcr eine Dauer von bis zu 10 Stunden geplant werden. <u>Zur Erinnerung: Die Aktivierung Ihrer Instanzen im Notfallmodus (Start des PRA au\u00dferhalb der Konformit\u00e4tstests) wird Ihnen gem\u00e4\u00df der hier angegebenen Preisliste in Rechnung gestellt<\/u>.<\/p>\n","protected":false},"featured_media":19654,"template":"","meta":{"om_disable_all_campaigns":false,"_monsterinsights_skip_tracking":false,"_monsterinsights_sitenote_active":false,"_monsterinsights_sitenote_note":"","_monsterinsights_sitenote_category":0},"product_brand":[],"product_cat":[1063,1072],"product_tag":[],"class_list":{"0":"post-18116","1":"product","2":"type-product","3":"status-publish","4":"has-post-thumbnail","6":"product_cat-instanzen","7":"product_cat-pra-de","9":"first","10":"instock","11":"taxable","12":"shipping-taxable","13":"purchasable","14":"product-type-variable-subscription"},"aioseo_notices":[],"subscription_discounts_type":"fixed","fixed_subscription_discounts":[],"subscription_discounts_product_settings":{"layout":"default","default_variation":null},"subscription_discounts_roles_data":[],"percentage_subscription_discounts":[],"_links":{"self":[{"href":"https:\/\/wedoback.com\/de\/wp-json\/wp\/v2\/product\/18116","targetHints":{"allow":["GET"]}}],"collection":[{"href":"https:\/\/wedoback.com\/de\/wp-json\/wp\/v2\/product"}],"about":[{"href":"https:\/\/wedoback.com\/de\/wp-json\/wp\/v2\/types\/product"}],"wp:featuredmedia":[{"embeddable":true,"href":"https:\/\/wedoback.com\/de\/wp-json\/wp\/v2\/media\/19654"}],"wp:attachment":[{"href":"https:\/\/wedoback.com\/de\/wp-json\/wp\/v2\/media?parent=18116"}],"wp:term":[{"taxonomy":"product_brand","embeddable":true,"href":"https:\/\/wedoback.com\/de\/wp-json\/wp\/v2\/product_brand?post=18116"},{"taxonomy":"product_cat","embeddable":true,"href":"https:\/\/wedoback.com\/de\/wp-json\/wp\/v2\/product_cat?post=18116"},{"taxonomy":"product_tag","embeddable":true,"href":"https:\/\/wedoback.com\/de\/wp-json\/wp\/v2\/product_tag?post=18116"}],"curies":[{"name":"wp","href":"https:\/\/api.w.org\/{rel}","templated":true}]}}