{"id":18108,"date":"2024-07-06T16:02:07","date_gmt":"2024-07-06T14:02:07","guid":{"rendered":"https:\/\/www.wedoback.net\/produit\/sicherheitskontrolle\/"},"modified":"2024-07-06T16:02:07","modified_gmt":"2024-07-06T14:02:07","slug":"sicherheitskontrolle","status":"publish","type":"product","link":"https:\/\/wedoback.com\/de\/produit\/sicherheitskontrolle\/","title":{"rendered":"Sicherheitskontrolle"},"content":{"rendered":"<p>Dank der <strong>Partnerschaft zwischen WeDoBack und den<a href=\"https:\/\/www.it-cyberwall.com\">Cybersicherheitsdiensten von IT CyberWall<\/a><\/strong> k\u00f6nnen wir unseren Kunden, die unser INTEGRAL-, PCA- oder PRA-Angebot abonniert haben, Sicherheitstools anbieten, mit denen sie ihre Daten sch\u00fctzen k\u00f6nnen! Sie werden von folgenden Vorteilen profitieren<\/p>\n<ul>\n<li><strong><u>Kontrolle der Endger\u00e4te<\/u><\/strong> Endpoint Control: Diese Funktion bietet eine genaue Kontrolle \u00fcber die Daten und Vorg\u00e4nge auf jedem gesch\u00fctzten Computer.<br \/>\nSie erkennt und verhindert die <strong>unerlaubte Einsichtnahme oder \u00dcbertragung<\/strong> von Daten \u00fcber verschiedene Kan\u00e4le, wie Wechselmedien, Drucker und virtuelle Ger\u00e4te. <\/li>\n<li><strong><u>Die Bewertung von Schwachstellen<\/u><\/strong><strong>Schwachstellenbewertung<\/strong>: Diese Funktion identifiziert, quantifiziert und priorisiert <strong>potenzielle Schwachstellen und L\u00fccken<\/strong>, die auf einer Maschine entdeckt wurden.<\/li>\n<\/ul>\n<p>Dieser kostenlose Service beschr\u00e4nkt sich jedoch auf die Analyse: Die automatische Verarbeitung dieser Updates ist eine kostenpflichtige Option von <strong><a href=\"https:\/\/www.it-cyberwall.com\">IT CyberWall<\/a><\/strong>.<\/p>\n<ul>\n<li><strong><u>Schutz vor Viren und Malware<\/u><\/strong> Diese Funktion <strong>\u00fcberwacht alle \u00c4nderungen<\/strong>, die an den Datendateien der Systeme <strong>vorgenommen<\/strong> werden. Ziel ist es, Angriffe durch Ransomware und ihre noch unbekannten Varianten zu identifizieren. Sie ist n\u00fctzlich f\u00fcr Systeme, die nicht mit einer qualifizierten Antivirus-L\u00f6sung ausgestattet sind, wie z.B. IT CyberWall&#8217;s SecuriPro.  <\/li>\n<\/ul>\n","protected":false},"excerpt":{"rendered":"<p>Dank der <strong>Partnerschaft zwischen WeDoBack und den Cybersecurity-Dienstleistungen von IT Cyber Security.<\/strong><a href=\"https:\/\/www.it-cyberwall.com\"><strong>IT CyberWall<\/strong><\/a>Wir freuen uns, unseren Kunden, die unser INTEGRAL- oder PRA-Angebot nutzen, Sicherheitstools anbieten zu k\u00f6nnen, mit denen sie ihre Daten sch\u00fctzen k\u00f6nnen. Sie werden von folgenden Vorteilen profitieren<\/p>\n<ul>\n<li><strong><u>Kontrolle der Endger\u00e4te<\/u><\/strong> Endpoint Control: Diese Funktion bietet eine genaue Kontrolle \u00fcber die Daten und Vorg\u00e4nge auf jedem gesch\u00fctzten Computer.<br \/>\nSie erkennt und verhindert die unerlaubte Einsichtnahme oder \u00dcbertragung von Daten \u00fcber verschiedene Kan\u00e4le, wie Wechselmedien, Drucker und virtuelle Ger\u00e4te. <\/li>\n<\/ul>\n<p>&nbsp;<\/p>\n<ul>\n<li><strong><u>Die Bewertung von Schwachstellen :<\/u><\/strong> Diese Funktion identifiziert, quantifiziert und priorisiert potenzielle Schwachstellen und L\u00fccken, die auf einem Rechner gefunden wurden. Dieser kostenlose Service beschr\u00e4nkt sich jedoch auf die Analyse: Die automatische Verarbeitung dieser Updates ist eine kostenpflichtige Option, die von IT CyberWall angeboten wird. <\/li>\n<\/ul>\n<p>&nbsp;<\/p>\n<ul>\n<li><strong><u>Schutz vor Viren und Malware :<\/u><\/strong> Diese Funktion \u00fcberwacht alle \u00c4nderungen, die an den Datendateien der Systeme vorgenommen werden. Ziel ist es, Angriffe durch Ransomware und ihre noch unbekannten Varianten zu identifizieren. Sie ist n\u00fctzlich f\u00fcr Systeme, die nicht mit einer qualifizierten Antivirus-L\u00f6sung ausgestattet sind, wie z.B. IT CyberWall&#8217;s SecuriPro.  <\/li>\n<\/ul>\n<p>&nbsp;<\/p>\n","protected":false},"featured_media":19649,"template":"","meta":{"om_disable_all_campaigns":false,"_monsterinsights_skip_tracking":false,"_monsterinsights_sitenote_active":false,"_monsterinsights_sitenote_note":"","_monsterinsights_sitenote_category":0},"product_brand":[],"product_cat":[1065],"product_tag":[],"class_list":{"0":"post-18108","1":"product","2":"type-product","3":"status-publish","4":"has-post-thumbnail","6":"product_cat-optionen","8":"first","9":"instock","10":"virtual","11":"taxable","12":"purchasable","13":"product-type-subscription"},"aioseo_notices":[],"subscription_discounts_type":"fixed","fixed_subscription_discounts":[],"subscription_discounts_product_settings":{"layout":"default","default_variation":null},"subscription_discounts_roles_data":[],"percentage_subscription_discounts":[],"_links":{"self":[{"href":"https:\/\/wedoback.com\/de\/wp-json\/wp\/v2\/product\/18108","targetHints":{"allow":["GET"]}}],"collection":[{"href":"https:\/\/wedoback.com\/de\/wp-json\/wp\/v2\/product"}],"about":[{"href":"https:\/\/wedoback.com\/de\/wp-json\/wp\/v2\/types\/product"}],"wp:featuredmedia":[{"embeddable":true,"href":"https:\/\/wedoback.com\/de\/wp-json\/wp\/v2\/media\/19649"}],"wp:attachment":[{"href":"https:\/\/wedoback.com\/de\/wp-json\/wp\/v2\/media?parent=18108"}],"wp:term":[{"taxonomy":"product_brand","embeddable":true,"href":"https:\/\/wedoback.com\/de\/wp-json\/wp\/v2\/product_brand?post=18108"},{"taxonomy":"product_cat","embeddable":true,"href":"https:\/\/wedoback.com\/de\/wp-json\/wp\/v2\/product_cat?post=18108"},{"taxonomy":"product_tag","embeddable":true,"href":"https:\/\/wedoback.com\/de\/wp-json\/wp\/v2\/product_tag?post=18108"}],"curies":[{"name":"wp","href":"https:\/\/api.w.org\/{rel}","templated":true}]}}