{"id":18105,"date":"2024-07-11T13:14:09","date_gmt":"2024-07-11T11:14:09","guid":{"rendered":"https:\/\/www.wedoback.net\/produit\/bereitstellung-durch-uns\/"},"modified":"2024-07-11T13:14:09","modified_gmt":"2024-07-11T11:14:09","slug":"bereitstellung-durch-uns","status":"publish","type":"product","link":"https:\/\/wedoback.com\/de\/produit\/bereitstellung-durch-uns\/","title":{"rendered":"Bereitstellung durch uns"},"content":{"rendered":"<p>Sie k\u00f6nnen die Hilfe eines unserer Techniker bei der Installation oder dem Einsatz Ihrer Agenten in Anspruch nehmen.<\/p>\n<p>Vollst\u00e4ndige oder teilweise Hilfe, je nach Bedarf.<\/p>\n<p>&nbsp;<\/p>\n","protected":false},"excerpt":{"rendered":"<p>Sie k\u00f6nnen von der Hilfe eines unserer Techniker bei der Installation oder dem Einsatz Ihrer Agenten profitieren. Wir unterst\u00fctzen Sie bei :<\/p>\n<ul>\n<li>Pr\u00fcfung aller potenziellen Risiken f\u00fcr Ihr Gesch\u00e4ft,<\/li>\n<li>die Ermittlung Ihres Bedarfs (Anwendungen, Daten, Infrastruktur)<\/li>\n<li>die Umsetzung Ihres Schutzplans<\/li>\n<\/ul>\n<p>&nbsp;<\/p>\n<p>Unsere Unterst\u00fctzung kann vollst\u00e4ndig oder teilweise sein, je nach Ihren W\u00fcnschen und den Ihnen zur Verf\u00fcgung stehenden Ressourcen.<\/p>\n<p><strong>Diese Unterst\u00fctzung wird pro Stunde zu 45 \u20ac ohne MwSt.\/Stunde berechnet.<br \/>\nJede angefangene Stunde ist voll zu bezahlen. <\/strong><\/p>\n<p>&nbsp;<\/p>\n","protected":false},"featured_media":19659,"template":"","meta":{"om_disable_all_campaigns":false,"_monsterinsights_skip_tracking":false,"_monsterinsights_sitenote_active":false,"_monsterinsights_sitenote_note":"","_monsterinsights_sitenote_category":0},"product_brand":[],"product_cat":[1065],"product_tag":[],"class_list":{"0":"post-18105","1":"product","2":"type-product","3":"status-publish","4":"has-post-thumbnail","6":"product_cat-optionen","8":"first","9":"instock","10":"virtual","11":"taxable","12":"purchasable","13":"product-type-simple"},"aioseo_notices":[],"subscription_discounts_type":"fixed","fixed_subscription_discounts":[],"subscription_discounts_product_settings":{"layout":"default","default_variation":null},"subscription_discounts_roles_data":[],"percentage_subscription_discounts":[],"_links":{"self":[{"href":"https:\/\/wedoback.com\/de\/wp-json\/wp\/v2\/product\/18105","targetHints":{"allow":["GET"]}}],"collection":[{"href":"https:\/\/wedoback.com\/de\/wp-json\/wp\/v2\/product"}],"about":[{"href":"https:\/\/wedoback.com\/de\/wp-json\/wp\/v2\/types\/product"}],"wp:featuredmedia":[{"embeddable":true,"href":"https:\/\/wedoback.com\/de\/wp-json\/wp\/v2\/media\/19659"}],"wp:attachment":[{"href":"https:\/\/wedoback.com\/de\/wp-json\/wp\/v2\/media?parent=18105"}],"wp:term":[{"taxonomy":"product_brand","embeddable":true,"href":"https:\/\/wedoback.com\/de\/wp-json\/wp\/v2\/product_brand?post=18105"},{"taxonomy":"product_cat","embeddable":true,"href":"https:\/\/wedoback.com\/de\/wp-json\/wp\/v2\/product_cat?post=18105"},{"taxonomy":"product_tag","embeddable":true,"href":"https:\/\/wedoback.com\/de\/wp-json\/wp\/v2\/product_tag?post=18105"}],"curies":[{"name":"wp","href":"https:\/\/api.w.org\/{rel}","templated":true}]}}