{"id":18095,"date":"2024-07-17T18:40:11","date_gmt":"2024-07-17T16:40:11","guid":{"rendered":"https:\/\/www.wedoback.net\/produit\/pca-instanzen\/"},"modified":"2024-07-17T18:40:11","modified_gmt":"2024-07-17T16:40:11","slug":"pca-instanzen","status":"publish","type":"product","link":"https:\/\/wedoback.com\/de\/produit\/pca-instanzen\/","title":{"rendered":"PCA Instanzen"},"content":{"rendered":"<p>PCA-Instanzen sind st\u00e4ndig verf\u00fcgbare Cloud-Server, die sofort einspringen, wenn einer Ihrer Server ausf\u00e4llt.<\/p>\n<p>Bestellen Sie hier <strong>die verschiedenen Arten von Instanzen (und deren Anzahl)<\/strong>, die Sie ben\u00f6tigen, um Ihr Gesch\u00e4ft im Katastrophenfall aufrecht zu erhalten.<\/p>\n<p>&nbsp;<\/p>\n","protected":false},"excerpt":{"rendered":"<p>Bestellen Sie hier die <strong>verschiedenen Arten von Instanzen (und deren Anzahl)<\/strong>, die Sie ben\u00f6tigen, um Ihr Gesch\u00e4ft im Katastrophenfall aufrechtzuerhalten.<\/p>\n<p>&nbsp;<\/p>\n","protected":false},"featured_media":19669,"template":"","meta":{"om_disable_all_campaigns":false,"_monsterinsights_skip_tracking":false,"_monsterinsights_sitenote_active":false,"_monsterinsights_sitenote_note":"","_monsterinsights_sitenote_category":0},"product_brand":[],"product_cat":[1063,1073],"product_tag":[],"class_list":{"0":"post-18095","1":"product","2":"type-product","3":"status-publish","4":"has-post-thumbnail","6":"product_cat-instanzen","7":"product_cat-pca-de","9":"first","10":"instock","11":"taxable","12":"shipping-taxable","13":"purchasable","14":"product-type-variable-subscription"},"aioseo_notices":[],"subscription_discounts_type":"fixed","fixed_subscription_discounts":[],"subscription_discounts_product_settings":{"layout":"default","default_variation":null},"subscription_discounts_roles_data":[],"percentage_subscription_discounts":[],"_links":{"self":[{"href":"https:\/\/wedoback.com\/de\/wp-json\/wp\/v2\/product\/18095","targetHints":{"allow":["GET"]}}],"collection":[{"href":"https:\/\/wedoback.com\/de\/wp-json\/wp\/v2\/product"}],"about":[{"href":"https:\/\/wedoback.com\/de\/wp-json\/wp\/v2\/types\/product"}],"wp:featuredmedia":[{"embeddable":true,"href":"https:\/\/wedoback.com\/de\/wp-json\/wp\/v2\/media\/19669"}],"wp:attachment":[{"href":"https:\/\/wedoback.com\/de\/wp-json\/wp\/v2\/media?parent=18095"}],"wp:term":[{"taxonomy":"product_brand","embeddable":true,"href":"https:\/\/wedoback.com\/de\/wp-json\/wp\/v2\/product_brand?post=18095"},{"taxonomy":"product_cat","embeddable":true,"href":"https:\/\/wedoback.com\/de\/wp-json\/wp\/v2\/product_cat?post=18095"},{"taxonomy":"product_tag","embeddable":true,"href":"https:\/\/wedoback.com\/de\/wp-json\/wp\/v2\/product_tag?post=18095"}],"curies":[{"name":"wp","href":"https:\/\/api.w.org\/{rel}","templated":true}]}}