{"id":18035,"date":"2024-08-06T12:15:39","date_gmt":"2024-08-06T10:15:39","guid":{"rendered":"https:\/\/www.wedoback.net\/produit\/pca-speicherung\/"},"modified":"2024-08-06T12:15:39","modified_gmt":"2024-08-06T10:15:39","slug":"pca-speicherung","status":"publish","type":"product","link":"https:\/\/wedoback.com\/de\/produit\/pca-speicherung\/","title":{"rendered":"PCA-Speicherung"},"content":{"rendered":"","protected":false},"excerpt":{"rendered":"<p>W\u00e4hlen Sie das Volumen, das <strong>erforderlich ist, um Ihre Daten<\/strong> f\u00fcr den BCP zu speichern.<\/p>\n<p>Bitte beachten Sie, dass das Volumen nicht nur die aktuelle Gr\u00f6\u00dfe Ihrer Server umfasst, sondern <strong>auch die Historie<\/strong> der Updates, die Sie planen.<\/p>\n<p>Es steht Ihnen frei, Sicherungspunkte zu l\u00f6schen, aber Sie m\u00fcssen sicherstellen, dass Sie nur das behalten, was Sie ben\u00f6tigen.<\/p>\n<p>&nbsp;<\/p>\n","protected":false},"featured_media":19684,"template":"","meta":{"om_disable_all_campaigns":false,"_monsterinsights_skip_tracking":false,"_monsterinsights_sitenote_active":false,"_monsterinsights_sitenote_note":"","_monsterinsights_sitenote_category":0},"product_brand":[],"product_cat":[1067,1073],"product_tag":[],"class_list":{"0":"post-18035","1":"product","2":"type-product","3":"status-publish","4":"has-post-thumbnail","6":"product_cat-lagerung","7":"product_cat-pca-de","9":"first","10":"instock","11":"taxable","12":"shipping-taxable","13":"purchasable","14":"product-type-variable-subscription"},"aioseo_notices":[],"subscription_discounts_type":"fixed","fixed_subscription_discounts":[],"subscription_discounts_product_settings":{"layout":"default","default_variation":null},"subscription_discounts_roles_data":[],"percentage_subscription_discounts":[],"_links":{"self":[{"href":"https:\/\/wedoback.com\/de\/wp-json\/wp\/v2\/product\/18035","targetHints":{"allow":["GET"]}}],"collection":[{"href":"https:\/\/wedoback.com\/de\/wp-json\/wp\/v2\/product"}],"about":[{"href":"https:\/\/wedoback.com\/de\/wp-json\/wp\/v2\/types\/product"}],"wp:featuredmedia":[{"embeddable":true,"href":"https:\/\/wedoback.com\/de\/wp-json\/wp\/v2\/media\/19684"}],"wp:attachment":[{"href":"https:\/\/wedoback.com\/de\/wp-json\/wp\/v2\/media?parent=18035"}],"wp:term":[{"taxonomy":"product_brand","embeddable":true,"href":"https:\/\/wedoback.com\/de\/wp-json\/wp\/v2\/product_brand?post=18035"},{"taxonomy":"product_cat","embeddable":true,"href":"https:\/\/wedoback.com\/de\/wp-json\/wp\/v2\/product_cat?post=18035"},{"taxonomy":"product_tag","embeddable":true,"href":"https:\/\/wedoback.com\/de\/wp-json\/wp\/v2\/product_tag?post=18035"}],"curies":[{"name":"wp","href":"https:\/\/api.w.org\/{rel}","templated":true}]}}