{"id":18028,"date":"2023-10-26T10:18:12","date_gmt":"2023-10-26T08:18:12","guid":{"rendered":"https:\/\/www.wedoback.net\/produit\/agent-wedoback\/"},"modified":"2023-10-26T10:18:12","modified_gmt":"2023-10-26T08:18:12","slug":"agent-wedoback","status":"publish","type":"product","link":"https:\/\/wedoback.com\/de\/produit\/agent-wedoback\/","title":{"rendered":"Agent WeDoBack"},"content":{"rendered":"","protected":false},"excerpt":{"rendered":"<p>Der Agent ist ein Schl\u00fcsselelement von WeDoBack. Er stellt die Kommunikation zwischen unseren Servern und Ihren Ger\u00e4ten sicher. Er wird auf jedem Ger\u00e4t (Server, Computer) ben\u00f6tigt, f\u00fcr das ein Backup oder ein Disaster-Recovery-Plan konfiguriert wurde. Es verschl\u00fcsselt Ihre Daten vor der \u00dcbertragung und f\u00fchrt die Operationen aus, die Sie in Ihrer Verwaltungskonsole konfiguriert haben. Au\u00dferhalb des SMART-Angebots ist nur ein Agent pro Server oder Computer erforderlich, unabh\u00e4ngig von der Anzahl der f\u00fcr das betreffende Ger\u00e4t abonnierten Dienste. Im Rahmen des SMART-Angebots ist der eingesetzte Agent f\u00fcr dieses Angebot reserviert. Wenn ein zus\u00e4tzlicher Dienst oder eine zus\u00e4tzliche Option hinzugef\u00fcgt wird, muss ein neuer Agent bestellt und eingesetzt werden. <\/p>\n<p>&nbsp;<\/p>\n","protected":false},"featured_media":19644,"template":"","meta":{"om_disable_all_campaigns":false,"_monsterinsights_skip_tracking":false,"_monsterinsights_sitenote_active":false,"_monsterinsights_sitenote_note":"","_monsterinsights_sitenote_category":0},"product_brand":[],"product_cat":[1061,1073,1072,1066,1062],"product_tag":[],"class_list":{"0":"post-18028","1":"product","2":"type-product","3":"status-publish","4":"has-post-thumbnail","6":"product_cat-agent-de","7":"product_cat-pca-de","8":"product_cat-pra-de","9":"product_cat-sicherung","10":"product_cat-unveranderlich","12":"first","13":"instock","14":"taxable","15":"shipping-taxable","16":"purchasable","17":"product-type-variable-subscription"},"aioseo_notices":[],"subscription_discounts_type":"fixed","fixed_subscription_discounts":[],"subscription_discounts_product_settings":{"layout":"default","default_variation":null},"subscription_discounts_roles_data":[],"percentage_subscription_discounts":[],"_links":{"self":[{"href":"https:\/\/wedoback.com\/de\/wp-json\/wp\/v2\/product\/18028","targetHints":{"allow":["GET"]}}],"collection":[{"href":"https:\/\/wedoback.com\/de\/wp-json\/wp\/v2\/product"}],"about":[{"href":"https:\/\/wedoback.com\/de\/wp-json\/wp\/v2\/types\/product"}],"wp:featuredmedia":[{"embeddable":true,"href":"https:\/\/wedoback.com\/de\/wp-json\/wp\/v2\/media\/19644"}],"wp:attachment":[{"href":"https:\/\/wedoback.com\/de\/wp-json\/wp\/v2\/media?parent=18028"}],"wp:term":[{"taxonomy":"product_brand","embeddable":true,"href":"https:\/\/wedoback.com\/de\/wp-json\/wp\/v2\/product_brand?post=18028"},{"taxonomy":"product_cat","embeddable":true,"href":"https:\/\/wedoback.com\/de\/wp-json\/wp\/v2\/product_cat?post=18028"},{"taxonomy":"product_tag","embeddable":true,"href":"https:\/\/wedoback.com\/de\/wp-json\/wp\/v2\/product_tag?post=18028"}],"curies":[{"name":"wp","href":"https:\/\/api.w.org\/{rel}","templated":true}]}}