{"id":21656,"date":"2025-04-27T13:41:10","date_gmt":"2025-04-27T11:41:10","guid":{"rendered":"https:\/\/www.wedoback.com\/bedingungen-und-konditionen\/"},"modified":"2025-05-04T12:05:48","modified_gmt":"2025-05-04T10:05:48","slug":"bedingungen-und-konditionen","status":"publish","type":"page","link":"https:\/\/wedoback.com\/de\/bedingungen-und-konditionen\/","title":{"rendered":"Bedingungen und Konditionen"},"content":{"rendered":"\t\t<div data-elementor-type=\"wp-page\" data-elementor-id=\"21656\" class=\"elementor elementor-21656\" data-elementor-settings=\"{&quot;ha_cmc_init_switcher&quot;:&quot;no&quot;}\" data-elementor-post-type=\"page\">\n\t\t\t\t<div class=\"elementor-element elementor-element-a017efc e-flex e-con-boxed e-con e-parent\" data-id=\"a017efc\" data-element_type=\"container\" data-e-type=\"container\" data-settings=\"{&quot;_ha_eqh_enable&quot;:false}\">\n\t\t\t\t\t<div class=\"e-con-inner\">\n\t\t\t\t<div class=\"elementor-element elementor-element-6bb7951 elementor-widget elementor-widget-text-editor\" data-id=\"6bb7951\" data-element_type=\"widget\" data-e-type=\"widget\" data-widget_type=\"text-editor.default\">\n\t\t\t\t<div class=\"elementor-widget-container\">\n\t\t\t\t\t\t\t\t\t<h1>1.Einleitung<\/h1><p>Diese Allgemeinen Gesch\u00e4ftsbedingungen gelten f\u00fcr diese Website und f\u00fcr Transaktionen im Zusammenhang mit unseren Produkten und Dienstleistungen. Sie k\u00f6nnen an zus\u00e4tzliche Vertr\u00e4ge gebunden sein, die mit Ihrer Beziehung zu uns oder mit einem Produkt oder einer Dienstleistung, die Sie von uns erhalten, in Zusammenhang stehen. Im Falle eines Widerspruchs zwischen den Bestimmungen dieser zus\u00e4tzlichen Vertr\u00e4ge und den Bestimmungen dieser Gesch\u00e4ftsbedingungen haben die letzteren Vorrang.  <\/p><p>Diese Website wird von der Firma D\u00e9dicace Software SAS herausgegeben, einer Tochtergesellschaft der Pioneer Humani Gruppe, die f\u00fcr die Vertretung, die F\u00f6rderung, den Verkauf und die Bereitstellung der WeDoBack-Dienste in Europa verantwortlich ist. Au\u00dferhalb Europas werden diese Aktivit\u00e4ten direkt von Pioneer Humani oder von ihren regionalen Zentren (&#8220;Hubs&#8221;) und ihren Tochtergesellschaften durchgef\u00fchrt, je nachdem, um welche geographischen Gebiete es sich handelt. Die Rechnungsstellung erfolgt ebenfalls durch die f\u00fcr Ihren Standort zust\u00e4ndige Einheit der Gruppe.  <\/p><h1>2.Verpflichtung<\/h1><p>Durch die Registrierung, den Zugriff oder die sonstige Nutzung dieser Website erkl\u00e4ren Sie sich mit diesen Allgemeinen Gesch\u00e4ftsbedingungen einverstanden, die unten aufgef\u00fchrt sind. Die blo\u00dfe Nutzung dieser Website bedeutet, dass Sie diese Allgemeinen Gesch\u00e4ftsbedingungen kennen und akzeptieren. In besonderen F\u00e4llen k\u00f6nnen wir Sie auch bitten, diese ausdr\u00fccklich zu akzeptieren.  <\/p><p>Die Nutzung unserer Dienste ist ausschlie\u00dflich Unternehmen vorbehalten, die sich an unsere Ethik-Charta halten. Die Nichteinhaltung dieser Charta kann zur sofortigen und fristlosen Aussetzung oder Beendigung der Dienste ohne Entsch\u00e4digung f\u00fchren. Die Charta kann unter folgender Adresse eingesehen werden: https: <a href=\"https:\/\/www.wedoback.com\/charte-deontologique\/\">\/\/www.wedoback.com\/charte-deontologique\/.<\/a>  <\/p><h1>3. Elektronische Kommunikation<\/h1><p>Durch die Nutzung dieser Website oder die Kommunikation mit uns auf elektronischem Wege erkl\u00e4ren Sie sich damit einverstanden und erkennen an, dass wir mit Ihnen auf elektronischem Wege \u00fcber unsere Website oder per E-Mail kommunizieren k\u00f6nnen, und Sie erkl\u00e4ren sich damit einverstanden, dass alle Vereinbarungen, Mitteilungen, Offenlegungen und anderen Kommunikationen, die wir Ihnen auf elektronischem Wege zur Verf\u00fcgung stellen, allen gesetzlichen Anforderungen, einschlie\u00dflich, aber nicht beschr\u00e4nkt auf das Erfordernis der Schriftform, gen\u00fcgen m\u00fcssen.<\/p><h1>4. Geistiges Eigentum<\/h1><p>Wir oder unsere Lizenzgeber besitzen und kontrollieren alle Urheberrechte und sonstigen geistigen Eigentumsrechte an der Website sowie an den Daten, Informationen und sonstigen Ressourcen, die auf der Website angezeigt werden oder zug\u00e4nglich sind.<\/p><h2>4.1 Alle Rechte vorbehalten.<\/h2><p>Sofern in einem bestimmten Inhalt nicht anders angegeben, werden Ihnen keine Lizenzen oder andere Rechte im Rahmen von Urheberrechten, Marken, Patenten oder anderen Rechten an geistigem Eigentum gew\u00e4hrt. Das bedeutet, dass Sie die Ressourcen dieser Website in keiner Form ohne unsere vorherige schriftliche Genehmigung nutzen, kopieren, reproduzieren, ausf\u00fchren, anzeigen, verteilen, in elektronische Medien integrieren, \u00e4ndern, zur\u00fcckentwickeln, dekompilieren, \u00fcbertragen, herunterladen, \u00fcbermitteln, monetarisieren, verkaufen, vermarkten oder vermarkten d\u00fcrfen, es sei denn, zwingende Gesetze sehen etwas anderes vor (wie z.B. das Zitatrecht). <\/p><h1>5. Newsletter<\/h1><p>Ungeachtet des Vorstehenden k\u00f6nnen Sie unseren Newsletter in elektronischer Form an andere Personen weiterleiten, die m\u00f6glicherweise unsere Website besuchen m\u00f6chten.<\/p><h1>6. Eigentum von Dritten<\/h1><p>Unsere Webseite kann Hyperlinks oder andere Verweise auf Webseiten Dritter enthalten. Der Inhalt dieser Websites wird von uns nicht \u00fcberwacht oder gepr\u00fcft. Die Produkte oder Dienstleistungen, die auf anderen Websites angeboten werden, unterliegen den geltenden Gesch\u00e4ftsbedingungen dieser Dritten. Die auf diesen Websites ge\u00e4u\u00dferten Meinungen oder Materialien werden nicht notwendigerweise von uns geteilt oder gebilligt.   <\/p><p>Wir sind nicht verantwortlich f\u00fcr die Datenschutzpraktiken oder den Inhalt dieser Websites. Sie tragen alle Risiken, die mit der Nutzung dieser Websites und der damit verbundenen Dienstleistungen Dritter verbunden sind. Wir \u00fcbernehmen keine Verantwortung f\u00fcr Verluste oder Sch\u00e4den jeglicher Art, die sich aus der Offenlegung Ihrer pers\u00f6nlichen Daten gegen\u00fcber Dritten ergeben.  <\/p><h1>7. Verantwortungsvolle Nutzung<\/h1><p>Durch den Besuch unserer Website erkl\u00e4ren Sie sich damit einverstanden, diese nur f\u00fcr den vorgesehenen Zweck und in \u00dcbereinstimmung mit diesen Bedingungen, allen zus\u00e4tzlichen Vertr\u00e4gen mit uns, den geltenden Gesetzen und Vorschriften, den allgemein anerkannten Online-Praktiken und den Richtlinien der Branche zu nutzen. Sie d\u00fcrfen unsere Website oder unsere Dienste nicht nutzen, um Inhalte zu verwenden, zu ver\u00f6ffentlichen oder zu verbreiten, die aus (oder in Verbindung mit) Malware bestehen; die auf unserer Website gesammelten Daten f\u00fcr Direktmarketingzwecke nutzen oder eine systematische oder automatisierte Sammlung von Daten auf oder in Verbindung mit unserer Website durchf\u00fchren. <\/p><p>Jede Aktivit\u00e4t, die der Website Schaden zuf\u00fcgt oder zuf\u00fcgen k\u00f6nnte oder die Leistung, Verf\u00fcgbarkeit oder Zug\u00e4nglichkeit der Website beeintr\u00e4chtigt, ist strengstens untersagt.<\/p><h1>8. Anmeldung<\/h1><p>Sie k\u00f6nnen auf unserer Website ein Konto einrichten. W\u00e4hrend dieses Vorgangs werden Sie m\u00f6glicherweise aufgefordert, ein Passwort zu w\u00e4hlen. Sie sind f\u00fcr die Vertraulichkeit Ihrer Passw\u00f6rter und Kontoinformationen verantwortlich und verpflichten sich, diese nicht an andere weiterzugeben oder Ihre Passw\u00f6rter, Kontoinformationen oder Ihren sicheren Zugang zu unserer Website oder unseren Dienstleistungen zu teilen. Sie d\u00fcrfen keiner anderen Person gestatten, Ihr Konto f\u00fcr den Zugriff auf die Website zu nutzen, da Sie f\u00fcr alle Aktivit\u00e4ten im Zusammenhang mit der Nutzung Ihrer Passw\u00f6rter oder Konten verantwortlich sind. Sie m\u00fcssen uns unverz\u00fcglich \u00fcber jede Offenlegung Ihres Passworts informieren.    <\/p><p>Nach der K\u00fcndigung Ihres Kontos werden Sie nicht versuchen, ohne unsere Genehmigung ein neues Konto zu er\u00f6ffnen.<\/p><h1>9. R\u00fcckerstattungs- und R\u00fcckgabepolitik<\/h1><h2>9.1 Widerrufsrecht<\/h2><p>Soweit nicht ausdr\u00fccklich etwas anderes bestimmt ist, gelten die im Verbrauchergesetzbuch vorgesehenen Widerrufsrechte <em>nicht f\u00fcr Vertr\u00e4ge, die zwischen Gewerbetreibenden geschlossen werden<\/em>.<\/p><p>Um Ihr Widerrufsrecht auszu\u00fcben, m\u00fcssen Sie uns mittels einer eindeutigen Erkl\u00e4rung (z.B. ein mit der Post versandter Brief, ein Fax oder eine E-Mail) \u00fcber Ihren Entschluss, diesen Vertrag zu widerrufen, informieren. Unsere Kontaktdaten finden Sie unten. Sie k\u00f6nnen das beigef\u00fcgte Muster-Widerrufsformular verwenden, m\u00fcssen dies aber nicht tun.  <\/p><p>Sie k\u00f6nnen auch das Muster-Widerrufsformular oder eine andere eindeutige Erkl\u00e4rung auf unserer Website elektronisch ausf\u00fcllen und einreichen.<\/p><p>Wenn Sie von dieser M\u00f6glichkeit Gebrauch machen, werden wir Ihnen unverz\u00fcglich eine Best\u00e4tigung des Empfangs Ihres Widerrufs auf einem dauerhaften Datentr\u00e4ger (z.B. per E-Mail) \u00fcbermitteln.<\/p><p>Zur Wahrung der Widerrufsfrist gen\u00fcgt es, dass Sie Ihre Mitteilung \u00fcber die Aus\u00fcbung des Widerrufsrechts vor Ablauf der Widerrufsfrist absenden.<\/p><h2>9.2 Auswirkungen des Widerrufs<\/h2><p>Im Falle eines von uns akzeptierten Widerrufs werden wir Ihnen alle Zahlungen, die wir von Ihnen erhalten haben, mit Ausnahme der Lieferkosten (mit Ausnahme der zus\u00e4tzlichen Kosten, die sich daraus ergeben, dass Sie eine andere Art der Lieferung als die von uns angebotene, g\u00fcnstigste Standardlieferung gew\u00e4hlt haben), unverz\u00fcglich und in jedem Fall sp\u00e4testens 30 Tage ab dem Tag, an dem wir \u00fcber Ihren Entschluss, diesen Vertrag zu widerrufen, unterrichtet wurden, zur\u00fcckerstatten. F\u00fcr diese R\u00fcckzahlung verwenden wir dasselbe Zahlungsmittel, das Sie bei der urspr\u00fcnglichen Transaktion eingesetzt haben, es sei denn, mit Ihnen wurde ausdr\u00fccklich etwas anderes vereinbart. In jedem Fall entstehen Ihnen durch diese R\u00fcckzahlung keine Kosten.  <\/p><p>Wenn Sie verlangt haben, mit der Ausf\u00fchrung der Dienstleistungen w\u00e4hrend der Widerrufsfrist zu beginnen, m\u00fcssen Sie uns einen Betrag zahlen, der im Verh\u00e4ltnis zu dem, was bis zu dem Zeitpunkt, an dem Sie uns Ihren Widerruf dieses Vertrags mitteilen, erbracht wurde, im Verh\u00e4ltnis zur vollst\u00e4ndigen Abdeckung des Vertrags steht.<\/p><p>Bitte beachten Sie, dass es gesetzliche Ausnahmen vom Widerrufsrecht gibt und einige Artikel daher nicht zur\u00fcckgenommen oder umgetauscht werden k\u00f6nnen. Wir werden Sie dar\u00fcber informieren, ob dies in Ihrem Fall zutrifft. <\/p><h1>10. Einreichung von Ideen<\/h1><p>Reichen Sie keine Ideen, Erfindungen, Kunstwerke oder andere Informationen ein, die als Ihr geistiges Eigentum angesehen werden k\u00f6nnen, ohne dass wir zuvor eine Vereinbarung \u00fcber geistiges Eigentum oder eine Vertraulichkeitsvereinbarung unterzeichnet haben. Wenn Sie uns diese ohne schriftliche Vereinbarung offenlegen, gew\u00e4hren Sie uns eine weltweite, unwiderrufliche, nicht exklusive und geb\u00fchrenfreie Lizenz zur Nutzung, Vervielf\u00e4ltigung, Speicherung, Anpassung, Ver\u00f6ffentlichung, \u00dcbersetzung und Verbreitung Ihrer Inhalte in allen bestehenden und zuk\u00fcnftigen Medien. <\/p><h1>11. Beendigung der Nutzung<\/h1><p>Wir k\u00f6nnen nach eigenem Ermessen jederzeit den Zugang zur Website oder zu den auf der Website angebotenen Diensten vor\u00fcbergehend oder dauerhaft \u00e4ndern oder unterbrechen. Sie erkl\u00e4ren sich damit einverstanden, dass wir Ihnen oder Dritten gegen\u00fcber nicht f\u00fcr \u00c4nderungen, Aussetzungen oder Unterbrechungen Ihres Zugangs oder Ihrer Nutzung der Website oder von Inhalten, die Sie auf der Website freigegeben haben, haften. Sie haben keinen Anspruch auf Entsch\u00e4digung oder andere Zahlungen, selbst wenn bestimmte Funktionen, Einstellungen und\/oder Inhalte, die Sie beigetragen oder auf die Sie sich verlassen haben, dauerhaft verloren gehen. Sie d\u00fcrfen die Ma\u00dfnahmen zur Beschr\u00e4nkung des Zugangs zu unserer Website nicht umgehen und d\u00fcrfen auch nicht versuchen, diese zu umgehen.   <\/p><h1>12. Garantien und Haftung<\/h1><p>Keine Bestimmung in diesem Abschnitt beschr\u00e4nkt oder schlie\u00dft eine gesetzlich implizierte Garantie aus, deren Beschr\u00e4nkung oder Ausschluss rechtswidrig w\u00e4re. Diese Website und ihr gesamter Inhalt werden &#8220;wie besehen&#8221; und &#8220;nach Verf\u00fcgbarkeit&#8221; bereitgestellt und k\u00f6nnen Ungenauigkeiten oder typografische Fehler enthalten. Wir lehnen ausdr\u00fccklich jede ausdr\u00fcckliche oder stillschweigende Gew\u00e4hrleistung f\u00fcr die Verf\u00fcgbarkeit, Genauigkeit oder Vollst\u00e4ndigkeit der Inhalte ab.  <\/p><p>Wir garantieren nicht, dass :<\/p><p>\u2666 diese Webseite oder unsere Produkte oder Dienstleistungen Ihren Bed\u00fcrfnissen entsprechen;<br>\u2666 diese Webseite ununterbrochen, schnell, sicher und fehlerfrei verf\u00fcgbar sein wird;<br>\u2666 die Qualit\u00e4t jedes Produkts oder jeder Dienstleistung, die Sie \u00fcber diese Webseite kaufen oder erhalten, Ihren Erwartungen entsprechen wird.<\/p><p>Nichts auf dieser Website stellt eine rechtliche, finanzielle oder medizinische Beratung jeglicher Art dar und soll dies auch nicht tun. Wenn Sie Rat ben\u00f6tigen, wenden Sie sich bitte an einen kompetenten Fachmann. <\/p><p>Die folgenden Bestimmungen dieses Abschnitts gelten im vollen Umfang des anwendbaren Rechts und beschr\u00e4nken oder schlie\u00dfen unsere Haftung in Bezug auf Angelegenheiten, bei denen eine Beschr\u00e4nkung oder ein Ausschluss unserer Haftung rechtswidrig w\u00e4re, nicht aus. Wir haften unter keinen Umst\u00e4nden f\u00fcr direkte oder indirekte Sch\u00e4den (einschlie\u00dflich Sch\u00e4den f\u00fcr entgangene Gewinne oder Einnahmen, Verlust oder Besch\u00e4digung von Daten, Software oder Datenbanken oder Verlust oder Besch\u00e4digung von Material oder Daten), die Ihnen oder Dritten durch Ihren Zugriff auf unsere Website oder deren Nutzung entstehen. <\/p><p>Sofern nicht ausdr\u00fccklich in einem zus\u00e4tzlichen Vertrag etwas anderes vorgesehen ist, ist unsere maximale Haftung Ihnen gegen\u00fcber f\u00fcr alle Sch\u00e4den, die sich aus der Website oder einem Produkt oder einer Dienstleistung ergeben, die \u00fcber die Website vermarktet oder verkauft werden, ungeachtet der Form der Klage, die die Haftung beinhaltet (vertraglich, aus Billigkeitsgr\u00fcnden, durch Fahrl\u00e4ssigkeit, vors\u00e4tzlich, aus unerlaubter Handlung oder anderweitig), auf 1.000.000 \u20ac beschr\u00e4nkt. Diese Begrenzung gilt insgesamt f\u00fcr alle Ihre Anspr\u00fcche, Klagen und Klagegr\u00fcnde jeglicher Art. <\/p><h1>13. Vertraulichkeit<\/h1><p>Um Zugang zu unserer Website und\/oder unseren Dienstleistungen zu erhalten, kann es sein, dass Sie ein Zertifikat vorlegen m\u00fcssen.<\/p><p>Um Zugang zu unserer Website und\/oder unseren Diensten zu erhalten, m\u00fcssen Sie bei der Registrierung m\u00f6glicherweise bestimmte Informationen \u00fcber sich selbst angeben. Sie erkl\u00e4ren sich damit einverstanden, dass alle von Ihnen angegebenen Informationen stets genau, korrekt und auf dem neuesten Stand sind. <\/p><p>Wir nehmen Ihre pers\u00f6nlichen Daten ernst und verpflichten uns, Ihre Privatsph\u00e4re zu sch\u00fctzen. Wir werden Ihre E-Mail-Adresse nicht f\u00fcr unaufgeforderte E-Mails verwenden. Alle E-Mails, die wir Ihnen senden, stehen ausschlie\u00dflich im Zusammenhang mit der Bereitstellung der vereinbarten Produkte oder Dienstleistungen.  <\/p><p>Wir haben eine Richtlinie entwickelt, um Ihre Bedenken hinsichtlich des Datenschutzes zu ber\u00fccksichtigen. F\u00fcr weitere Informationen lesen Sie bitte unsere Datenschutzerkl\u00e4rung und unsere Cookie-Richtlinie. <\/p><h1>14. Zug\u00e4nglichkeit<\/h1><p>Wir verpflichten uns, die von uns angebotenen Inhalte f\u00fcr Menschen mit Behinderungen zug\u00e4nglich zu machen. Wenn Sie eine Behinderung haben und aufgrund Ihrer Behinderung auf einen Teil unserer Website nicht zugreifen k\u00f6nnen, bitten wir Sie, uns dies mit einer detaillierten Beschreibung des Problems mitzuteilen. Wenn das Problem leicht identifizierbar ist und mit branchen\u00fcblichen IT-Tools und -Techniken gel\u00f6st werden kann, werden wir es umgehend beheben.  <\/p><h1>15. Exportbeschr\u00e4nkungen\/Rechtskonformit\u00e4t<\/h1><p>Der Zugriff auf die Website von Gebieten oder L\u00e4ndern aus, in denen der Inhalt oder der Kauf von Produkten oder Dienstleistungen, die auf der Website verkauft werden, illegal ist, ist verboten. Sie d\u00fcrfen diese Website nicht in Verletzung der franz\u00f6sischen Exportgesetze und -bestimmungen nutzen. <\/p><h1>16. Abtretung<\/h1><p>Sie d\u00fcrfen Ihre Rechte und\/oder Pflichten gem\u00e4\u00df diesen Bedingungen ohne unsere vorherige schriftliche Zustimmung weder ganz noch teilweise an eine dritte Partei abtreten, \u00fcbertragen oder untervergeben. Jede vermutete Abtretung, die gegen diesen Artikel verst\u00f6\u00dft, ist null und nichtig. <\/p><h1>17. Verletzung dieser Allgemeinen Gesch\u00e4ftsbedingungen<\/h1><p>Unbeschadet unserer sonstigen Rechte gem\u00e4\u00df diesen Nutzungsbedingungen k\u00f6nnen wir, wenn Sie diese Nutzungsbedingungen in irgendeiner Weise verletzen, die uns angemessen erscheinenden Ma\u00dfnahmen ergreifen, um die Verletzung zu beheben, einschlie\u00dflich der vor\u00fcbergehenden oder dauerhaften Aussetzung Ihres Zugangs zur Website, der Kontaktaufnahme mit Ihrem Internetanbieter mit der Bitte, Ihren Zugang zur Website zu blockieren, und\/oder der Einleitung eines Gerichtsverfahrens gegen Sie.<\/p><h1>18. H\u00f6here Gewalt<\/h1><p>Mit Ausnahme der hierin festgelegten Zahlungsverpflichtungen gilt eine Verz\u00f6gerung, ein Vers\u00e4umnis oder eine Unterlassung einer der Parteien, eine ihrer Verpflichtungen zu erf\u00fcllen oder einzuhalten, nicht als Verletzung dieser Allgemeinen Gesch\u00e4ftsbedingungen, wenn und solange eine solche Verz\u00f6gerung, ein solches Vers\u00e4umnis oder eine solche Unterlassung auf einen Grund zur\u00fcckzuf\u00fchren ist, auf den die Partei keinen Einfluss hat.<\/p><h1>19. Entsch\u00e4digung<\/h1><p>Sie erkl\u00e4ren sich damit einverstanden, uns zu entsch\u00e4digen, zu verteidigen und schadlos zu halten gegen alle Anspr\u00fcche, Haftungen, Sch\u00e4den, Verluste und Ausgaben, die mit Ihrer Verletzung dieser Nutzungsbedingungen und der geltenden Gesetze, einschlie\u00dflich der Rechte an geistigem Eigentum und des Rechts auf Privatsph\u00e4re, verbunden sind. Sie werden uns unverz\u00fcglich alle Sch\u00e4den, Verluste, Kosten und Ausgaben erstatten, die mit diesen Anspr\u00fcchen verbunden sind. <\/p><h1>20. Verzicht<\/h1><p>Die Nichteinhaltung einer Bestimmung dieser Allgemeinen Gesch\u00e4ftsbedingungen und eines Vertrags oder die Nichtaus\u00fcbung einer K\u00fcndigungsm\u00f6glichkeit ist nicht als Verzicht auf diese Bestimmungen auszulegen und beeintr\u00e4chtigt nicht die G\u00fcltigkeit dieser Allgemeinen Gesch\u00e4ftsbedingungen, eines Vertrags oder eines Teils davon oder das Recht, die einzelnen Bestimmungen zu einem sp\u00e4teren Zeitpunkt geltend zu machen.<\/p><h1>21. Sprache<\/h1><p>Diese Allgemeinen Gesch\u00e4ftsbedingungen sind ausschlie\u00dflich in franz\u00f6sischer Sprache auszulegen. Alle Mitteilungen und Korrespondenzen werden ausschlie\u00dflich in dieser Sprache verfasst. Die auf dieser Website zur Verf\u00fcgung gestellte \u00dcbersetzung dient lediglich dazu, Ihnen das Verst\u00e4ndnis der deutschen Version zu erleichtern. Im Falle von Widerspr\u00fcchen zwischen der deutschen Version und der von Ihnen verwendeten \u00dcbersetzung ist die deutsche Version ma\u00dfgeblich.   <\/p><h1>22. Vollst\u00e4ndigkeit des Abkommens<\/h1><p>Diese Allgemeinen Gesch\u00e4ftsbedingungen stellen zusammen mit unserer Datenschutzerkl\u00e4rung und unserer Cookie-Richtlinie die gesamte Vereinbarung zwischen Ihnen und D\u00e9dicace Software SAS in Bezug auf Ihre Nutzung dieser Website dar.<\/p><h1>23. Aktualisierung dieser Allgemeinen Gesch\u00e4ftsbedingungen<\/h1><p>Es kann sein, dass wir diese Allgemeinen Gesch\u00e4ftsbedingungen von Zeit zu Zeit aktualisieren. Es ist Ihre Pflicht, diese Allgemeinen Gesch\u00e4ftsbedingungen regelm\u00e4\u00dfig auf \u00c4nderungen oder Aktualisierungen zu \u00fcberpr\u00fcfen. Das Datum am Anfang dieser Allgemeinen Gesch\u00e4ftsbedingungen ist das Datum der letzten \u00dcberarbeitung. \u00c4nderungen an diesen Allgemeinen Gesch\u00e4ftsbedingungen treten mit ihrer Ver\u00f6ffentlichung auf dieser Website in Kraft. Ihre fortgesetzte Nutzung dieser Website nach der Ver\u00f6ffentlichung von \u00c4nderungen oder Aktualisierungen wird als Mitteilung Ihrer Zustimmung zu diesen Allgemeinen Gesch\u00e4ftsbedingungen betrachtet.    <\/p><h1>24. Wahl des Rechts und der Gerichtsbarkeit<\/h1><p>Die vorliegenden Allgemeinen Gesch\u00e4ftsbedingungen unterliegen dem franz\u00f6sischen Recht. Alle Streitigkeiten in Bezug auf diese Allgemeinen Gesch\u00e4ftsbedingungen unterliegen der Gerichtsbarkeit der franz\u00f6sischen Gerichte. Wenn ein Teil oder eine Bestimmung dieser Allgemeinen Gesch\u00e4ftsbedingungen von einem Gericht oder einer anderen Beh\u00f6rde nach geltendem Recht f\u00fcr ung\u00fcltig und\/oder nicht durchsetzbar befunden wird, wird dieser Teil oder diese Bestimmung in dem Ma\u00dfe ge\u00e4ndert, gestrichen und\/oder durchgesetzt, wie es zul\u00e4ssig ist, um den Geist dieser Allgemeinen Gesch\u00e4ftsbedingungen zu verwirklichen. Die \u00fcbrigen Bestimmungen bleiben davon unber\u00fchrt.   <\/p><p>In Europa werden die Dienstleistungen der Pioneer Humani Gruppe von D\u00e9dicace Software SAS angeboten, einer Tochtergesellschaft, die f\u00fcr den Verkauf und die Werbung f\u00fcr diese Dienstleistungen in Europa verantwortlich ist. Au\u00dferhalb Europas werden die Dienstleistungen direkt von Pioneer Humani oder einer ihrer Tochtergesellschaften oder regionalen Hubs (Tochtergesellschaften, die andere Tochtergesellschaften beaufsichtigen) angeboten. <\/p><p>In L\u00e4ndern, in denen eine lokale Tochtergesellschaft t\u00e4tig ist, k\u00f6nnen die lokalen Bedingungen die vorliegenden Allgemeinen Gesch\u00e4ftsbedingungen erg\u00e4nzen oder anpassen. Wenn die Dienstleistungen lokal von einem Unternehmen der Gruppe angeboten werden, kann das anwendbare lokale Recht Vorrang vor bestimmten vertraglichen oder steuerlichen Bestimmungen haben. <\/p><h1>25. Kontaktinformationen<\/h1><p>Diese Website ist im Besitz und wird betrieben von D\u00e9dicace Software SAS.<\/p><p>Sie k\u00f6nnen uns in Bezug auf diese Allgemeinen Gesch\u00e4ftsbedingungen telefonisch unter der auf unserer Website angegebenen Telefonnummer kontaktieren.<\/p>\t\t\t\t\t\t\t\t<\/div>\n\t\t\t\t<\/div>\n\t\t\t\t\t<\/div>\n\t\t\t\t<\/div>\n\t\t\t\t<\/div>\n\t\t","protected":false},"excerpt":{"rendered":"<p>1.Einleitung Diese Allgemeinen Gesch\u00e4ftsbedingungen gelten f\u00fcr diese Website und f\u00fcr Transaktionen im Zusammenhang mit unseren Produkten und Dienstleistungen. Sie k\u00f6nnen an zus\u00e4tzliche Vertr\u00e4ge gebunden sein, die mit Ihrer Beziehung zu uns oder mit einem Produkt oder einer Dienstleistung, die Sie von uns erhalten, in Zusammenhang stehen. Im Falle eines Widerspruchs zwischen den Bestimmungen dieser zus\u00e4tzlichen [&hellip;]<\/p>\n","protected":false},"author":1,"featured_media":0,"parent":0,"menu_order":0,"comment_status":"closed","ping_status":"closed","template":"","meta":{"om_disable_all_campaigns":false,"_monsterinsights_skip_tracking":false,"_monsterinsights_sitenote_active":false,"_monsterinsights_sitenote_note":"","_monsterinsights_sitenote_category":0,"footnotes":""},"class_list":["post-21656","page","type-page","status-publish","hentry"],"aioseo_notices":[],"_links":{"self":[{"href":"https:\/\/wedoback.com\/de\/wp-json\/wp\/v2\/pages\/21656","targetHints":{"allow":["GET"]}}],"collection":[{"href":"https:\/\/wedoback.com\/de\/wp-json\/wp\/v2\/pages"}],"about":[{"href":"https:\/\/wedoback.com\/de\/wp-json\/wp\/v2\/types\/page"}],"author":[{"embeddable":true,"href":"https:\/\/wedoback.com\/de\/wp-json\/wp\/v2\/users\/1"}],"replies":[{"embeddable":true,"href":"https:\/\/wedoback.com\/de\/wp-json\/wp\/v2\/comments?post=21656"}],"version-history":[{"count":0,"href":"https:\/\/wedoback.com\/de\/wp-json\/wp\/v2\/pages\/21656\/revisions"}],"wp:attachment":[{"href":"https:\/\/wedoback.com\/de\/wp-json\/wp\/v2\/media?parent=21656"}],"curies":[{"name":"wp","href":"https:\/\/api.w.org\/{rel}","templated":true}]}}