{"id":20826,"date":"2024-12-02T14:19:12","date_gmt":"2024-12-02T13:19:12","guid":{"rendered":"https:\/\/www.wedoback.com\/verguetungsplan-fuer-wiederverkaeufer\/"},"modified":"2025-05-04T12:00:41","modified_gmt":"2025-05-04T10:00:41","slug":"verguetungsplan-fuer-wiederverkaeufer","status":"publish","type":"page","link":"https:\/\/wedoback.com\/de\/verguetungsplan-fuer-wiederverkaeufer\/","title":{"rendered":"Verg\u00fctungsplan f\u00fcr Wiederverk\u00e4ufer"},"content":{"rendered":"\t\t<div data-elementor-type=\"wp-page\" data-elementor-id=\"20826\" class=\"elementor elementor-20826\" data-elementor-settings=\"{&quot;ha_cmc_init_switcher&quot;:&quot;no&quot;}\" data-elementor-post-type=\"page\">\n\t\t\t\t<div class=\"elementor-element elementor-element-6780792 e-flex e-con-boxed e-con e-parent\" data-id=\"6780792\" data-element_type=\"container\" data-e-type=\"container\" data-settings=\"{&quot;background_background&quot;:&quot;classic&quot;,&quot;_ha_eqh_enable&quot;:false}\">\n\t\t\t\t\t<div class=\"e-con-inner\">\n\t\t\t\t<div class=\"elementor-element elementor-element-5fb2f0a elementor-widget elementor-widget-spacer\" data-id=\"5fb2f0a\" data-element_type=\"widget\" data-e-type=\"widget\" data-widget_type=\"spacer.default\">\n\t\t\t\t<div class=\"elementor-widget-container\">\n\t\t\t\t\t\t\t<div class=\"elementor-spacer\">\n\t\t\t<div class=\"elementor-spacer-inner\"><\/div>\n\t\t<\/div>\n\t\t\t\t\t\t<\/div>\n\t\t\t\t<\/div>\n\t\t\t\t<div class=\"elementor-element elementor-element-2779755 elementor-widget elementor-widget-heading\" data-id=\"2779755\" data-element_type=\"widget\" data-e-type=\"widget\" data-widget_type=\"heading.default\">\n\t\t\t\t<div class=\"elementor-widget-container\">\n\t\t\t\t\t<h2 class=\"elementor-heading-title elementor-size-default\">Verg\u00fctungsplan<\/h2>\t\t\t\t<\/div>\n\t\t\t\t<\/div>\n\t\t\t\t<div class=\"elementor-element elementor-element-5a948a3 elementor-widget elementor-widget-spacer\" data-id=\"5a948a3\" data-element_type=\"widget\" data-e-type=\"widget\" data-widget_type=\"spacer.default\">\n\t\t\t\t<div class=\"elementor-widget-container\">\n\t\t\t\t\t\t\t<div class=\"elementor-spacer\">\n\t\t\t<div class=\"elementor-spacer-inner\"><\/div>\n\t\t<\/div>\n\t\t\t\t\t\t<\/div>\n\t\t\t\t<\/div>\n\t\t\t\t\t<\/div>\n\t\t\t\t<\/div>\n\t\t\t\t<\/div>\n\t\t","protected":false},"excerpt":{"rendered":"<p>Verg\u00fctungsplan<\/p>\n","protected":false},"author":6,"featured_media":0,"parent":0,"menu_order":0,"comment_status":"closed","ping_status":"closed","template":"","meta":{"om_disable_all_campaigns":false,"_monsterinsights_skip_tracking":false,"_monsterinsights_sitenote_active":false,"_monsterinsights_sitenote_note":"","_monsterinsights_sitenote_category":0,"footnotes":""},"class_list":["post-20826","page","type-page","status-publish","hentry"],"aioseo_notices":[],"_links":{"self":[{"href":"https:\/\/wedoback.com\/de\/wp-json\/wp\/v2\/pages\/20826","targetHints":{"allow":["GET"]}}],"collection":[{"href":"https:\/\/wedoback.com\/de\/wp-json\/wp\/v2\/pages"}],"about":[{"href":"https:\/\/wedoback.com\/de\/wp-json\/wp\/v2\/types\/page"}],"author":[{"embeddable":true,"href":"https:\/\/wedoback.com\/de\/wp-json\/wp\/v2\/users\/6"}],"replies":[{"embeddable":true,"href":"https:\/\/wedoback.com\/de\/wp-json\/wp\/v2\/comments?post=20826"}],"version-history":[{"count":0,"href":"https:\/\/wedoback.com\/de\/wp-json\/wp\/v2\/pages\/20826\/revisions"}],"wp:attachment":[{"href":"https:\/\/wedoback.com\/de\/wp-json\/wp\/v2\/media?parent=20826"}],"curies":[{"name":"wp","href":"https:\/\/api.w.org\/{rel}","templated":true}]}}