{"id":17973,"date":"2024-07-26T17:51:42","date_gmt":"2024-07-26T15:51:42","guid":{"rendered":"https:\/\/www.wedoback.net\/verarbeitung-von-persoenlichen-daten\/"},"modified":"2025-05-04T12:00:15","modified_gmt":"2025-05-04T10:00:15","slug":"verarbeitung-von-persoenlichen-daten","status":"publish","type":"page","link":"https:\/\/wedoback.com\/de\/verarbeitung-von-persoenlichen-daten\/","title":{"rendered":"Verarbeitung von pers\u00f6nlichen Daten"},"content":{"rendered":"\t\t<div data-elementor-type=\"wp-page\" data-elementor-id=\"17973\" class=\"elementor elementor-17973\" data-elementor-settings=\"{&quot;ha_cmc_init_switcher&quot;:&quot;no&quot;}\" data-elementor-post-type=\"page\">\n\t\t\t\t<div class=\"elementor-element elementor-element-1c2763b e-flex e-con-boxed e-con e-parent\" data-id=\"1c2763b\" data-element_type=\"container\" data-e-type=\"container\" data-settings=\"{&quot;_ha_eqh_enable&quot;:false}\">\n\t\t\t\t\t<div class=\"e-con-inner\">\n\t\t\t\t<div class=\"elementor-element elementor-element-0e99a7d elementor-widget elementor-widget-text-editor\" data-id=\"0e99a7d\" data-element_type=\"widget\" data-e-type=\"widget\" data-widget_type=\"text-editor.default\">\n\t\t\t\t<div class=\"elementor-widget-container\">\n\t\t\t\t\t\t\t\t\t<p>Im Rahmen der Kundenverwaltung f\u00fcr die Marke WeDoBack sammelt das Unternehmen D\u00e9dicace Software, das f\u00fcr den Verkauf und die F\u00f6rderung der Dienstleistungen von WeDoBack in Europa zust\u00e4ndig ist, Ihre pers\u00f6nlichen Daten (z.B. Name, Vorname, Adressen, Telefonnummern&#8230;).<\/p>\n<p><span style=\"text-align: var(--text-align); background-color: var(--ts-main-bg); color: var(--ts-text-color); font-family: var(--ts-pr-font-family); font-size: var(--ts-body-font-size); font-style: var(--ts-pr-font-style); font-weight: var(--ts-pr-font-weight); letter-spacing: var(--ts-pr-letter-spacing);\">Die Daten werden verarbeitet und der Verantwortliche ist Herr DESEE Simon, 4 route de la c\u00f4te \u00e0 Bournet 16440 MOUTHIERS SUR BOEME. Mail: direction@dedisoft.com <\/span><\/p>\n<p><span style=\"text-align: var(--text-align); background-color: var(--ts-main-bg); color: var(--ts-text-color); font-family: var(--ts-pr-font-family); font-size: var(--ts-body-font-size); font-style: var(--ts-pr-font-style); font-weight: var(--ts-pr-font-weight); letter-spacing: var(--ts-pr-letter-spacing);\">Die zust\u00e4ndige Person f\u00fcr den Datenschutz ist: Frau DESEE Catherine, 4 route de la c\u00f4te \u00e0 Bournet 16440 MOUTHIERS SUR BOEME. Telefon: 09.72.50.88.28. Mail: dpo@wedoback.com.  <\/span><\/p>\n<p><span style=\"text-decoration: underline;\"><strong><span style=\"text-align: var(--text-align); background-color: var(--ts-main-bg); color: var(--ts-text-color); font-family: var(--ts-pr-font-family); font-size: var(--ts-body-font-size); font-style: var(--ts-pr-font-style); letter-spacing: var(--ts-pr-letter-spacing); text-decoration: underline;\">Artikel 1 :<\/span><\/strong><\/span><\/p>\n<p>Diese pers\u00f6nlichen Daten werden nur in dem Ma\u00dfe verarbeitet oder genutzt, wie es f\u00fcr die folgenden Zwecke erforderlich ist:<\/p>\n<p>1) Die Erf\u00fcllung Ihres Handelsvertrags und das gute Funktionieren des Dienstes selbst, einschlie\u00dflich zum Beispiel (nicht ersch\u00f6pfend) :<\/p>\n<ul>\n<li>Bestellungen, Rechnungen, Buchhaltung und insbesondere die Verwaltung von Kundenkonten,<\/li>\n<li>\u00dcberwachung der Kundenbeziehung, Verwaltung von Beschwerden und Support-Service<\/li>\n<li>Verwendung Ihrer Bankdaten f\u00fcr Abbuchungen,<\/li>\n<li>Nutzung Ihrer Postadresse, um Ihnen Post zu senden,<\/li>\n<li>Verwendung Ihrer Telefonnummer und Ihrer gesch\u00e4ftlichen E-Mail-Adresse<\/li>\n<li>Anmelde- und Standortdaten f\u00fcr den ordnungsgem\u00e4\u00dfen Betrieb und die Sicherheit unseres Kundenportals<\/li>\n<\/ul>\n<p>2) Erf\u00fcllung einer gesetzlichen und\/oder regulatorischen Verpflichtung<\/p>\n<p><span style=\"text-decoration: underline;\"><strong>Artikel 2 :<\/strong><\/span><\/p>\n<p>Ihre pers\u00f6nlichen Daten werden so lange aufbewahrt, wie es f\u00fcr die Erf\u00fcllung Ihres Vertrages, die Erf\u00fcllung der gesetzlichen und regulatorischen Verpflichtungen des Unternehmens und die Aus\u00fcbung der Rechte, die ihm durch Gesetz und Rechtsprechung zuerkannt werden, erforderlich ist.<\/p>\n<p>Die Daten werden f\u00fcr die Dauer der Gesch\u00e4ftsbeziehung und danach bis zu 6 Monate nach Beendigung des Vertragsverh\u00e4ltnisses aufbewahrt. Es sei denn, der Kunde hat seine Zustimmung gegeben oder eine gesetzliche oder beh\u00f6rdliche Vorschrift verlangt eine bestimmte Dauer. (Beispiel: 10 Jahre f\u00fcr Bankdaten).  <\/p>\n<p>F\u00fcr die Nutzung unseres Online-Kommunikationsdienstes: Ihre Daten werden bis zur L\u00f6schung des Kontos durch den Nutzer oder maximal 6 Monate nach Beendigung der Gesch\u00e4ftsbeziehung aufbewahrt. Es werden keine Daten \u00fcber Cookies gesammelt, es sei denn, der Kunde stimmt der Nutzung f\u00fcr den Betrieb der Website (Sprachwahl usw.) zu. <\/p>\n<p>W\u00e4hrend der gesamten Dauer der Speicherung Ihrer pers\u00f6nlichen Daten werden wir alle geeigneten Mittel einsetzen, um die Vertraulichkeit und Sicherheit Ihrer pers\u00f6nlichen Daten zu gew\u00e4hrleisten, so dass eine Besch\u00e4digung, L\u00f6schung oder ein Zugriff durch unbefugte Dritte verhindert wird.<\/p>\n<p><span style=\"text-decoration: underline;\"><strong>Artikel 3 :<\/strong><\/span><\/p>\n<p>Der Zugang zu pers\u00f6nlichen Daten ist strikt auf die Mitarbeiter des Unternehmens beschr\u00e4nkt, die aufgrund ihrer Funktion berechtigt sind, diese Daten zu verarbeiten.<\/p>\n<p>Die gesammelten Informationen k\u00f6nnen m\u00f6glicherweise an Dritte weitergegeben werden, wie z.B. Beh\u00f6rden, unsere Partner und unsere Drittanbieter von Dienstleistungen. Es wird darauf hingewiesen, dass Dritte im Rahmen der Ausf\u00fchrung ihrer Dienstleistungen nur einen begrenzten Zugang zu den Daten haben und verpflichtet sind, diese in \u00dcbereinstimmung mit den Bestimmungen der anwendbaren Gesetzgebung zum Schutz personenbezogener Daten zu verwenden. Und was unsere Handelsvertreter betrifft, so speichern diese Dienstleister keine Daten au\u00dferhalb unserer gesch\u00fctzten Server.  <\/p>\n<p>Im Rahmen seiner Verarbeitungsvorg\u00e4nge verpflichtet sich der f\u00fcr die Verarbeitung Verantwortliche, Ihre personenbezogenen Daten nicht au\u00dferhalb der Europ\u00e4ischen Union zu \u00fcbermitteln. Au\u00dfer in den folgenden F\u00e4llen, in denen Daten in die Vereinigten Staaten \u00fcbertragen werden k\u00f6nnen: &nbsp;<\/p>\n<ul>\n<li>F\u00fcr Kunden, die office 365 nutzen, das von Dedication Software bereitgestellt wird;<\/li>\n<li>Auf Wunsch einiger Verleger, die Kunden namentliche Lizenzen zur Verf\u00fcgung stellen;<\/li>\n<li>Bei einigen SSL-Zertifikaten, um die Person zu definieren, die beim Kunden f\u00fcr die Zertifizierungsstelle zust\u00e4ndig ist.<\/li>\n<\/ul>\n<p><span style=\"text-decoration: underline;\"><strong>Artikel 4 :<\/strong><\/span><\/p>\n<p>Gem\u00e4\u00df den geltenden gesetzlichen und regulatorischen Bestimmungen haben Sie das Recht auf Zugang, Berichtigung, \u00dcbertragbarkeit und L\u00f6schung Ihrer Daten oder auf Einschr\u00e4nkung der Verarbeitung. Sie k\u00f6nnen auch aus legitimen Gr\u00fcnden gegen die Verarbeitung Ihrer Daten Widerspruch einlegen. <\/p>\n<p>Sie k\u00f6nnen, vorbehaltlich der Vorlage eines g\u00fcltigen Identit\u00e4tsnachweises, Ihre Rechte innerhalb der gesetzlichen Grenzen aus\u00fcben, indem Sie sich an unseren Datenschutzbeauftragten wenden: Frau DESEE Catherine, deren Kontaktdaten oben angegeben sind.<\/p>\n<p>Bei Schwierigkeiten im Zusammenhang mit der Verwaltung Ihrer pers\u00f6nlichen Daten k\u00f6nnen Sie sich an die Nationale Kommission f\u00fcr Informatik und Freiheiten wenden (weitere Informationen unter www.cnil.fr).<\/p>\t\t\t\t\t\t\t\t<\/div>\n\t\t\t\t<\/div>\n\t\t\t\t\t<\/div>\n\t\t\t\t<\/div>\n\t\t\t\t<\/div>\n\t\t","protected":false},"excerpt":{"rendered":"<p>Im Rahmen der Kundenverwaltung f\u00fcr die Marke WeDoBack sammelt das Unternehmen D\u00e9dicace Software, das f\u00fcr den Verkauf und die F\u00f6rderung der Dienstleistungen von WeDoBack in Europa zust\u00e4ndig ist, Ihre pers\u00f6nlichen Daten (z.B. Name, Vorname, Adressen, Telefonnummern&#8230;). Die Daten werden verarbeitet und der Verantwortliche ist Herr DESEE Simon, 4 route de la c\u00f4te \u00e0 Bournet 16440 [&hellip;]<\/p>\n","protected":false},"author":9,"featured_media":0,"parent":0,"menu_order":0,"comment_status":"closed","ping_status":"closed","template":"","meta":{"om_disable_all_campaigns":false,"_monsterinsights_skip_tracking":false,"_monsterinsights_sitenote_active":false,"_monsterinsights_sitenote_note":"","_monsterinsights_sitenote_category":0,"footnotes":""},"class_list":["post-17973","page","type-page","status-publish","hentry"],"aioseo_notices":[],"_links":{"self":[{"href":"https:\/\/wedoback.com\/de\/wp-json\/wp\/v2\/pages\/17973","targetHints":{"allow":["GET"]}}],"collection":[{"href":"https:\/\/wedoback.com\/de\/wp-json\/wp\/v2\/pages"}],"about":[{"href":"https:\/\/wedoback.com\/de\/wp-json\/wp\/v2\/types\/page"}],"author":[{"embeddable":true,"href":"https:\/\/wedoback.com\/de\/wp-json\/wp\/v2\/users\/9"}],"replies":[{"embeddable":true,"href":"https:\/\/wedoback.com\/de\/wp-json\/wp\/v2\/comments?post=17973"}],"version-history":[{"count":0,"href":"https:\/\/wedoback.com\/de\/wp-json\/wp\/v2\/pages\/17973\/revisions"}],"wp:attachment":[{"href":"https:\/\/wedoback.com\/de\/wp-json\/wp\/v2\/media?parent=17973"}],"curies":[{"name":"wp","href":"https:\/\/api.w.org\/{rel}","templated":true}]}}