{"id":17914,"date":"2024-03-22T19:10:54","date_gmt":"2024-03-22T18:10:54","guid":{"rendered":"https:\/\/www.wedoback.net\/dsgvo\/"},"modified":"2025-03-20T13:07:32","modified_gmt":"2025-03-20T12:07:32","slug":"dsgvo","status":"publish","type":"page","link":"https:\/\/wedoback.com\/de\/dsgvo\/","title":{"rendered":"DSGVO"},"content":{"rendered":"\t\t<div data-elementor-type=\"wp-page\" data-elementor-id=\"17914\" class=\"elementor elementor-17914\" data-elementor-settings=\"{&quot;ha_cmc_init_switcher&quot;:&quot;no&quot;}\" data-elementor-post-type=\"page\">\n\t\t\t\t\t\t<section class=\"elementor-section elementor-top-section elementor-element elementor-element-21bcdcd1 elementor-section-boxed elementor-section-height-default elementor-section-height-default\" data-id=\"21bcdcd1\" data-element_type=\"section\" data-e-type=\"section\" data-settings=\"{&quot;background_background&quot;:&quot;classic&quot;,&quot;_ha_eqh_enable&quot;:false}\">\n\t\t\t\t\t\t\t<div class=\"elementor-background-overlay\"><\/div>\n\t\t\t\t\t\t\t<div class=\"elementor-container elementor-column-gap-no\">\n\t\t\t\t\t<div class=\"elementor-column elementor-col-100 elementor-top-column elementor-element elementor-element-6aef72eb\" data-id=\"6aef72eb\" data-element_type=\"column\" data-e-type=\"column\">\n\t\t\t<div class=\"elementor-widget-wrap elementor-element-populated\">\n\t\t\t\t\t\t<div class=\"elementor-element elementor-element-3166e086 elementor-invisible elementor-widget elementor-widget-heading\" data-id=\"3166e086\" data-element_type=\"widget\" data-e-type=\"widget\" data-settings=\"{&quot;_animation&quot;:&quot;fadeInUp&quot;}\" data-widget_type=\"heading.default\">\n\t\t\t\t<div class=\"elementor-widget-container\">\n\t\t\t\t\t<h6 class=\"elementor-heading-title elementor-size-default\">Allgemeine Verordnung \u00fcber den Datenschutz<\/h6>\t\t\t\t<\/div>\n\t\t\t\t<\/div>\n\t\t\t\t<div class=\"elementor-element elementor-element-6272e958 elementor-invisible elementor-widget elementor-widget-heading\" data-id=\"6272e958\" data-element_type=\"widget\" data-e-type=\"widget\" data-settings=\"{&quot;_animation&quot;:&quot;fadeInUp&quot;,&quot;_animation_delay&quot;:200}\" data-widget_type=\"heading.default\">\n\t\t\t\t<div class=\"elementor-widget-container\">\n\t\t\t\t\t<h1 class=\"elementor-heading-title elementor-size-default\">DSGVO<\/h1>\t\t\t\t<\/div>\n\t\t\t\t<\/div>\n\t\t\t\t<div class=\"elementor-element elementor-element-7a96eec0 elementor-widget elementor-widget-text-editor\" data-id=\"7a96eec0\" data-element_type=\"widget\" data-e-type=\"widget\" data-widget_type=\"text-editor.default\">\n\t\t\t\t<div class=\"elementor-widget-container\">\n\t\t\t\t\t\t\t\t\t<p>Wir verpflichten uns gegen\u00fcber unseren Kunden und Partnern zum Schutz personenbezogener Daten gem\u00e4\u00df der EU-Verordnung Nr. 2016\/679.<\/p>\n\t\t\t\t\t\t\t\t<\/div>\n\t\t\t\t<\/div>\n\t\t\t\t\t<\/div>\n\t\t<\/div>\n\t\t\t\t\t<\/div>\n\t\t<\/section>\n\t\t\t\t<section class=\"elementor-section elementor-top-section elementor-element elementor-element-465c34a8 elementor-section-boxed elementor-section-height-default elementor-section-height-default\" data-id=\"465c34a8\" data-element_type=\"section\" data-e-type=\"section\" data-settings=\"{&quot;_ha_eqh_enable&quot;:false}\">\n\t\t\t\t\t\t<div class=\"elementor-container elementor-column-gap-default\">\n\t\t\t\t\t<div class=\"elementor-column elementor-col-50 elementor-top-column elementor-element elementor-element-32ef9d43 elementor-invisible\" data-id=\"32ef9d43\" data-element_type=\"column\" data-e-type=\"column\" data-settings=\"{&quot;background_background&quot;:&quot;gradient&quot;,&quot;animation&quot;:&quot;fadeInUp&quot;,&quot;animation_delay&quot;:200}\">\n\t\t\t<div class=\"elementor-widget-wrap elementor-element-populated\">\n\t\t\t\t\t\t<div class=\"elementor-element elementor-element-89c67f0 elementor-view-default elementor-widget elementor-widget-icon\" data-id=\"89c67f0\" data-element_type=\"widget\" data-e-type=\"widget\" data-widget_type=\"icon.default\">\n\t\t\t\t<div class=\"elementor-widget-container\">\n\t\t\t\t\t\t\t<div class=\"elementor-icon-wrapper\">\n\t\t\t<div class=\"elementor-icon\">\n\t\t\t<i aria-hidden=\"true\" class=\"fas fa-database\"><\/i>\t\t\t<\/div>\n\t\t<\/div>\n\t\t\t\t\t\t<\/div>\n\t\t\t\t<\/div>\n\t\t\t\t<div class=\"elementor-element elementor-element-4320ee7f elementor-widget elementor-widget-text-editor\" data-id=\"4320ee7f\" data-element_type=\"widget\" data-e-type=\"widget\" data-widget_type=\"text-editor.default\">\n\t\t\t\t<div class=\"elementor-widget-container\">\n\t\t\t\t\t\t\t\t\t<p>Wir setzen intern ein hohes Ma\u00df an Schutz f\u00fcr die uns anvertrauten Daten um und verfolgen alle Ma\u00dfnahmen, die mit den Daten durchgef\u00fchrt werden.<\/p>\n\t\t\t\t\t\t\t\t<\/div>\n\t\t\t\t<\/div>\n\t\t\t\t\t<\/div>\n\t\t<\/div>\n\t\t\t\t<div class=\"elementor-column elementor-col-50 elementor-top-column elementor-element elementor-element-7b46b34 elementor-invisible\" data-id=\"7b46b34\" data-element_type=\"column\" data-e-type=\"column\" data-settings=\"{&quot;background_background&quot;:&quot;gradient&quot;,&quot;animation&quot;:&quot;fadeInUp&quot;,&quot;animation_delay&quot;:200}\">\n\t\t\t<div class=\"elementor-widget-wrap elementor-element-populated\">\n\t\t\t\t\t\t<div class=\"elementor-element elementor-element-7440566 elementor-view-default elementor-widget elementor-widget-icon\" data-id=\"7440566\" data-element_type=\"widget\" data-e-type=\"widget\" data-widget_type=\"icon.default\">\n\t\t\t\t<div class=\"elementor-widget-container\">\n\t\t\t\t\t\t\t<div class=\"elementor-icon-wrapper\">\n\t\t\t<div class=\"elementor-icon\">\n\t\t\t<i aria-hidden=\"true\" class=\"fas fa-lock\"><\/i>\t\t\t<\/div>\n\t\t<\/div>\n\t\t\t\t\t\t<\/div>\n\t\t\t\t<\/div>\n\t\t\t\t<div class=\"elementor-element elementor-element-a563775 elementor-widget elementor-widget-text-editor\" data-id=\"a563775\" data-element_type=\"widget\" data-e-type=\"widget\" data-widget_type=\"text-editor.default\">\n\t\t\t\t<div class=\"elementor-widget-container\">\n\t\t\t\t\t\t\t\t\t<p>Wir unterst\u00fctzen Ihr Unternehmen bei der Umsetzung der DSGVO, indem wir Ihnen alle notwendigen Mittel zur Verf\u00fcgung stellen, um Ihr Informationssystem zu sch\u00fctzen und zu sichern.<\/p>\n\t\t\t\t\t\t\t\t<\/div>\n\t\t\t\t<\/div>\n\t\t\t\t\t<\/div>\n\t\t<\/div>\n\t\t\t\t\t<\/div>\n\t\t<\/section>\n\t\t\t\t<section class=\"elementor-section elementor-top-section elementor-element elementor-element-2e32cd3 elementor-section-boxed elementor-section-height-default elementor-section-height-default\" data-id=\"2e32cd3\" data-element_type=\"section\" data-e-type=\"section\" data-settings=\"{&quot;_ha_eqh_enable&quot;:false}\">\n\t\t\t\t\t\t<div class=\"elementor-container elementor-column-gap-default\">\n\t\t\t\t\t<div class=\"elementor-column elementor-col-50 elementor-top-column elementor-element elementor-element-06414c3 elementor-invisible\" data-id=\"06414c3\" data-element_type=\"column\" data-e-type=\"column\" data-settings=\"{&quot;background_background&quot;:&quot;gradient&quot;,&quot;animation&quot;:&quot;fadeInUp&quot;,&quot;animation_delay&quot;:200}\">\n\t\t\t<div class=\"elementor-widget-wrap elementor-element-populated\">\n\t\t\t\t\t\t<div class=\"elementor-element elementor-element-5c9a020 elementor-view-default elementor-widget elementor-widget-icon\" data-id=\"5c9a020\" data-element_type=\"widget\" data-e-type=\"widget\" data-widget_type=\"icon.default\">\n\t\t\t\t<div class=\"elementor-widget-container\">\n\t\t\t\t\t\t\t<div class=\"elementor-icon-wrapper\">\n\t\t\t<div class=\"elementor-icon\">\n\t\t\t<i aria-hidden=\"true\" class=\"far fa-star\"><\/i>\t\t\t<\/div>\n\t\t<\/div>\n\t\t\t\t\t\t<\/div>\n\t\t\t\t<\/div>\n\t\t\t\t<div class=\"elementor-element elementor-element-a3d9c7f elementor-widget elementor-widget-text-editor\" data-id=\"a3d9c7f\" data-element_type=\"widget\" data-e-type=\"widget\" data-widget_type=\"text-editor.default\">\n\t\t\t\t<div class=\"elementor-widget-container\">\n\t\t\t\t\t\t\t\t\t<div class=\"service-item mt--30 col-lg-6 col-md-6 col-sm-6 col-12 elementor-repeater-item-8255a03\">\n<div class=\"single-service\">\n<div class=\"service service__style--2 text-center\">\n<div class=\"content\"> <\/div>\n<\/div>\n<\/div>\n<\/div>\n<div class=\"service-item mt--30 col-lg-6 col-md-6 col-sm-6 col-12 elementor-repeater-item-a1b216e\">\n<div class=\"single-service\">\n<div class=\"service service__style--2 text-center\">\n<div class=\"content\">\n<p>Wir tragen dazu bei, Ihr Image als seri\u00f6ses und verantwortungsbewusstes Unternehmen aufzuwerten.<\/p>\n<\/div>\n<\/div>\n<\/div>\n<\/div>\n\t\t\t\t\t\t\t\t<\/div>\n\t\t\t\t<\/div>\n\t\t\t\t\t<\/div>\n\t\t<\/div>\n\t\t\t\t<div class=\"elementor-column elementor-col-50 elementor-top-column elementor-element elementor-element-2d2d221 elementor-invisible\" data-id=\"2d2d221\" data-element_type=\"column\" data-e-type=\"column\" data-settings=\"{&quot;background_background&quot;:&quot;gradient&quot;,&quot;animation&quot;:&quot;fadeInUp&quot;,&quot;animation_delay&quot;:200}\">\n\t\t\t<div class=\"elementor-widget-wrap elementor-element-populated\">\n\t\t\t\t\t\t<div class=\"elementor-element elementor-element-08f8f00 elementor-view-default elementor-widget elementor-widget-icon\" data-id=\"08f8f00\" data-element_type=\"widget\" data-e-type=\"widget\" data-widget_type=\"icon.default\">\n\t\t\t\t<div class=\"elementor-widget-container\">\n\t\t\t\t\t\t\t<div class=\"elementor-icon-wrapper\">\n\t\t\t<div class=\"elementor-icon\">\n\t\t\t<i aria-hidden=\"true\" class=\"fas fa-key\"><\/i>\t\t\t<\/div>\n\t\t<\/div>\n\t\t\t\t\t\t<\/div>\n\t\t\t\t<\/div>\n\t\t\t\t<div class=\"elementor-element elementor-element-c9d99bd elementor-widget elementor-widget-text-editor\" data-id=\"c9d99bd\" data-element_type=\"widget\" data-e-type=\"widget\" data-widget_type=\"text-editor.default\">\n\t\t\t\t<div class=\"elementor-widget-container\">\n\t\t\t\t\t\t\t\t\t<p>Die sorgf\u00e4ltige Verwaltung Ihrer Daten wird Ihnen helfen, Ihre Effizienz und Produktivit\u00e4t zu steigern.<\/p>\n\t\t\t\t\t\t\t\t<\/div>\n\t\t\t\t<\/div>\n\t\t\t\t\t<\/div>\n\t\t<\/div>\n\t\t\t\t\t<\/div>\n\t\t<\/section>\n\t\t\t\t<section class=\"elementor-section elementor-top-section elementor-element elementor-element-21456ed2 elementor-section-boxed elementor-section-height-default elementor-section-height-default\" data-id=\"21456ed2\" data-element_type=\"section\" data-e-type=\"section\" data-settings=\"{&quot;background_background&quot;:&quot;classic&quot;,&quot;_ha_eqh_enable&quot;:false}\">\n\t\t\t\t\t\t<div class=\"elementor-container elementor-column-gap-no\">\n\t\t\t\t\t<div class=\"elementor-column elementor-col-100 elementor-top-column elementor-element elementor-element-3dde4c32\" data-id=\"3dde4c32\" data-element_type=\"column\" data-e-type=\"column\">\n\t\t\t<div class=\"elementor-widget-wrap elementor-element-populated\">\n\t\t\t\t\t\t<div class=\"elementor-element elementor-element-187170c8 elementor-view-default elementor-widget elementor-widget-icon\" data-id=\"187170c8\" data-element_type=\"widget\" data-e-type=\"widget\" data-settings=\"{&quot;motion_fx_motion_fx_mouse&quot;:&quot;yes&quot;,&quot;motion_fx_mouseTrack_effect&quot;:&quot;yes&quot;,&quot;motion_fx_mouseTrack_speed&quot;:{&quot;unit&quot;:&quot;px&quot;,&quot;size&quot;:1,&quot;sizes&quot;:[]}}\" data-widget_type=\"icon.default\">\n\t\t\t\t<div class=\"elementor-widget-container\">\n\t\t\t\t\t\t\t<div class=\"elementor-icon-wrapper\">\n\t\t\t<div class=\"elementor-icon\">\n\t\t\t<i aria-hidden=\"true\" class=\"far fa-circle\"><\/i>\t\t\t<\/div>\n\t\t<\/div>\n\t\t\t\t\t\t<\/div>\n\t\t\t\t<\/div>\n\t\t\t\t<div class=\"elementor-element elementor-element-35201454 ha-has-bg-overlay elementor-widget elementor-widget-text-editor\" data-id=\"35201454\" data-element_type=\"widget\" data-e-type=\"widget\" data-widget_type=\"text-editor.default\">\n\t\t\t\t<div class=\"elementor-widget-container\">\n\t\t\t\t\t\t\t\t\t<p>&#8220;WEDOBACK verpflichtet sich gegen\u00fcber seinen Kunden und Partnern zum Schutz personenbezogener Daten gem\u00e4\u00df der Europ\u00e4ischen Verordnung Nr. 2016\/679, der so genannten Allgemeinen Datenschutzverordnung (DSGVO).<\/p>\n<p>Ohne die vorherige Zustimmung des Kunden und des (der) Datenverantwortlichen werden keine Daten an Drittunternehmen weitergegeben. Hierzu geh\u00f6ren Name, Vorname, E-Mail-Adresse, Firmenname, Postanschrift (nicht ersch\u00f6pfende Liste). Diese \u00dcbermittlungen sind z.B. notwendig, um die Einrichtung von Zug\u00e4ngen im Namen des Endkunden zu erm\u00f6glichen.  <\/p>\n<p>F\u00fcr jedes Projekt, das den Zugriff auf oder die Verwaltung von pers\u00f6nlichen Daten erfordert, z.B. bei der Manipulation von Datenbanken, wird ein Auftrag zwischen &#8220;WEDOBACK&#8221; und dem Kunden abgeschlossen. In diesem Auftrag werden die durchgef\u00fchrten Ma\u00dfnahmen, die betroffenen Daten und die f\u00fcr die Verarbeitung Verantwortlichen sowie die Dauer der Intervention detailliert aufgef\u00fchrt. <\/p>\n<p>&#8220;WEDOBACK hat intern ein hohes Schutzniveau f\u00fcr die ihm anvertrauten Daten eingerichtet und verfolgt alle Aktionen, die mit diesen Daten durchgef\u00fchrt werden. Jeder Kunde kann auf Anfrage Zugang zu allen ihn betreffenden Informationen (Aktionen und Daten) erhalten. <\/p>\n<p>F\u00fcr jede Intervention in Bezug auf Daten oder Zugriffsrechte auf bestimmte Daten fordert &#8220;WEDOBACK&#8221; die Zustimmung des Verantwortlichen f\u00fcr die betreffenden Daten \u00fcber die Verwendung eines speziellen Formulars an. Anfragen, die nicht vom Datenverantwortlichen best\u00e4tigt wurden, werden von &#8220;WEDOBACK&#8221; nicht bearbeitet oder akzeptiert. <\/p>\n<p>In \u00dcbereinstimmung mit dem franz\u00f6sischen Datenschutzgesetz vom 6. Januar 1978 und dem Inkrafttreten der Allgemeinen Datenschutzverordnung (GDPR) ab dem 25. Mai 2018 :<\/p>\n<p>&#8211; Die pers\u00f6nlichen Daten, die Sie uns zur Verf\u00fcgung stellen, werden nur im Zusammenhang mit den vertraglichen Beziehungen zwischen Ihnen und&nbsp;&#8220;<span style=\"letter-spacing: -0.255px;\">WEDOBACK&#8221;.<\/span> Die Daten werden nicht f\u00fcr Zwecke verwendet, die \u00fcber den beantragten Service hinausgehen. <\/p>\n<p>&#8211; Daten, die drei Jahre lang nicht verwendet wurden, werden regelm\u00e4\u00dfig aus unseren Datenbanken gel\u00f6scht (mindestens einmal j\u00e4hrlich) oder auf eine Art und Weise, die ausdr\u00fccklich f\u00fcr den betreffenden Dienst beschrieben ist.<\/p>\n<p>&#8211; Alle unsere Kunden k\u00f6nnen ihr Recht auf Zugang zu den sie betreffenden Daten aus\u00fcben. Sie k\u00f6nnen auch eine Berichtigung, L\u00f6schung, Einschr\u00e4nkung der Verarbeitung, Widerspruch oder \u00dcbertragbarkeit beantragen, indem sie sich an unseren Datenschutzbeauftragten wenden: dpo@wedoback.com. Kunden k\u00f6nnen auch eine Beschwerde bei der CNIL einreichen.  <\/p>\t\t\t\t\t\t\t\t<\/div>\n\t\t\t\t<\/div>\n\t\t\t\t<div class=\"elementor-element elementor-element-65f3f452 elementor-view-default elementor-widget elementor-widget-icon\" data-id=\"65f3f452\" data-element_type=\"widget\" data-e-type=\"widget\" data-settings=\"{&quot;motion_fx_motion_fx_mouse&quot;:&quot;yes&quot;,&quot;motion_fx_mouseTrack_effect&quot;:&quot;yes&quot;,&quot;motion_fx_mouseTrack_speed&quot;:{&quot;unit&quot;:&quot;px&quot;,&quot;size&quot;:1,&quot;sizes&quot;:[]}}\" data-widget_type=\"icon.default\">\n\t\t\t\t<div class=\"elementor-widget-container\">\n\t\t\t\t\t\t\t<div class=\"elementor-icon-wrapper\">\n\t\t\t<div class=\"elementor-icon\">\n\t\t\t<i aria-hidden=\"true\" class=\"far fa-circle\"><\/i>\t\t\t<\/div>\n\t\t<\/div>\n\t\t\t\t\t\t<\/div>\n\t\t\t\t<\/div>\n\t\t\t\t\t<\/div>\n\t\t<\/div>\n\t\t\t\t\t<\/div>\n\t\t<\/section>\n\t\t\t\t<\/div>\n\t\t","protected":false},"excerpt":{"rendered":"<p>Allgemeine Verordnung \u00fcber den Datenschutz DSGVO Wir verpflichten uns gegen\u00fcber unseren Kunden und Partnern zum Schutz personenbezogener Daten gem\u00e4\u00df der EU-Verordnung Nr. 2016\/679. Wir setzen intern ein hohes Ma\u00df an Schutz f\u00fcr die uns anvertrauten Daten um und verfolgen alle Ma\u00dfnahmen, die mit den Daten durchgef\u00fchrt werden. Wir unterst\u00fctzen Ihr Unternehmen bei der Umsetzung der [&hellip;]<\/p>\n","protected":false},"author":1,"featured_media":0,"parent":0,"menu_order":0,"comment_status":"closed","ping_status":"closed","template":"elementor_header_footer","meta":{"om_disable_all_campaigns":false,"_monsterinsights_skip_tracking":false,"_monsterinsights_sitenote_active":false,"_monsterinsights_sitenote_note":"","_monsterinsights_sitenote_category":0,"footnotes":""},"class_list":["post-17914","page","type-page","status-publish","hentry"],"aioseo_notices":[],"_links":{"self":[{"href":"https:\/\/wedoback.com\/de\/wp-json\/wp\/v2\/pages\/17914","targetHints":{"allow":["GET"]}}],"collection":[{"href":"https:\/\/wedoback.com\/de\/wp-json\/wp\/v2\/pages"}],"about":[{"href":"https:\/\/wedoback.com\/de\/wp-json\/wp\/v2\/types\/page"}],"author":[{"embeddable":true,"href":"https:\/\/wedoback.com\/de\/wp-json\/wp\/v2\/users\/1"}],"replies":[{"embeddable":true,"href":"https:\/\/wedoback.com\/de\/wp-json\/wp\/v2\/comments?post=17914"}],"version-history":[{"count":0,"href":"https:\/\/wedoback.com\/de\/wp-json\/wp\/v2\/pages\/17914\/revisions"}],"wp:attachment":[{"href":"https:\/\/wedoback.com\/de\/wp-json\/wp\/v2\/media?parent=17914"}],"curies":[{"name":"wp","href":"https:\/\/api.w.org\/{rel}","templated":true}]}}