{"id":17895,"date":"2021-04-01T13:59:59","date_gmt":"2021-04-01T11:59:59","guid":{"rendered":"https:\/\/www.wedoback.net\/unternehmenspolitik\/"},"modified":"2025-05-04T13:07:03","modified_gmt":"2025-05-04T11:07:03","slug":"unternehmenspolitik","status":"publish","type":"page","link":"https:\/\/wedoback.com\/de\/unternehmenspolitik\/","title":{"rendered":"Deontologische Charta"},"content":{"rendered":"\t\t<div data-elementor-type=\"wp-page\" data-elementor-id=\"17895\" class=\"elementor elementor-17895\" data-elementor-settings=\"{&quot;ha_cmc_init_switcher&quot;:&quot;no&quot;}\" data-elementor-post-type=\"page\">\n\t\t\t\t<div class=\"elementor-element elementor-element-642346a9 e-flex e-con-boxed e-con e-parent\" data-id=\"642346a9\" data-element_type=\"container\" data-e-type=\"container\" data-settings=\"{&quot;_ha_eqh_enable&quot;:false}\">\n\t\t\t\t\t<div class=\"e-con-inner\">\n\t\t\t\t<div class=\"elementor-element elementor-element-36d7647d elementor-widget elementor-widget-text-editor\" data-id=\"36d7647d\" data-element_type=\"widget\" data-e-type=\"widget\" data-widget_type=\"text-editor.default\">\n\t\t\t\t<div class=\"elementor-widget-container\">\n\t\t\t\t\t\t\t\t\t<p>&#8220;WEDOBACK&#8221; hat sich f\u00fcr eine ethische Politik entschieden, die moralische Werte und die Menschenw\u00fcrde respektiert. In diesem Sinne akzeptiert &#8220;WEDOBACK&#8221; nur das Hosting von Daten, die die folgenden Einschr\u00e4nkungen erf\u00fcllen: <\/p><p><br>Inhalte, die als beleidigend angesehen werden (diskriminierende, rassistische oder fremdenfeindliche, revisionistische oder negationistische, verleumderische, gewaltt\u00e4tige oder zu Gewalt aufrufende Inhalte, Inhalte, die die Sensibilit\u00e4t von Kindern schockieren k\u00f6nnen, beleidigende oder allgemein als vulg\u00e4r geltende Inhalte, beleidigende Inhalte, Inhalte, die gegen die guten Sitten oder die \u00f6ffentliche Ordnung versto\u00dfen, Inhalte, die religi\u00f6se Praktiken oder \u00dcberzeugungen beleidigen, Inhalte, die obsz\u00f6n, pornografisch oder p\u00e4dophil sind), sind untersagt.<\/p><ul><li>Im Allgemeinen sind Inhalte, die gegen geistige Eigentumsrechte und Urheberrechte (Texte, Bilder, Videos, Gesch\u00e4ftsgeheimnisse, interne oder vertrauliche Informationen usw.), geltende Gesetze und Vorschriften versto\u00dfen, auf unseren Servern ebenfalls verboten.<\/li><li>Jeder Kunde, dessen Webseite (oder andere Anwendung) von &#8220;WEDOBACK&#8221; verwaltet wird, muss sicherstellen, dass kein Besucher Kommentare, Blogs oder Meinungen einf\u00fcgen kann, die den folgenden Beschr\u00e4nkungen widersprechen:<\/li><\/ul><ul><li>keine Kommentare, die den Charakter einer rassistischen Beleidigung haben;<\/li><li>keine beleidigende oder allgemein als vulg\u00e4r geltende Sprache;<\/li><li>Keine beleidigende Sprache gegen\u00fcber religi\u00f6sen Praktiken oder \u00dcberzeugungen;<\/li><li>Abwesenheit von revisionistischen Inhalten ;<\/li><li>keine pornografischen oder p\u00e4dophilen Inhalte;<\/li><\/ul><div> <\/div><p>Dar\u00fcber hinaus werden aus Gr\u00fcnden der strikten Neutralit\u00e4t keine politischen, philosophischen oder religi\u00f6sen Inhalte von &#8220;WEDOBACK&#8221; verwaltet. Die Nichteinhaltung dieser ethischen Charta f\u00fchrt zu : <\/p><ul><li>  Sofortige Einstellung der Dienste, die f\u00fcr den betreffenden Kunden auf dem betreffenden Server bereitgestellt werden, solange der Inhalt nicht mit unseren Richtlinien \u00fcbereinstimmt;<\/li><li>In allen anderen F\u00e4llen ist eine Intervention von &#8220;WEDOBACK&#8221; nicht m\u00f6glich, solange der Inhalt nicht mit unserer Charta \u00fcbereinstimmt.<\/li><\/ul><p><strong>Pr\u00e4zisierungen zur Anwendung der Ethik-Charta :<\/strong><\/p><p>In \u00dcbereinstimmung mit den in Artikel 3 beschriebenen Werten bedeutet die Anwendung der Ethik-Charta die systematische und kategorische Ablehnung jeglicher Links zu den folgenden Inhalten:<\/p><ul><li>Hassreden, Bel\u00e4stigung, Beleidigungen, Drohungen, verleumderische Inhalte gegen Einzelpersonen, Gruppen, Staaten.<\/li><li>Nicht jugendfreier Inhalt, der suggestiv, provozierend oder explizit ist.<\/li><li>Unbegr\u00fcndete oder nicht \u00fcberpr\u00fcfbare, irref\u00fchrende oder zweideutige Informationen.<\/li><li>Unlautere oder missbr\u00e4uchliche Aktivit\u00e4ten oder Inhalte.<\/li><li>Religi\u00f6se Inhalte, Wahrsagerei, Astrologie, Okkultismus, etc.<\/li><li>Gl\u00fccksspiel und Gl\u00fccksspiel um Geld sowie jedes Spiel, das eine Sucht oder Abh\u00e4ngigkeit verursacht.<\/li><li>Waffen im Allgemeinen, Krieg, Aufstand, Demonstration.<\/li><li>Drogen, Tabak und alle Produkte, die eine Bedrohung f\u00fcr die Gesundheit darstellen.<\/li><li>Dating-Websites, Libertinage, Swingen oder andere.<\/li><\/ul>\t\t\t\t\t\t\t\t<\/div>\n\t\t\t\t<\/div>\n\t\t\t\t\t<\/div>\n\t\t\t\t<\/div>\n\t\t\t\t<\/div>\n\t\t","protected":false},"excerpt":{"rendered":"<p>&#8220;WEDOBACK&#8221; hat sich f\u00fcr eine ethische Politik entschieden, die moralische Werte und die Menschenw\u00fcrde respektiert. In diesem Sinne akzeptiert &#8220;WEDOBACK&#8221; nur das Hosting von Daten, die die folgenden Einschr\u00e4nkungen erf\u00fcllen: Inhalte, die als beleidigend angesehen werden (diskriminierende, rassistische oder fremdenfeindliche, revisionistische oder negationistische, verleumderische, gewaltt\u00e4tige oder zu Gewalt aufrufende Inhalte, Inhalte, die die Sensibilit\u00e4t von [&hellip;]<\/p>\n","protected":false},"author":1,"featured_media":0,"parent":0,"menu_order":0,"comment_status":"closed","ping_status":"closed","template":"","meta":{"om_disable_all_campaigns":false,"_monsterinsights_skip_tracking":false,"_monsterinsights_sitenote_active":false,"_monsterinsights_sitenote_note":"","_monsterinsights_sitenote_category":0,"footnotes":""},"class_list":["post-17895","page","type-page","status-publish","hentry"],"aioseo_notices":[],"_links":{"self":[{"href":"https:\/\/wedoback.com\/de\/wp-json\/wp\/v2\/pages\/17895","targetHints":{"allow":["GET"]}}],"collection":[{"href":"https:\/\/wedoback.com\/de\/wp-json\/wp\/v2\/pages"}],"about":[{"href":"https:\/\/wedoback.com\/de\/wp-json\/wp\/v2\/types\/page"}],"author":[{"embeddable":true,"href":"https:\/\/wedoback.com\/de\/wp-json\/wp\/v2\/users\/1"}],"replies":[{"embeddable":true,"href":"https:\/\/wedoback.com\/de\/wp-json\/wp\/v2\/comments?post=17895"}],"version-history":[{"count":0,"href":"https:\/\/wedoback.com\/de\/wp-json\/wp\/v2\/pages\/17895\/revisions"}],"wp:attachment":[{"href":"https:\/\/wedoback.com\/de\/wp-json\/wp\/v2\/media?parent=17895"}],"curies":[{"name":"wp","href":"https:\/\/api.w.org\/{rel}","templated":true}]}}