{"id":17893,"date":"2021-01-17T05:06:12","date_gmt":"2021-01-17T04:06:12","guid":{"rendered":"https:\/\/www.wedoback.net\/datenschutzrichtlinie\/"},"modified":"2025-05-04T11:59:50","modified_gmt":"2025-05-04T09:59:50","slug":"datenschutzrichtlinie","status":"publish","type":"page","link":"https:\/\/wedoback.com\/de\/datenschutzrichtlinie\/","title":{"rendered":"Datenschutzrichtlinie"},"content":{"rendered":"\t\t<div data-elementor-type=\"wp-page\" data-elementor-id=\"17893\" class=\"elementor elementor-17893\" data-elementor-settings=\"{&quot;ha_cmc_init_switcher&quot;:&quot;no&quot;}\" data-elementor-post-type=\"page\">\n\t\t\t\t\t\t<section class=\"elementor-section elementor-top-section elementor-element elementor-element-22d51328 elementor-section-boxed elementor-section-height-default elementor-section-height-default\" data-id=\"22d51328\" data-element_type=\"section\" data-e-type=\"section\" data-settings=\"{&quot;_ha_eqh_enable&quot;:false}\">\n\t\t\t\t\t\t<div class=\"elementor-container elementor-column-gap-default\">\n\t\t\t\t\t<div class=\"elementor-column elementor-col-100 elementor-top-column elementor-element elementor-element-5639855\" data-id=\"5639855\" data-element_type=\"column\" data-e-type=\"column\">\n\t\t\t<div class=\"elementor-widget-wrap elementor-element-populated\">\n\t\t\t\t\t\t<div class=\"elementor-element elementor-element-1bb75c80 elementor-widget elementor-widget-text-editor\" data-id=\"1bb75c80\" data-element_type=\"widget\" data-e-type=\"widget\" data-widget_type=\"text-editor.default\">\n\t\t\t\t<div class=\"elementor-widget-container\">\n\t\t\t\t\t\t\t\t\t<p><strong>Letzte Aktualisierung:<\/strong> 20. April 2025<\/p><p>Bei <strong>WeDoBack<\/strong> legen wir gro\u00dfen Wert auf die Vertraulichkeit und den Schutz der pers\u00f6nlichen Daten unserer Nutzer, unabh\u00e4ngig von ihrem Standort und dem Land, in dem sie leben.<\/p><p>Unsere Datenschutzrichtlinie ist so gestaltet, dass sie <strong>den europ\u00e4ischen Vorschriften<\/strong> (einschlie\u00dflich der DSGVO) entspricht, aber auch <strong>den lokalen Anforderungen<\/strong>, die in anderen Gerichtsbarkeiten <strong>gelten<\/strong>, einschlie\u00dflich Afrika, Nordamerika und anderen regulierten Gebieten. Wenn spezifische Gesetze die \u00dcbertragung von Daten ins Ausland verbieten oder regeln, sorgen wir daf\u00fcr, dass <strong>diese<\/strong> Gesetze <strong>strikt eingehalten<\/strong> werden. <\/p><p>Das Ziel dieser Politik ist es, Sie transparent zu informieren \u00fcber :<\/p><ul><li>Die von uns gesammelten Daten ;<\/li><li>Wie wir sie nutzen ;<\/li><li>Ihre Rechte als Nutzer ;<\/li><li>Die ergriffenen Schutzma\u00dfnahmen.<\/li><\/ul><h1>1. Verantwortlich f\u00fcr die Verarbeitung<\/h1><p>Die <strong>WeDoBack-Website<\/strong> wird von der Firma <span style=\"text-decoration: underline;\">D\u00e9dicace Software<\/span>, SAS mit einem Kapital von 10.000 \u20ac, eingetragen im Handelsregister von Angoul\u00eame unter der Nummer 531466167, mit Sitz in 4 route de la c\u00f4te \u00e0 Bournet, 16440 Mouthiers-sur-Bo\u00ebme, herausgegeben.<\/p><p>D\u00e9dicace Software SAS vertritt die Pioneer Humani Gruppe in Europa und ist f\u00fcr die F\u00f6rderung, den Verkauf und die Bereitstellung der WeDoBack-Dienste in diesem Gebiet verantwortlich. Au\u00dferhalb Europas werden diese Aktivit\u00e4ten <span style=\"text-decoration: underline;\">direkt von der Pioneer Humani Gruppe<\/span> \u00fcber ihre regionalen Hubs und deren jeweilige Tochtergesellschaften durchgef\u00fchrt. <\/p><h1>2. Definition eines regionalen Zentrums (Hub)<\/h1><p>Im Rahmen der Unternehmensf\u00fchrung der Pioneer Humani Group ist ein regionaler Hub eine Einheit, die f\u00fcr die Koordinierung, Unterst\u00fctzung und \u00dcberwachung der Aktivit\u00e4ten ihrer Tochtergesellschaften in einem bestimmten geografischen Gebiet zust\u00e4ndig ist. Diese Hubs k\u00f6nnen auf Daten zugreifen, die f\u00fcr die Erbringung von Dienstleistungen, die Einhaltung gesetzlicher Vorschriften oder f\u00fcr Support- und Kommunikationsma\u00dfnahmen erforderlich sind, und zwar innerhalb der Grenzen, die durch die lokalen und europ\u00e4ischen Datenschutzgesetze vorgegeben sind. <\/p><h1>3. Gesammelte Daten<\/h1><p>Pioneer Humani kann die folgenden Arten von Daten sammeln und sie an die entsprechenden Einheiten der Gruppe (Hubs oder Tochtergesellschaften) weiterleiten, je nach ihrer geografischen Zust\u00e4ndigkeit f\u00fcr diese Daten:<\/p><ul><li>Identifikationsdaten: Anrede, Name, Vorname, E-Mail, Telefon, Postanschrift.<\/li><li>Auftragsdaten: Inhalt der Auftr\u00e4ge, Rechnungsstellung, Zahlungsmethoden.<\/li><li>Technische Daten: IP-Adresse, Browsertyp, Sprache, Betriebssystem.<\/li><li>Navigationsdaten: besuchte Seiten, verbrachte Zeit, Klicks (\u00fcber Matomo, intern gehostet).<\/li><li>Nutzungsdaten: besuchte Seiten, auf der Website verbrachte Zeit (\u00fcber unseren internen Statistikserver).<\/li><li>Daten aus dem Kontakt- oder Abonnementformular.<\/li><\/ul><p>NB: Unsere Dienstleistungen richten sich <strong>ausschlie\u00dflich an Fachleute<\/strong>. Wir sammeln keine pers\u00f6nlichen Daten von Minderj\u00e4hrigen. <\/p><h1>4. Mittel zur Sammlung<\/h1><p>Die Daten werden gesammelt durch :<\/p><ul><li>Online-Formulare (Kontakt, Kontoerstellung, Bestellung),<\/li><li>Cookies und Tracker (siehe Abschnitt Cookies),<\/li><li>Abonnement von kommerziellen Mitteilungen,<\/li><li>Direkter Austausch mit unseren Teams.<\/li><\/ul><h1>5. Zweck und Rechtsgrundlage der Verarbeitung<\/h1>\t\t\t\t\t\t\t\t<\/div>\n\t\t\t\t<\/div>\n\t\t\t\t<div class=\"elementor-element elementor-element-29cc85c elementor-widget elementor-widget-shortcode\" data-id=\"29cc85c\" data-element_type=\"widget\" data-e-type=\"widget\" data-widget_type=\"shortcode.default\">\n\t\t\t\t<div class=\"elementor-widget-container\">\n\t\t\t\t\t\t\t<div class=\"elementor-shortcode\">\n<table id=\"tablepress-1\" class=\"tablepress tablepress-id-1\">\n<thead>\n<tr class=\"row-1\">\n\t<th class=\"column-1\"><center><strong>Finalit\u00e9<\/strong><\/center><\/th><th class=\"column-2\"><center><strong>Base l\u00e9gale<\/strong><\/center><\/th><th class=\"column-3\"><center><strong>Dur\u00e9e de conservation<\/strong><\/center><\/th>\n<\/tr>\n<\/thead>\n<tbody class=\"row-striping row-hover\">\n<tr class=\"row-2\">\n\t<td class=\"column-1\">Cr\u00e9ation de compte utilisateur<\/td><td class=\"column-2\">Contrat \/ mesures pr\u00e9contractuelles<\/td><td class=\"column-3\">Jusqu\u2019\u00e0 suppression ou 2 ans d\u2019inactivit\u00e9<\/td>\n<\/tr>\n<tr class=\"row-3\">\n\t<td class=\"column-1\">Gestion des commandes et facturation<\/td><td class=\"column-2\">Contrat \/ obligation l\u00e9gale<\/td><td class=\"column-3\">10 ans<\/td>\n<\/tr>\n<tr class=\"row-4\">\n\t<td class=\"column-1\">R\u00e9ponse aux demandes de contact<\/td><td class=\"column-2\">Int\u00e9r\u00eat l\u00e9gitime<\/td><td class=\"column-3\">1 an apr\u00e8s la derni\u00e8re prise de contact<\/td>\n<\/tr>\n<tr class=\"row-5\">\n\t<td class=\"column-1\">Envoi d\u2019informations commerciales<\/td><td class=\"column-2\">Consentement<\/td><td class=\"column-3\">3 ans \u00e0 compter du dernier contact<\/td>\n<\/tr>\n<tr class=\"row-6\">\n\t<td class=\"column-1\">Statistiques de fr\u00e9quentation (interne)<\/td><td class=\"column-2\">Int\u00e9r\u00eat l\u00e9gitime \/ consentement<\/td><td class=\"column-3\">Jusqu\u2019\u00e0 13 mois (37 mois pour donn\u00e9es agr\u00e9g\u00e9es)<\/td>\n<\/tr>\n<tr class=\"row-7\">\n\t<td class=\"column-1\">S\u00e9curit\u00e9 du site \/ pr\u00e9vention de la fraude<\/td><td class=\"column-2\">Int\u00e9r\u00eat l\u00e9gitime<\/td><td class=\"column-3\">13 mois<\/td>\n<\/tr>\n<tr class=\"row-8\">\n\t<td class=\"column-1\">Prospection par filiales du groupe<\/td><td class=\"column-2\">Consentement<\/td><td class=\"column-3\">3 ans<\/td>\n<\/tr>\n<\/tbody>\n<\/table>\n<!-- #tablepress-1 from cache --><\/div>\n\t\t\t\t\t\t<\/div>\n\t\t\t\t<\/div>\n\t\t\t\t<div class=\"elementor-element elementor-element-8698709 elementor-widget elementor-widget-text-editor\" data-id=\"8698709\" data-element_type=\"widget\" data-e-type=\"widget\" data-widget_type=\"text-editor.default\">\n\t\t\t\t<div class=\"elementor-widget-container\">\n\t\t\t\t\t\t\t\t\t<p>Die Verarbeitung Ihrer Daten zu Werbezwecken erfolgt auf der Grundlage Ihrer vorherigen Zustimmung, au\u00dfer im Falle einer bereits bestehenden Gesch\u00e4ftsbeziehung, wo sie auf unserem berechtigten Interesse an der F\u00f6rderung unserer Produkte und Dienstleistungen beruht.<\/p><h1>6. Cookies<\/h1><p>Wir verwenden Cookies, um :<\/p><ul><li>Speichern Sie Ihre Spracheinstellungen,<\/li><li>Sicherstellung des reibungslosen Betriebs der Website (einschlie\u00dflich des Shops),<\/li><li>Durchf\u00fchrung von anonymen Publikumsmessungen (\u00fcber unseren internen Server, ohne \u00dcbertragung an Dritte).<\/li><\/ul><p>Sie k\u00f6nnen die Cookies \u00fcber Ihren Browser verwalten, die private Navigation nutzen oder unsere Cookie-Seite besuchen.<\/p><h1>7. Empf\u00e4nger der Daten<\/h1><p>Ihre pers\u00f6nlichen Daten werden von <strong>WeDoBack<\/strong> verarbeitet und <strong>die berechtigten Einheiten der Pioneer Humani Gruppe<\/strong>, insbesondere die jeweilige regionale Tochtergesellschaft, ihr regionales Zentrum und die Muttergesellschaft k\u00f6nnen je nach Ihrem Standort Zugang zu Ihren pers\u00f6nlichen Daten haben.<\/p><p>Dieser Zugang ist <strong>streng<\/strong> auf die Erfordernisse im Zusammenhang mit der Erbringung der Dienstleistungen, der Einhaltung gesetzlicher oder regulatorischer Verpflichtungen und gegebenenfalls auf kommerzielle Werbeaktionen <strong>beschr\u00e4nkt<\/strong>, die in \u00dcbereinstimmung mit der geltenden Datenschutzgesetzgebung durchgef\u00fchrt werden.<\/p><p>Es findet keine \u00dcbertragung an kommerzielle Dritte statt. Die Statistiken werden auf unseren eigenen internen Servern gehostet. <\/p><h1>8. Internationale \u00dcberweisungen<\/h1><p>WeDoBack verpflichtet sich, alle anwendbaren Vorschriften zum <strong>Schutz personenbezogener Daten und zur internationalen \u00dcbertragung<\/strong> einzuhalten, in \u00dcbereinstimmung mit der Allgemeinen Datenschutzverordnung (DSGVO) f\u00fcr europ\u00e4ische Kunden und den anwendbaren lokalen Gesetzen in anderen Gebieten.<\/p><p>F\u00fcr unsere Kunden in der<strong>Europ\u00e4ischen Union<\/strong> werden die pers\u00f6nlichen Daten ausschlie\u00dflich <strong>auf Servern innerhalb des Europ\u00e4ischen Wirtschaftsraums<\/strong> (EWR) <strong>gespeichert und verarbeitet<\/strong>. Es findet keine \u00dcbertragung von Daten au\u00dferhalb der EU statt, es sei denn, es handelt sich um : <\/p><p>\u21d2 Dies ist notwendig, um einen vom Nutzer ausdr\u00fccklich angeforderten Dienst auszuf\u00fchren;<br>\u21d2 Oder dass dies einer gerechtfertigten und betreuten gesetzlichen oder vertraglichen Verpflichtung entspricht.<\/p><p>F\u00fcr unsere Kunden <strong>au\u00dferhalb der Europ\u00e4ischen Union<\/strong>, insbesondere in Afrika, Asien oder S\u00fcdamerika, werden die Daten <strong>so lokal wie m\u00f6glich gehostet<\/strong>, d.h. :<\/p><p>\u21d2 Entweder <strong>im Land des Kunden<\/strong>, wenn die verf\u00fcgbare Infrastruktur den Sicherheitsstandards und der lokalen Gesetzgebung entspricht;<br>\u21d2 Oder in <strong>einem Drittland, das als Land mit einem angemessenen Schutzniveau anerkannt<\/strong> ist oder in dem geeignete rechtliche Garantien (Standardvertragsklauseln, BCR usw.) bestehen.<\/p><p><strong>In jedem Fall stellt WeDoBack sicher, dass jede grenz\u00fcberschreitende \u00dcbertragung strikt den geltenden rechtlichen Rahmenbedingungen entspricht und setzt angemessene technische und organisatorische Ma\u00dfnahmen ein, um die Sicherheit, Vertraulichkeit und Integrit\u00e4t der verarbeiteten Daten zu gew\u00e4hrleisten.<\/strong><\/p><p><span style=\"text-decoration: underline;\">Beispiel:<\/span> Daten, die von Kunden in Afrika gesammelt werden, werden nicht nach Europa oder in eine andere Jurisdiktion \u00fcbertragen, ohne vorher die Einhaltung der lokalen Gesetze zu \u00fcberpr\u00fcfen und ohne einen angemessenen rechtlichen Rahmen.<\/p><p>Informationen zu diesen Garantien k\u00f6nnen Sie \u00fcber unseren DPO-Kontakt anfordern.<\/p><h1>9. Spezifische Regelungen pro Region<\/h1><p><strong>Marokko:<\/strong> Gem\u00e4\u00df dem Gesetz 09-08 \u00fcber den Schutz personenbezogener Daten verpflichtet sich WeDoBack, die personenbezogenen Daten marokkanischer Nutzer nicht ohne Genehmigung der CNDP au\u00dferhalb des nationalen Hoheitsgebiets zu \u00fcbertragen. Die Dienste, technischen und gesch\u00e4ftlichen Daten werden lokal oder auf Infrastrukturen in Marokko oder in L\u00e4ndern, die von der CNDP als angemessen anerkannt sind, gehostet. <\/p><p><strong>Nutzer in anderen L\u00e4ndern Afrikas<\/strong> <strong>:<\/strong> Wir halten uns an die geltenden lokalen Bestimmungen zur Datenhoheit. Wo immer m\u00f6glich, hosten wir die Daten und Dienstleistungen unserer afrikanischen Kunden in lokalen oder regionalen Infrastrukturen und vermeiden jegliche \u00dcbertragung sensibler Daten au\u00dferhalb des Kontinents ohne Zustimmung oder gerechtfertigte vertragliche Notwendigkeit. <\/p><p><strong>Brasilien:<\/strong> In \u00dcbereinstimmung mit dem DSG werden die Daten brasilianischer Nutzer nur dann ins Ausland \u00fcbertragen, wenn das Zielland (wie die Europ\u00e4ische Union) ein angemessenes Schutzniveau gew\u00e4hrleistet, oder auf der Grundlage einer ausdr\u00fccklichen Zustimmung. WeDoBack hostet die Dienste und sensiblen Daten seiner brasilianischen Kunden lokal, sofern vertraglich nichts anderes vereinbart wurde. <\/p><p><strong>Mexiko:<\/strong> Gem\u00e4\u00df dem LFPDPPP informiert WeDoBack die mexikanischen Nutzer, dass bestimmte Daten, die f\u00fcr die Auftragsabwicklung erforderlich sind (z.B. Rechnungsdaten), in der Europ\u00e4ischen Union verarbeitet werden k\u00f6nnen. Es werden keine sensiblen Daten ohne ausdr\u00fcckliche Zustimmung oder gesetzliche Verpflichtung \u00fcbertragen. <\/p><p><strong>Asien \/ Indien \/ S\u00fcdostasien:<\/strong> Wir halten uns an die geltenden lokalen Vorschriften, wie das indische Datenschutzgesetz (DPDPA 2023) oder gleichwertige Vorschriften. WeDoBack stellt sicher, dass die Dienste und Daten asiatischer Kunden auf regionalen oder lokalen Infrastrukturen gehostet werden. Es werden keine internationalen Transfers ohne gesetzliche Grundlage oder informierte Zustimmung durchgef\u00fchrt.  <\/p><p><strong>China:<\/strong> Gem\u00e4\u00df dem PIPL-Gesetz werden keine in China gesammelten pers\u00f6nlichen Daten ohne vorherige Bewertung der Datensicherheit und ggf. Genehmigung der zust\u00e4ndigen Beh\u00f6rden ins Ausland transferiert. Die chinesischen Dienste und Daten werden ausschlie\u00dflich auf Servern in China gehostet. <\/p><h1>10. Ihre Rechte<\/h1><p>Gem\u00e4\u00df der DSGVO haben Sie die folgenden Rechte:<\/p><ul><li>Recht auf Zugang, Berichtigung und L\u00f6schung,<\/li><li>Recht auf Einschr\u00e4nkung der Verarbeitung,<\/li><li>Recht auf Widerspruch, auch gegen kommerzielle Werbung ohne Begr\u00fcndung,<\/li><li>Recht auf \u00dcbertragbarkeit,<\/li><li>Recht, Ihre Zustimmung jederzeit zu widerrufen,<\/li><li>Recht, postmortale Richtlinien festzulegen (Aufbewahrung, L\u00f6schung oder \u00dcbertragung Ihrer Daten nach dem Tod).<\/li><\/ul><p><strong>Um Ihre Rechte auszu\u00fcben oder bei Fragen zu Ihren pers\u00f6nlichen Daten<\/strong> k\u00f6nnen Sie :<\/p><ul><li>unseren Datenschutzbeauftragten (DPO) \u00fcber <a class=\"\" href=\"https:\/\/www.wedoback.com\/dpo\/\" target=\"_new\" rel=\"noopener\" data-start=\"1740\" data-end=\"1790\">diese Seite zu<\/a> kontaktieren.<\/li><li>Senden Sie eine E-Mail an dpo@wedoback.com<\/li><li>Senden Sie eine Postsendung: siehe Kontaktinformationen in Abschnitt 1.<\/li><\/ul><p>Sie k\u00f6nnen auch eine Beschwerde bei der CNIL in Frankreich einreichen (www.cnil.fr).<\/p><h1>11. Datensicherheit<\/h1><p>Wir setzen alle notwendigen technischen und organisatorischen Ma\u00dfnahmen ein, um die Vertraulichkeit, Integrit\u00e4t und Sicherheit Ihrer Daten zu gew\u00e4hrleisten:<\/p><ul><li>SSL\/TLS-Verschl\u00fcsselung,<\/li><li>Sichere Unterbringung,<\/li><li>Strenge Verwaltung des Zugangs,<\/li><li>Regelm\u00e4\u00dfige interne Audits.<\/li><\/ul><h1>12. \u00c4nderung der Politik<\/h1><p>Diese Politik kann aktualisiert werden. Im Falle einer wesentlichen \u00c4nderung werden Sie per E-Mail oder durch eine Nachricht auf der Seite informiert. Es gilt immer die auf dieser Seite ver\u00f6ffentlichte Version.  <\/p>\t\t\t\t\t\t\t\t<\/div>\n\t\t\t\t<\/div>\n\t\t\t\t\t<\/div>\n\t\t<\/div>\n\t\t\t\t\t<\/div>\n\t\t<\/section>\n\t\t\t\t<\/div>\n\t\t","protected":false},"excerpt":{"rendered":"<p>Letzte Aktualisierung: 20. April 2025 Bei WeDoBack legen wir gro\u00dfen Wert auf die Vertraulichkeit und den Schutz der pers\u00f6nlichen Daten unserer Nutzer, unabh\u00e4ngig von ihrem Standort und dem Land, in dem sie leben. Unsere Datenschutzrichtlinie ist so gestaltet, dass sie den europ\u00e4ischen Vorschriften (einschlie\u00dflich der DSGVO) entspricht, aber auch den lokalen Anforderungen, die in anderen [&hellip;]<\/p>\n","protected":false},"author":1,"featured_media":0,"parent":0,"menu_order":0,"comment_status":"closed","ping_status":"open","template":"","meta":{"om_disable_all_campaigns":false,"_monsterinsights_skip_tracking":false,"_monsterinsights_sitenote_active":false,"_monsterinsights_sitenote_note":"","_monsterinsights_sitenote_category":0,"footnotes":""},"class_list":["post-17893","page","type-page","status-publish","hentry"],"aioseo_notices":[],"_links":{"self":[{"href":"https:\/\/wedoback.com\/de\/wp-json\/wp\/v2\/pages\/17893","targetHints":{"allow":["GET"]}}],"collection":[{"href":"https:\/\/wedoback.com\/de\/wp-json\/wp\/v2\/pages"}],"about":[{"href":"https:\/\/wedoback.com\/de\/wp-json\/wp\/v2\/types\/page"}],"author":[{"embeddable":true,"href":"https:\/\/wedoback.com\/de\/wp-json\/wp\/v2\/users\/1"}],"replies":[{"embeddable":true,"href":"https:\/\/wedoback.com\/de\/wp-json\/wp\/v2\/comments?post=17893"}],"version-history":[{"count":0,"href":"https:\/\/wedoback.com\/de\/wp-json\/wp\/v2\/pages\/17893\/revisions"}],"wp:attachment":[{"href":"https:\/\/wedoback.com\/de\/wp-json\/wp\/v2\/media?parent=17893"}],"curies":[{"name":"wp","href":"https:\/\/api.w.org\/{rel}","templated":true}]}}