{"id":17881,"date":"2024-06-28T09:03:03","date_gmt":"2024-06-28T07:03:03","guid":{"rendered":"https:\/\/www.wedoback.net\/pra-angebot-business-recovery-plan\/"},"modified":"2025-03-20T10:00:37","modified_gmt":"2025-03-20T09:00:37","slug":"pra-angebot-business-recovery-plan","status":"publish","type":"page","link":"https:\/\/wedoback.com\/de\/pra-angebot-business-recovery-plan\/","title":{"rendered":"PRA-Angebot (Business Recovery Plan)"},"content":{"rendered":"\t\t<div data-elementor-type=\"wp-page\" data-elementor-id=\"17881\" class=\"elementor elementor-17881\" data-elementor-settings=\"{&quot;ha_cmc_init_switcher&quot;:&quot;no&quot;}\" data-elementor-post-type=\"page\">\n\t\t\t\t<div class=\"elementor-element elementor-element-8336f96 e-flex e-con-boxed e-con e-parent\" data-id=\"8336f96\" data-element_type=\"container\" data-e-type=\"container\" data-settings=\"{&quot;_ha_eqh_enable&quot;:false}\">\n\t\t\t\t\t<div class=\"e-con-inner\">\n\t\t\t\t<div class=\"elementor-element elementor-element-ac5ece0 elementor-widget elementor-widget-heading\" data-id=\"ac5ece0\" data-element_type=\"widget\" data-e-type=\"widget\" data-widget_type=\"heading.default\">\n\t\t\t\t<div class=\"elementor-widget-container\">\n\t\t\t\t\t<h2 class=\"elementor-heading-title elementor-size-default\">PRA-Angebot (Business Recovery Plan)<\/h2>\t\t\t\t<\/div>\n\t\t\t\t<\/div>\n\t\t\t\t<div class=\"elementor-element elementor-element-37c1927 elementor-widget elementor-widget-text-editor\" data-id=\"37c1927\" data-element_type=\"widget\" data-e-type=\"widget\" data-widget_type=\"text-editor.default\">\n\t\t\t\t<div class=\"elementor-widget-container\">\n\t\t\t\t\t\t\t\t\t<p>Bei einer Unterbrechung eines Dienstes (Website, Mailserver, Kollaborationsplattform, Telefonie, &#8230;) erm\u00f6glicht Ihnen der Disaster-Recovery-Plan, auf eine Backup-Umgebung umzuschalten, die Ihren zwingenden Bed\u00fcrfnissen angepasst ist.<\/p>\n<p>Unsere Notfallpl\u00e4ne <strong>passen sich an Ihr Unternehmen an<\/strong>, um Ihnen absolute Ruhe zu garantieren.<\/p>\n<p>Dies ist ein wesentlicher Bestandteil des Risikomanagements. Durch die Zusammenarbeit mit Backup-Experten k\u00f6nnen wir Ihnen bei der Entwicklung und Umsetzung eines PRA helfen, der auf Ihre spezifischen Bed\u00fcrfnisse zugeschnitten ist. <\/p>\n\n<p>Um diesen Dienst in Anspruch nehmen zu k\u00f6nnen, m\u00fcssen Sie sich anmelden:<\/p><ol>\n \t<li class=\"popStockPRA\" style=\"cursor: pointer;\"><b><u>PRA-Speicher<\/u><\/b><\/li>\n \t<li class=\"popAgent\" style=\"cursor: pointer;\"><b><u>1 Backup-Agent<\/u><\/b> f\u00fcr jeden betroffenen Server oder Computer.<\/li>\n \t<li class=\"popIP\" style=\"cursor: pointer;\"><b><u>die Reservierung von \u00f6ffentlichen IP-Adressen<\/u><\/b> f\u00fcr \u00f6ffentlich zug\u00e4ngliche Dienste<\/li>\n \t<li class=\"popInstance\" style=\"cursor: pointer;\"><b><u>den Instanzen-Typen<\/u><\/b> die den zu sch\u00fctzenden Servern entsprechen.<\/li>\n<\/ol>\nIch zeichne hier :\t\t\t\t\t\t\t\t<\/div>\n\t\t\t\t<\/div>\n\t\t\t\t\t<\/div>\n\t\t\t\t<\/div>\n\t\t<div class=\"elementor-element elementor-element-29d3a47 e-con-full e-flex e-con e-parent\" data-id=\"29d3a47\" data-element_type=\"container\" data-e-type=\"container\" data-settings=\"{&quot;_ha_eqh_enable&quot;:false}\">\n\t\t<div class=\"elementor-element elementor-element-4fa1dc7 e-con-full e-flex e-con e-child\" data-id=\"4fa1dc7\" data-element_type=\"container\" data-e-type=\"container\" data-settings=\"{&quot;_ha_eqh_enable&quot;:false}\">\n\t\t\t\t<div class=\"elementor-element elementor-element-863df34 elementor-widget elementor-widget-image\" data-id=\"863df34\" data-element_type=\"widget\" data-e-type=\"widget\" data-widget_type=\"image.default\">\n\t\t\t\t<div class=\"elementor-widget-container\">\n\t\t\t\t\t\t\t\t\t\t\t\t\t\t\t<img decoding=\"async\" src=\"https:\/\/www.wedoback.com\/wp-content\/uploads\/2024\/07\/PCA-3.0.png\" title=\"\" alt=\"\" loading=\"lazy\" \/>\t\t\t\t\t\t\t\t\t\t\t\t\t\t\t<\/div>\n\t\t\t\t<\/div>\n\t\t\t\t<div class=\"elementor-element elementor-element-82406ec elementor-widget elementor-widget-text-editor\" data-id=\"82406ec\" data-element_type=\"widget\" data-e-type=\"widget\" data-widget_type=\"text-editor.default\">\n\t\t\t\t<div class=\"elementor-widget-container\">\n\t\t\t\t\t\t\t\t\t<p>Die Aktivierung des PRA wird pro Tag berechnet, abh\u00e4ngig vom gew\u00e4hlten Instanztyp.<\/p>\n<p>Hier finden Sie unsere Preise.<\/p>\n\t\t\t\t\t\t\t\t<\/div>\n\t\t\t\t<\/div>\n\t\t\t\t<div class=\"elementor-element elementor-element-f17fcb1 elementor-align-center ha-has-bg-overlay elementor-widget elementor-widget-button\" data-id=\"f17fcb1\" data-element_type=\"widget\" data-e-type=\"widget\" data-widget_type=\"button.default\">\n\t\t\t\t<div class=\"elementor-widget-container\">\n\t\t\t\t\t\t\t\t\t<div class=\"elementor-button-wrapper\">\n\t\t\t\t\t<a class=\"elementor-button elementor-button-link elementor-size-sm\" href=\"#\" id=\"tarifspra\">\n\t\t\t\t\t\t<span class=\"elementor-button-content-wrapper\">\n\t\t\t\t\t\t\t\t\t<span class=\"elementor-button-text\">Klicken Sie hier<\/span>\n\t\t\t\t\t<\/span>\n\t\t\t\t\t<\/a>\n\t\t\t\t<\/div>\n\t\t\t\t\t\t\t\t<\/div>\n\t\t\t\t<\/div>\n\t\t\t\t<\/div>\n\t\t\t\t<div class=\"elementor-element elementor-element-8ae3fa6 elementor-widget elementor-widget-ts-products\" data-id=\"8ae3fa6\" data-element_type=\"widget\" data-e-type=\"widget\" data-widget_type=\"ts-products.default\">\n\t\t\t\t<div class=\"elementor-widget-container\">\n\t\t\t\t\t\t\t<div class=\"ts-product-wrapper ts-shortcode ts-product woocommerce columns-4 recent grid border-default\" style=\"--ts-columns: 4\" >\n\t\t\n\t\t\t\t\t\t\t\n\t\t\t<div class=\"content-wrapper \">\n\t\t\t\n\t\t\t\t<div class=\"products\">\r\n\r\n<section class=\"product type-product post-18114 status-publish first instock product_cat-ip-adresse product_cat-pca-de product_cat-pra-de has-post-thumbnail virtual taxable purchasable product-type-subscription\" data-product_id=\"18114\">\r\n\t<div class=\"product-wrapper\">\r\n\t\t\t\r\n\t\t<div class=\"thumbnail-wrapper\">\r\n\t\t\t<a href=\"https:\/\/wedoback.com\/de\/produit\/oeffentliche-ip-adressen\/\">\r\n\t\t\t\t<figure class=\"no-back-image\"><img decoding=\"async\" src=\"https:\/\/www.wedoback.com\/wp-content\/themes\/ecomall\/images\/prod_loading.gif\" data-src=\"https:\/\/wedoback.com\/wp-content\/uploads\/2024\/08\/adresse-ip-300x300.png\" class=\"attachment-shop_catalog wp-post-image ts-lazy-load\" alt=\"\" width=\"300\" height=\"300\" \/><\/figure>\t\t\t<\/a>\r\n\t\t\t\t\t<div class=\"product-label on-thumbnail\">\n\t\t<\/div>\n\t<div class=\"product-group-button\">\t\t<div class=\"button-in wishlist\">\n\t\t\t<a href=\"#\" class=\"ts-add-to-wishlist remove-after-added\" data-id=\"18114\">\n\t\t\t\t<span class=\"ts-tooltip button-tooltip\" data-title=\"Add to wishlist\">Wishlist<\/span>\n\t\t\t<\/a>\n\t\t<\/div>\n\t\t<div class=\"button-in quickshop\"><a class=\"quickshop\" href=\"#\" data-product_id=\"18114\"><span class=\"ts-tooltip button-tooltip\">Quick View<\/span><\/a><\/div>\t\t<div class=\"button-in compare\">\n\t\t\t<a href=\"#\" class=\"ts-add-to-compare\" data-id=\"18114\">\n\t\t\t\t<span class=\"ts-tooltip button-tooltip\" data-title=\"Add to compare\">Compare<\/span>\n\t\t\t<\/a>\n\t\t<\/div>\n\t\t<\/div>\t\t<\/div>\r\n\t\t<div class=\"meta-wrapper\">\r\n\t\t\t<div class=\"product-categories\"><span>Categories: <\/span><a href=\"https:\/\/wedoback.com\/de\/product-category\/ip-adresse\/\" rel=\"tag\">IP-Adresse<\/a>, <a href=\"https:\/\/wedoback.com\/de\/product-category\/pca-de\/\" rel=\"tag\">PCA<\/a>, <a href=\"https:\/\/wedoback.com\/de\/product-category\/pra-de\/\" rel=\"tag\">PRA<\/a><\/div><h3 class=\"heading-title product-name\"><a href=\"https:\/\/wedoback.com\/de\/produit\/oeffentliche-ip-adressen\/\">\u00d6ffentliche IP-Adressen<\/a><\/h3>\n\t<span class=\"price\"><span class=\"woocommerce-Price-amount amount\"><bdi>0,54&nbsp;<span class=\"woocommerce-Price-currencySymbol\">&euro;<\/span><\/bdi><\/span> <span class=\"subscription-details\"> \/ Monat<\/span><\/span>\n<div class=\"product-group-button-meta\"><div class=\"loop-add-to-cart\"><a href=\"\/de\/wp-json\/wp\/v2\/pages\/17881?add-to-cart=18114\" data-quantity=\"1\" class=\"button product_type_subscription add_to_cart_button ajax_add_to_cart\" data-product_id=\"18114\" data-product_sku=\"\" aria-label=\"Ajouter au panier: &ldquo;\u00d6ffentliche IP-Adressen&rdquo;\" rel=\"nofollow\" data-success_message=\"\u201e\u00d6ffentliche IP-Adressen\u201c wurde deinem Warenkorb hinzugef\u00fcgt\" role=\"button\"><span class=\"ts-tooltip button-tooltip\">Ajouter au panier<\/span><\/a><\/div>\t<div class=\"short-description grid\">\n\t\tDie Aufrechterhaltung Ihrer Online-Dienste (Shop, Website, ...) erfordert die Reservierung \u00f6ffentlicher IP-Adressen, damit Ihre Kunden\t<\/div>\n\t<\/div>\t\t<\/div>\r\n\t<\/div>\r\n<\/section>\r\n<section class=\"product type-product post-18116 status-publish instock product_cat-instanzen product_cat-pra-de has-post-thumbnail taxable shipping-taxable purchasable product-type-variable-subscription\" data-product_id=\"18116\">\r\n\t<div class=\"product-wrapper\">\r\n\t\t\t\r\n\t\t<div class=\"thumbnail-wrapper\">\r\n\t\t\t<a href=\"https:\/\/wedoback.com\/de\/produit\/arten-von-pra-instanzen\/\">\r\n\t\t\t\t<figure class=\"no-back-image\"><img decoding=\"async\" src=\"https:\/\/www.wedoback.com\/wp-content\/themes\/ecomall\/images\/prod_loading.gif\" data-src=\"https:\/\/wedoback.com\/wp-content\/uploads\/2024\/08\/controle-securite-300x300.png\" class=\"attachment-shop_catalog wp-post-image ts-lazy-load\" alt=\"\" width=\"300\" height=\"300\" \/><\/figure>\t\t\t<\/a>\r\n\t\t\t\t\t<div class=\"product-label on-thumbnail\">\n\t\t<\/div>\n\t<div class=\"product-group-button\">\t\t<div class=\"button-in wishlist\">\n\t\t\t<a href=\"#\" class=\"ts-add-to-wishlist remove-after-added\" data-id=\"18116\">\n\t\t\t\t<span class=\"ts-tooltip button-tooltip\" data-title=\"Add to wishlist\">Wishlist<\/span>\n\t\t\t<\/a>\n\t\t<\/div>\n\t\t<div class=\"button-in quickshop\"><a class=\"quickshop\" href=\"#\" data-product_id=\"18116\"><span class=\"ts-tooltip button-tooltip\">Quick View<\/span><\/a><\/div>\t\t<div class=\"button-in compare\">\n\t\t\t<a href=\"#\" class=\"ts-add-to-compare\" data-id=\"18116\">\n\t\t\t\t<span class=\"ts-tooltip button-tooltip\" data-title=\"Add to compare\">Compare<\/span>\n\t\t\t<\/a>\n\t\t<\/div>\n\t\t<\/div>\t\t<\/div>\r\n\t\t<div class=\"meta-wrapper\">\r\n\t\t\t<div class=\"product-categories\"><span>Categories: <\/span><a href=\"https:\/\/wedoback.com\/de\/product-category\/instanzen\/\" rel=\"tag\">Instanzen<\/a>, <a href=\"https:\/\/wedoback.com\/de\/product-category\/pra-de\/\" rel=\"tag\">PRA<\/a><\/div><h3 class=\"heading-title product-name\"><a href=\"https:\/\/wedoback.com\/de\/produit\/arten-von-pra-instanzen\/\">Arten von PRA-Instanzen<\/a><\/h3>\n\t<span class=\"price\"><span class=\"from\">Ab: <\/span><span class=\"woocommerce-Price-amount amount\"><bdi>0,07&nbsp;<span class=\"woocommerce-Price-currencySymbol\">&euro;<\/span><\/bdi><\/span> <span class=\"subscription-details\"> \/ Monat<\/span><\/span>\n<div class=\"product-group-button-meta\"><div class=\"loop-add-to-cart\"><a href=\"https:\/\/wedoback.com\/de\/produit\/arten-von-pra-instanzen\/\" data-quantity=\"1\" class=\"button product_type_variable-subscription add_to_cart_button\" data-product_id=\"18116\" data-product_sku=\"\" aria-label=\"W\u00e4hle Optionen f\u00fcr \u201eArten von PRA-Instanzen\u201c\" rel=\"nofollow\"><span class=\"ts-tooltip button-tooltip\">Ausf\u00fchrung w\u00e4hlen<\/span><\/a><\/div>\t<div class=\"short-description grid\">\n\t\tBestellen Sie hier <strong>die verschiedenen Arten von Instanzen (und deren Anzahl)<\/strong>, die Sie ben\u00f6tigen, um\t<\/div>\n\t<\/div>\t\t<\/div>\r\n\t<\/div>\r\n<\/section>\r\n<section class=\"product type-product post-18126 status-publish instock product_cat-lagerung product_cat-pra-de has-post-thumbnail taxable shipping-taxable purchasable product-type-variable-subscription\" data-product_id=\"18126\">\r\n\t<div class=\"product-wrapper\">\r\n\t\t\t\r\n\t\t<div class=\"thumbnail-wrapper\">\r\n\t\t\t<a href=\"https:\/\/wedoback.com\/de\/produit\/pra-speicher\/\">\r\n\t\t\t\t<figure class=\"no-back-image\"><img decoding=\"async\" src=\"https:\/\/www.wedoback.com\/wp-content\/themes\/ecomall\/images\/prod_loading.gif\" data-src=\"https:\/\/wedoback.com\/wp-content\/uploads\/2024\/08\/stock-pra-300x300.png\" class=\"attachment-shop_catalog wp-post-image ts-lazy-load\" alt=\"\" width=\"300\" height=\"300\" \/><\/figure>\t\t\t<\/a>\r\n\t\t\t\t\t<div class=\"product-label on-thumbnail\">\n\t\t<\/div>\n\t<div class=\"product-group-button\">\t\t<div class=\"button-in wishlist\">\n\t\t\t<a href=\"#\" class=\"ts-add-to-wishlist remove-after-added\" data-id=\"18126\">\n\t\t\t\t<span class=\"ts-tooltip button-tooltip\" data-title=\"Add to wishlist\">Wishlist<\/span>\n\t\t\t<\/a>\n\t\t<\/div>\n\t\t<div class=\"button-in quickshop\"><a class=\"quickshop\" href=\"#\" data-product_id=\"18126\"><span class=\"ts-tooltip button-tooltip\">Quick View<\/span><\/a><\/div>\t\t<div class=\"button-in compare\">\n\t\t\t<a href=\"#\" class=\"ts-add-to-compare\" data-id=\"18126\">\n\t\t\t\t<span class=\"ts-tooltip button-tooltip\" data-title=\"Add to compare\">Compare<\/span>\n\t\t\t<\/a>\n\t\t<\/div>\n\t\t<\/div>\t\t<\/div>\r\n\t\t<div class=\"meta-wrapper\">\r\n\t\t\t<div class=\"product-categories\"><span>Categories: <\/span><a href=\"https:\/\/wedoback.com\/de\/product-category\/lagerung\/\" rel=\"tag\">Lagerung<\/a>, <a href=\"https:\/\/wedoback.com\/de\/product-category\/pra-de\/\" rel=\"tag\">PRA<\/a><\/div><h3 class=\"heading-title product-name\"><a href=\"https:\/\/wedoback.com\/de\/produit\/pra-speicher\/\">PRA-Speicher<\/a><\/h3>\n\t<span class=\"price\"><span class=\"from\">Ab: <\/span><span class=\"woocommerce-Price-amount amount\"><bdi>175,00&nbsp;<span class=\"woocommerce-Price-currencySymbol\">&euro;<\/span><\/bdi><\/span> <span class=\"subscription-details\"> \/ Monat<\/span><\/span>\n<div class=\"product-group-button-meta\"><div class=\"loop-add-to-cart\"><a href=\"https:\/\/wedoback.com\/de\/produit\/pra-speicher\/\" data-quantity=\"1\" class=\"button product_type_variable-subscription add_to_cart_button\" data-product_id=\"18126\" data-product_sku=\"\" aria-label=\"W\u00e4hle Optionen f\u00fcr \u201ePRA-Speicher\u201c\" rel=\"nofollow\"><span class=\"ts-tooltip button-tooltip\">Ausf\u00fchrung w\u00e4hlen<\/span><\/a><\/div>\t<div class=\"short-description grid\">\n\t\tSpeicherplatz wird <strong>pro TB (Terabyte)<\/strong> berechnet.\n\n<strong>Degressive Preise je nach Volumen<\/strong>.\n\nBitte beachten Sie, dass das Volumen\t<\/div>\n\t<\/div>\t\t<\/div>\r\n\t<\/div>\r\n<\/section>\r\n<section class=\"product type-product post-18028 status-publish last instock product_cat-agent-de product_cat-pca-de product_cat-pra-de product_cat-sicherung product_cat-unveranderlich has-post-thumbnail taxable shipping-taxable purchasable product-type-variable-subscription\" data-product_id=\"18028\">\r\n\t<div class=\"product-wrapper\">\r\n\t\t\t\r\n\t\t<div class=\"thumbnail-wrapper\">\r\n\t\t\t<a href=\"https:\/\/wedoback.com\/de\/produit\/agent-wedoback\/\">\r\n\t\t\t\t<figure class=\"no-back-image\"><img decoding=\"async\" src=\"https:\/\/www.wedoback.com\/wp-content\/themes\/ecomall\/images\/prod_loading.gif\" data-src=\"https:\/\/wedoback.com\/wp-content\/uploads\/2024\/08\/agent-sauv-300x300.png\" class=\"attachment-shop_catalog wp-post-image ts-lazy-load\" alt=\"\" width=\"300\" height=\"300\" \/><\/figure>\t\t\t<\/a>\r\n\t\t\t\t\t<div class=\"product-label on-thumbnail\">\n\t\t<\/div>\n\t<div class=\"product-group-button\">\t\t<div class=\"button-in wishlist\">\n\t\t\t<a href=\"#\" class=\"ts-add-to-wishlist remove-after-added\" data-id=\"18028\">\n\t\t\t\t<span class=\"ts-tooltip button-tooltip\" data-title=\"Add to wishlist\">Wishlist<\/span>\n\t\t\t<\/a>\n\t\t<\/div>\n\t\t<div class=\"button-in quickshop\"><a class=\"quickshop\" href=\"#\" data-product_id=\"18028\"><span class=\"ts-tooltip button-tooltip\">Quick View<\/span><\/a><\/div>\t\t<div class=\"button-in compare\">\n\t\t\t<a href=\"#\" class=\"ts-add-to-compare\" data-id=\"18028\">\n\t\t\t\t<span class=\"ts-tooltip button-tooltip\" data-title=\"Add to compare\">Compare<\/span>\n\t\t\t<\/a>\n\t\t<\/div>\n\t\t<\/div>\t\t<\/div>\r\n\t\t<div class=\"meta-wrapper\">\r\n\t\t\t<div class=\"product-categories\"><span>Categories: <\/span><a href=\"https:\/\/wedoback.com\/de\/product-category\/agent-de\/\" rel=\"tag\">Agent<\/a>, <a href=\"https:\/\/wedoback.com\/de\/product-category\/pca-de\/\" rel=\"tag\">PCA<\/a>, <a href=\"https:\/\/wedoback.com\/de\/product-category\/pra-de\/\" rel=\"tag\">PRA<\/a>, <a href=\"https:\/\/wedoback.com\/de\/product-category\/sicherung\/\" rel=\"tag\">Sicherung<\/a>, <a href=\"https:\/\/wedoback.com\/de\/product-category\/unveranderlich\/\" rel=\"tag\">Unver\u00e4nderlich<\/a><\/div><h3 class=\"heading-title product-name\"><a href=\"https:\/\/wedoback.com\/de\/produit\/agent-wedoback\/\">Agent WeDoBack<\/a><\/h3>\n\t<span class=\"price\"><span class=\"from\">Ab: <\/span><span class=\"woocommerce-Price-amount amount\"><bdi>6,00&nbsp;<span class=\"woocommerce-Price-currencySymbol\">&euro;<\/span><\/bdi><\/span> <span class=\"subscription-details\"> \/ Monat<\/span><\/span>\n<div class=\"product-group-button-meta\"><div class=\"loop-add-to-cart\"><a href=\"https:\/\/wedoback.com\/de\/produit\/agent-wedoback\/\" data-quantity=\"1\" class=\"button product_type_variable-subscription add_to_cart_button\" data-product_id=\"18028\" data-product_sku=\"\" aria-label=\"W\u00e4hle Optionen f\u00fcr \u201eAgent WeDoBack\u201c\" rel=\"nofollow\"><span class=\"ts-tooltip button-tooltip\">Ausf\u00fchrung w\u00e4hlen<\/span><\/a><\/div>\t<div class=\"short-description grid\">\n\t\tDer Agent ist ein Schl\u00fcsselelement von WeDoBack. Er stellt die Kommunikation zwischen unseren Servern und\t<\/div>\n\t<\/div>\t\t<\/div>\r\n\t<\/div>\r\n<\/section><\/div>\t\t\t\t\n\t\t\t<\/div>\n\t\t\t\n\t\t\t\t\t\t\n\t\t<\/div>\n\t\t\t\t\t\t<\/div>\n\t\t\t\t<\/div>\n\t\t\t\t<\/div>\n\t\t\t\t<\/div>\n\t\t","protected":false},"excerpt":{"rendered":"<p>PRA-Angebot (Business Recovery Plan) Bei einer Unterbrechung eines Dienstes (Website, Mailserver, Kollaborationsplattform, Telefonie, &#8230;) erm\u00f6glicht Ihnen der Disaster-Recovery-Plan, auf eine Backup-Umgebung umzuschalten, die Ihren zwingenden Bed\u00fcrfnissen angepasst ist. Unsere Notfallpl\u00e4ne passen sich an Ihr Unternehmen an, um Ihnen absolute Ruhe zu garantieren. Dies ist ein wesentlicher Bestandteil des Risikomanagements. Durch die Zusammenarbeit mit Backup-Experten k\u00f6nnen [&hellip;]<\/p>\n","protected":false},"author":16,"featured_media":0,"parent":0,"menu_order":0,"comment_status":"closed","ping_status":"closed","template":"elementor_header_footer","meta":{"om_disable_all_campaigns":false,"_monsterinsights_skip_tracking":false,"_monsterinsights_sitenote_active":false,"_monsterinsights_sitenote_note":"","_monsterinsights_sitenote_category":0,"footnotes":""},"class_list":["post-17881","page","type-page","status-publish","hentry"],"aioseo_notices":[],"_links":{"self":[{"href":"https:\/\/wedoback.com\/de\/wp-json\/wp\/v2\/pages\/17881","targetHints":{"allow":["GET"]}}],"collection":[{"href":"https:\/\/wedoback.com\/de\/wp-json\/wp\/v2\/pages"}],"about":[{"href":"https:\/\/wedoback.com\/de\/wp-json\/wp\/v2\/types\/page"}],"author":[{"embeddable":true,"href":"https:\/\/wedoback.com\/de\/wp-json\/wp\/v2\/users\/16"}],"replies":[{"embeddable":true,"href":"https:\/\/wedoback.com\/de\/wp-json\/wp\/v2\/comments?post=17881"}],"version-history":[{"count":0,"href":"https:\/\/wedoback.com\/de\/wp-json\/wp\/v2\/pages\/17881\/revisions"}],"wp:attachment":[{"href":"https:\/\/wedoback.com\/de\/wp-json\/wp\/v2\/media?parent=17881"}],"curies":[{"name":"wp","href":"https:\/\/api.w.org\/{rel}","templated":true}]}}