{"id":17879,"date":"2024-07-17T10:13:43","date_gmt":"2024-07-17T08:13:43","guid":{"rendered":"https:\/\/www.wedoback.net\/pca-angebot-business-continuity-plan\/"},"modified":"2024-11-13T09:14:49","modified_gmt":"2024-11-13T08:14:49","slug":"pca-angebot-business-continuity-plan","status":"publish","type":"page","link":"https:\/\/wedoback.com\/de\/pca-angebot-business-continuity-plan\/","title":{"rendered":"PCA-Angebot (Business Continuity Plan)"},"content":{"rendered":"\t\t<div data-elementor-type=\"wp-page\" data-elementor-id=\"17879\" class=\"elementor elementor-17879\" data-elementor-settings=\"{&quot;ha_cmc_init_switcher&quot;:&quot;no&quot;}\" data-elementor-post-type=\"page\">\n\t\t\t\t<div class=\"elementor-element elementor-element-694abf4e e-flex e-con-boxed e-con e-parent\" data-id=\"694abf4e\" data-element_type=\"container\" data-e-type=\"container\" data-settings=\"{&quot;_ha_eqh_enable&quot;:false}\">\n\t\t\t\t\t<div class=\"e-con-inner\">\n\t\t\t\t<div class=\"elementor-element elementor-element-41d4e5f8 elementor-widget elementor-widget-heading\" data-id=\"41d4e5f8\" data-element_type=\"widget\" data-e-type=\"widget\" data-widget_type=\"heading.default\">\n\t\t\t\t<div class=\"elementor-widget-container\">\n\t\t\t\t\t<h2 class=\"elementor-heading-title elementor-size-default\">PCA-Angebot (Business Continuity Plan)<\/h2>\t\t\t\t<\/div>\n\t\t\t\t<\/div>\n\t\t\t\t<div class=\"elementor-element elementor-element-6de0328b elementor-widget elementor-widget-text-editor\" data-id=\"6de0328b\" data-element_type=\"widget\" data-e-type=\"widget\" data-widget_type=\"text-editor.default\">\n\t\t\t\t<div class=\"elementor-widget-container\">\n\t\t\t\t\t\t\t\t\t<p>Wie auf der Informationsseite zu unserem Disaster-Recovery-Angebot beschrieben, sind die folgenden Komponenten erforderlich, um Ihren Disaster-Recovery-Service zu aktivieren.<\/p>\n<p>Vergessen Sie nicht, die Kommunikationsmittel entsprechend Ihren Bed\u00fcrfnissen einzubeziehen.<\/p>\n\t\t\t\t\t\t\t\t<\/div>\n\t\t\t\t<\/div>\n\t\t\t\t\t<\/div>\n\t\t\t\t<\/div>\n\t\t<div class=\"elementor-element elementor-element-79e0565e e-flex e-con-boxed e-con e-parent\" data-id=\"79e0565e\" data-element_type=\"container\" data-e-type=\"container\" data-settings=\"{&quot;_ha_eqh_enable&quot;:false}\">\n\t\t\t\t\t<div class=\"e-con-inner\">\n\t\t\t\t<div class=\"elementor-element elementor-element-5eef25dc elementor-widget elementor-widget-ts-products\" data-id=\"5eef25dc\" data-element_type=\"widget\" data-e-type=\"widget\" data-widget_type=\"ts-products.default\">\n\t\t\t\t<div class=\"elementor-widget-container\">\n\t\t\t\t\t\t\t<div class=\"ts-product-wrapper ts-shortcode ts-product woocommerce columns-4 recent grid border-default\" style=\"--ts-columns: 4\" >\n\t\t\n\t\t\t\t\t\t\t\n\t\t\t<div class=\"content-wrapper \">\n\t\t\t\n\t\t\t\t<div class=\"products\">\r\n\r\n<section class=\"product type-product post-18035 status-publish first instock product_cat-lagerung product_cat-pca-de has-post-thumbnail taxable shipping-taxable purchasable product-type-variable-subscription\" data-product_id=\"18035\">\r\n\t<div class=\"product-wrapper\">\r\n\t\t\t\r\n\t\t<div class=\"thumbnail-wrapper\">\r\n\t\t\t<a href=\"https:\/\/wedoback.com\/de\/produit\/pca-speicherung\/\">\r\n\t\t\t\t<figure class=\"no-back-image\"><img decoding=\"async\" src=\"https:\/\/www.wedoback.com\/wp-content\/themes\/ecomall\/images\/prod_loading.gif\" data-src=\"https:\/\/wedoback.com\/wp-content\/uploads\/2024\/08\/stock-pca-300x300.png\" class=\"attachment-shop_catalog wp-post-image ts-lazy-load\" alt=\"\" width=\"300\" height=\"300\" \/><\/figure>\t\t\t<\/a>\r\n\t\t\t\t\t<div class=\"product-label on-thumbnail\">\n\t\t<\/div>\n\t<div class=\"product-group-button\">\t\t<div class=\"button-in wishlist\">\n\t\t\t<a href=\"#\" class=\"ts-add-to-wishlist remove-after-added\" data-id=\"18035\">\n\t\t\t\t<span class=\"ts-tooltip button-tooltip\" data-title=\"Add to wishlist\">Wishlist<\/span>\n\t\t\t<\/a>\n\t\t<\/div>\n\t\t<div class=\"button-in quickshop\"><a class=\"quickshop\" href=\"#\" data-product_id=\"18035\"><span class=\"ts-tooltip button-tooltip\">Quick View<\/span><\/a><\/div>\t\t<div class=\"button-in compare\">\n\t\t\t<a href=\"#\" class=\"ts-add-to-compare\" data-id=\"18035\">\n\t\t\t\t<span class=\"ts-tooltip button-tooltip\" data-title=\"Add to compare\">Compare<\/span>\n\t\t\t<\/a>\n\t\t<\/div>\n\t\t<\/div>\t\t<\/div>\r\n\t\t<div class=\"meta-wrapper\">\r\n\t\t\t<div class=\"product-categories\"><span>Categories: <\/span><a href=\"https:\/\/wedoback.com\/de\/product-category\/lagerung\/\" rel=\"tag\">Lagerung<\/a>, <a href=\"https:\/\/wedoback.com\/de\/product-category\/pca-de\/\" rel=\"tag\">PCA<\/a><\/div><h3 class=\"heading-title product-name\"><a href=\"https:\/\/wedoback.com\/de\/produit\/pca-speicherung\/\">PCA-Speicherung<\/a><\/h3>\n\t<span class=\"price\"><span class=\"from\">Ab: <\/span><span class=\"woocommerce-Price-amount amount\"><bdi>8,75&nbsp;<span class=\"woocommerce-Price-currencySymbol\">&euro;<\/span><\/bdi><\/span> <span class=\"subscription-details\"> f\u00fcr 1 Monat<\/span><\/span>\n<div class=\"product-group-button-meta\"><div class=\"loop-add-to-cart\"><a href=\"https:\/\/wedoback.com\/de\/produit\/pca-speicherung\/\" data-quantity=\"1\" class=\"button product_type_variable-subscription add_to_cart_button\" data-product_id=\"18035\" data-product_sku=\"\" aria-label=\"W\u00e4hle Optionen f\u00fcr \u201ePCA-Speicherung\u201c\" rel=\"nofollow\"><span class=\"ts-tooltip button-tooltip\">Ausf\u00fchrung w\u00e4hlen<\/span><\/a><\/div>\t<div class=\"short-description grid\">\n\t\tW\u00e4hlen Sie das Volumen, das <strong>erforderlich ist, um Ihre Daten<\/strong> f\u00fcr den BCP zu speichern.\n\nBitte\t<\/div>\n\t<\/div>\t\t<\/div>\r\n\t<\/div>\r\n<\/section>\r\n<section class=\"product type-product post-18095 status-publish instock product_cat-instanzen product_cat-pca-de has-post-thumbnail taxable shipping-taxable purchasable product-type-variable-subscription\" data-product_id=\"18095\">\r\n\t<div class=\"product-wrapper\">\r\n\t\t\t\r\n\t\t<div class=\"thumbnail-wrapper\">\r\n\t\t\t<a href=\"https:\/\/wedoback.com\/de\/produit\/pca-instanzen\/\">\r\n\t\t\t\t<figure class=\"no-back-image\"><img decoding=\"async\" src=\"https:\/\/www.wedoback.com\/wp-content\/themes\/ecomall\/images\/prod_loading.gif\" data-src=\"https:\/\/wedoback.com\/wp-content\/uploads\/2024\/08\/offre-pca-300x300.png\" class=\"attachment-shop_catalog wp-post-image ts-lazy-load\" alt=\"\" width=\"300\" height=\"300\" \/><\/figure>\t\t\t<\/a>\r\n\t\t\t\t\t<div class=\"product-label on-thumbnail\">\n\t\t<\/div>\n\t<div class=\"product-group-button\">\t\t<div class=\"button-in wishlist\">\n\t\t\t<a href=\"#\" class=\"ts-add-to-wishlist remove-after-added\" data-id=\"18095\">\n\t\t\t\t<span class=\"ts-tooltip button-tooltip\" data-title=\"Add to wishlist\">Wishlist<\/span>\n\t\t\t<\/a>\n\t\t<\/div>\n\t\t<div class=\"button-in quickshop\"><a class=\"quickshop\" href=\"#\" data-product_id=\"18095\"><span class=\"ts-tooltip button-tooltip\">Quick View<\/span><\/a><\/div>\t\t<div class=\"button-in compare\">\n\t\t\t<a href=\"#\" class=\"ts-add-to-compare\" data-id=\"18095\">\n\t\t\t\t<span class=\"ts-tooltip button-tooltip\" data-title=\"Add to compare\">Compare<\/span>\n\t\t\t<\/a>\n\t\t<\/div>\n\t\t<\/div>\t\t<\/div>\r\n\t\t<div class=\"meta-wrapper\">\r\n\t\t\t<div class=\"product-categories\"><span>Categories: <\/span><a href=\"https:\/\/wedoback.com\/de\/product-category\/instanzen\/\" rel=\"tag\">Instanzen<\/a>, <a href=\"https:\/\/wedoback.com\/de\/product-category\/pca-de\/\" rel=\"tag\">PCA<\/a><\/div><h3 class=\"heading-title product-name\"><a href=\"https:\/\/wedoback.com\/de\/produit\/pca-instanzen\/\">PCA Instanzen<\/a><\/h3>\n\t<span class=\"price\"><span class=\"from\">Ab: <\/span><span class=\"woocommerce-Price-amount amount\"><bdi>50,22&nbsp;<span class=\"woocommerce-Price-currencySymbol\">&euro;<\/span><\/bdi><\/span> <span class=\"subscription-details\"> \/ Monat<\/span><\/span>\n<div class=\"product-group-button-meta\"><div class=\"loop-add-to-cart\"><a href=\"https:\/\/wedoback.com\/de\/produit\/pca-instanzen\/\" data-quantity=\"1\" class=\"button product_type_variable-subscription add_to_cart_button\" data-product_id=\"18095\" data-product_sku=\"\" aria-label=\"W\u00e4hle Optionen f\u00fcr \u201ePCA Instanzen\u201c\" rel=\"nofollow\"><span class=\"ts-tooltip button-tooltip\">Ausf\u00fchrung w\u00e4hlen<\/span><\/a><\/div>\t<div class=\"short-description grid\">\n\t\tBestellen Sie hier die <strong>verschiedenen Arten von Instanzen (und deren Anzahl)<\/strong>, die Sie ben\u00f6tigen, um\t<\/div>\n\t<\/div>\t\t<\/div>\r\n\t<\/div>\r\n<\/section>\r\n<section class=\"product type-product post-18114 status-publish instock product_cat-ip-adresse product_cat-pca-de product_cat-pra-de has-post-thumbnail virtual taxable purchasable product-type-subscription\" data-product_id=\"18114\">\r\n\t<div class=\"product-wrapper\">\r\n\t\t\t\r\n\t\t<div class=\"thumbnail-wrapper\">\r\n\t\t\t<a href=\"https:\/\/wedoback.com\/de\/produit\/oeffentliche-ip-adressen\/\">\r\n\t\t\t\t<figure class=\"no-back-image\"><img decoding=\"async\" src=\"https:\/\/www.wedoback.com\/wp-content\/themes\/ecomall\/images\/prod_loading.gif\" data-src=\"https:\/\/wedoback.com\/wp-content\/uploads\/2024\/08\/adresse-ip-300x300.png\" class=\"attachment-shop_catalog wp-post-image ts-lazy-load\" alt=\"\" width=\"300\" height=\"300\" \/><\/figure>\t\t\t<\/a>\r\n\t\t\t\t\t<div class=\"product-label on-thumbnail\">\n\t\t<\/div>\n\t<div class=\"product-group-button\">\t\t<div class=\"button-in wishlist\">\n\t\t\t<a href=\"#\" class=\"ts-add-to-wishlist remove-after-added\" data-id=\"18114\">\n\t\t\t\t<span class=\"ts-tooltip button-tooltip\" data-title=\"Add to wishlist\">Wishlist<\/span>\n\t\t\t<\/a>\n\t\t<\/div>\n\t\t<div class=\"button-in quickshop\"><a class=\"quickshop\" href=\"#\" data-product_id=\"18114\"><span class=\"ts-tooltip button-tooltip\">Quick View<\/span><\/a><\/div>\t\t<div class=\"button-in compare\">\n\t\t\t<a href=\"#\" class=\"ts-add-to-compare\" data-id=\"18114\">\n\t\t\t\t<span class=\"ts-tooltip button-tooltip\" data-title=\"Add to compare\">Compare<\/span>\n\t\t\t<\/a>\n\t\t<\/div>\n\t\t<\/div>\t\t<\/div>\r\n\t\t<div class=\"meta-wrapper\">\r\n\t\t\t<div class=\"product-categories\"><span>Categories: <\/span><a href=\"https:\/\/wedoback.com\/de\/product-category\/ip-adresse\/\" rel=\"tag\">IP-Adresse<\/a>, <a href=\"https:\/\/wedoback.com\/de\/product-category\/pca-de\/\" rel=\"tag\">PCA<\/a>, <a href=\"https:\/\/wedoback.com\/de\/product-category\/pra-de\/\" rel=\"tag\">PRA<\/a><\/div><h3 class=\"heading-title product-name\"><a href=\"https:\/\/wedoback.com\/de\/produit\/oeffentliche-ip-adressen\/\">\u00d6ffentliche IP-Adressen<\/a><\/h3>\n\t<span class=\"price\"><span class=\"woocommerce-Price-amount amount\"><bdi>0,54&nbsp;<span class=\"woocommerce-Price-currencySymbol\">&euro;<\/span><\/bdi><\/span> <span class=\"subscription-details\"> \/ Monat<\/span><\/span>\n<div class=\"product-group-button-meta\"><div class=\"loop-add-to-cart\"><a href=\"\/de\/wp-json\/wp\/v2\/pages\/17879?add-to-cart=18114\" data-quantity=\"1\" class=\"button product_type_subscription add_to_cart_button ajax_add_to_cart\" data-product_id=\"18114\" data-product_sku=\"\" aria-label=\"Ajouter au panier: &ldquo;\u00d6ffentliche IP-Adressen&rdquo;\" rel=\"nofollow\" data-success_message=\"\u201e\u00d6ffentliche IP-Adressen\u201c wurde deinem Warenkorb hinzugef\u00fcgt\" role=\"button\"><span class=\"ts-tooltip button-tooltip\">Ajouter au panier<\/span><\/a><\/div>\t<div class=\"short-description grid\">\n\t\tDie Aufrechterhaltung Ihrer Online-Dienste (Shop, Website, ...) erfordert die Reservierung \u00f6ffentlicher IP-Adressen, damit Ihre Kunden\t<\/div>\n\t<\/div>\t\t<\/div>\r\n\t<\/div>\r\n<\/section>\r\n<section class=\"product type-product post-18028 status-publish last instock product_cat-agent-de product_cat-pca-de product_cat-pra-de product_cat-sicherung product_cat-unveranderlich has-post-thumbnail taxable shipping-taxable purchasable product-type-variable-subscription\" data-product_id=\"18028\">\r\n\t<div class=\"product-wrapper\">\r\n\t\t\t\r\n\t\t<div class=\"thumbnail-wrapper\">\r\n\t\t\t<a href=\"https:\/\/wedoback.com\/de\/produit\/agent-wedoback\/\">\r\n\t\t\t\t<figure class=\"no-back-image\"><img decoding=\"async\" src=\"https:\/\/www.wedoback.com\/wp-content\/themes\/ecomall\/images\/prod_loading.gif\" data-src=\"https:\/\/wedoback.com\/wp-content\/uploads\/2024\/08\/agent-sauv-300x300.png\" class=\"attachment-shop_catalog wp-post-image ts-lazy-load\" alt=\"\" width=\"300\" height=\"300\" \/><\/figure>\t\t\t<\/a>\r\n\t\t\t\t\t<div class=\"product-label on-thumbnail\">\n\t\t<\/div>\n\t<div class=\"product-group-button\">\t\t<div class=\"button-in wishlist\">\n\t\t\t<a href=\"#\" class=\"ts-add-to-wishlist remove-after-added\" data-id=\"18028\">\n\t\t\t\t<span class=\"ts-tooltip button-tooltip\" data-title=\"Add to wishlist\">Wishlist<\/span>\n\t\t\t<\/a>\n\t\t<\/div>\n\t\t<div class=\"button-in quickshop\"><a class=\"quickshop\" href=\"#\" data-product_id=\"18028\"><span class=\"ts-tooltip button-tooltip\">Quick View<\/span><\/a><\/div>\t\t<div class=\"button-in compare\">\n\t\t\t<a href=\"#\" class=\"ts-add-to-compare\" data-id=\"18028\">\n\t\t\t\t<span class=\"ts-tooltip button-tooltip\" data-title=\"Add to compare\">Compare<\/span>\n\t\t\t<\/a>\n\t\t<\/div>\n\t\t<\/div>\t\t<\/div>\r\n\t\t<div class=\"meta-wrapper\">\r\n\t\t\t<div class=\"product-categories\"><span>Categories: <\/span><a href=\"https:\/\/wedoback.com\/de\/product-category\/agent-de\/\" rel=\"tag\">Agent<\/a>, <a href=\"https:\/\/wedoback.com\/de\/product-category\/pca-de\/\" rel=\"tag\">PCA<\/a>, <a href=\"https:\/\/wedoback.com\/de\/product-category\/pra-de\/\" rel=\"tag\">PRA<\/a>, <a href=\"https:\/\/wedoback.com\/de\/product-category\/sicherung\/\" rel=\"tag\">Sicherung<\/a>, <a href=\"https:\/\/wedoback.com\/de\/product-category\/unveranderlich\/\" rel=\"tag\">Unver\u00e4nderlich<\/a><\/div><h3 class=\"heading-title product-name\"><a href=\"https:\/\/wedoback.com\/de\/produit\/agent-wedoback\/\">Agent WeDoBack<\/a><\/h3>\n\t<span class=\"price\"><span class=\"from\">Ab: <\/span><span class=\"woocommerce-Price-amount amount\"><bdi>6,00&nbsp;<span class=\"woocommerce-Price-currencySymbol\">&euro;<\/span><\/bdi><\/span> <span class=\"subscription-details\"> \/ Monat<\/span><\/span>\n<div class=\"product-group-button-meta\"><div class=\"loop-add-to-cart\"><a href=\"https:\/\/wedoback.com\/de\/produit\/agent-wedoback\/\" data-quantity=\"1\" class=\"button product_type_variable-subscription add_to_cart_button\" data-product_id=\"18028\" data-product_sku=\"\" aria-label=\"W\u00e4hle Optionen f\u00fcr \u201eAgent WeDoBack\u201c\" rel=\"nofollow\"><span class=\"ts-tooltip button-tooltip\">Ausf\u00fchrung w\u00e4hlen<\/span><\/a><\/div>\t<div class=\"short-description grid\">\n\t\tDer Agent ist ein Schl\u00fcsselelement von WeDoBack. Er stellt die Kommunikation zwischen unseren Servern und\t<\/div>\n\t<\/div>\t\t<\/div>\r\n\t<\/div>\r\n<\/section><\/div>\t\t\t\t\n\t\t\t<\/div>\n\t\t\t\n\t\t\t\t\t\t\n\t\t<\/div>\n\t\t\t\t\t\t<\/div>\n\t\t\t\t<\/div>\n\t\t\t\t\t<\/div>\n\t\t\t\t<\/div>\n\t\t\t\t<\/div>\n\t\t","protected":false},"excerpt":{"rendered":"<p>PCA-Angebot (Business Continuity Plan) Wie auf der Informationsseite zu unserem Disaster-Recovery-Angebot beschrieben, sind die folgenden Komponenten erforderlich, um Ihren Disaster-Recovery-Service zu aktivieren. Vergessen Sie nicht, die Kommunikationsmittel entsprechend Ihren Bed\u00fcrfnissen einzubeziehen. Quick View Cat\u00e9gories :PCA, Stockage Stockage PCA \u00c0 partir de\u00a0: 8,75&nbsp;&euro; pour 1\u00a0mois Choix des options Choisissez le volume requis pour conserver vos donn\u00e9es [&hellip;]<\/p>\n","protected":false},"author":1,"featured_media":0,"parent":0,"menu_order":0,"comment_status":"closed","ping_status":"closed","template":"elementor_header_footer","meta":{"om_disable_all_campaigns":false,"_monsterinsights_skip_tracking":false,"_monsterinsights_sitenote_active":false,"_monsterinsights_sitenote_note":"","_monsterinsights_sitenote_category":0,"footnotes":""},"class_list":["post-17879","page","type-page","status-publish","hentry"],"aioseo_notices":[],"_links":{"self":[{"href":"https:\/\/wedoback.com\/de\/wp-json\/wp\/v2\/pages\/17879","targetHints":{"allow":["GET"]}}],"collection":[{"href":"https:\/\/wedoback.com\/de\/wp-json\/wp\/v2\/pages"}],"about":[{"href":"https:\/\/wedoback.com\/de\/wp-json\/wp\/v2\/types\/page"}],"author":[{"embeddable":true,"href":"https:\/\/wedoback.com\/de\/wp-json\/wp\/v2\/users\/1"}],"replies":[{"embeddable":true,"href":"https:\/\/wedoback.com\/de\/wp-json\/wp\/v2\/comments?post=17879"}],"version-history":[{"count":0,"href":"https:\/\/wedoback.com\/de\/wp-json\/wp\/v2\/pages\/17879\/revisions"}],"wp:attachment":[{"href":"https:\/\/wedoback.com\/de\/wp-json\/wp\/v2\/media?parent=17879"}],"curies":[{"name":"wp","href":"https:\/\/api.w.org\/{rel}","templated":true}]}}