{"id":17877,"date":"2024-07-08T15:33:14","date_gmt":"2024-07-08T13:33:14","guid":{"rendered":"https:\/\/www.wedoback.net\/integral-angebot\/"},"modified":"2025-03-20T09:55:21","modified_gmt":"2025-03-20T08:55:21","slug":"integral-angebot","status":"publish","type":"page","link":"https:\/\/wedoback.com\/de\/integral-angebot\/","title":{"rendered":"INTEGRAL-Angebot"},"content":{"rendered":"\t\t<div data-elementor-type=\"wp-page\" data-elementor-id=\"17877\" class=\"elementor elementor-17877\" data-elementor-settings=\"{&quot;ha_cmc_init_switcher&quot;:&quot;no&quot;}\" data-elementor-post-type=\"page\">\n\t\t\t\t<div class=\"elementor-element elementor-element-42c113d7 e-flex e-con-boxed e-con e-parent\" data-id=\"42c113d7\" data-element_type=\"container\" data-e-type=\"container\" data-settings=\"{&quot;_ha_eqh_enable&quot;:false}\">\n\t\t\t\t\t<div class=\"e-con-inner\">\n\t\t\t\t<div class=\"elementor-element elementor-element-398b99e9 elementor-widget elementor-widget-heading\" data-id=\"398b99e9\" data-element_type=\"widget\" data-e-type=\"widget\" data-widget_type=\"heading.default\">\n\t\t\t\t<div class=\"elementor-widget-container\">\n\t\t\t\t\t<h2 class=\"elementor-heading-title elementor-size-default\">INTEGRAL-Angebot<\/h2>\t\t\t\t<\/div>\n\t\t\t\t<\/div>\n\t\t\t\t<div class=\"elementor-element elementor-element-4d83f0f4 elementor-widget elementor-widget-text-editor\" data-id=\"4d83f0f4\" data-element_type=\"widget\" data-e-type=\"widget\" data-widget_type=\"text-editor.default\">\n\t\t\t\t<div class=\"elementor-widget-container\">\n\t\t\t\t\t\t\t\t\t<p>Entscheiden Sie sich f\u00fcr Gelassenheit mit unserer <strong>INTEGRAL<\/strong> Backup-L\u00f6sung. Sie sch\u00fctzen nicht nur alle Ihre Dateien, Server, E-Mails und andere kritische Daten, sondern erhalten auch monatlich <strong>2 Stunden technischen Support<\/strong>, der im Bedarfsfall schnell und effizient ist. <strong>INTEGRAL<\/strong> ist ideal f\u00fcr Unternehmen oder Privatpersonen, die eine Komplettl\u00f6sung mit engagierter Unterst\u00fctzung w\u00fcnschen, und bietet Ihnen kompromisslose Sicherheit.  <\/p>\n<p>Jeder Computer oder Server erfordert den Einsatz eines Agenten. Wenn die Anzahl der Agenten, die mit Ihrem INTEGRAL Speicherpaket angeboten werden, nicht ausreicht, f\u00fcgen Sie so viele weitere Agenten hinzu, wie Sie ben\u00f6tigen. <\/p>\n<p>Und mit dem INTEGRAL-Angebot profitieren Sie von einem g\u00fcnstigen Staffeltarif!<\/p>\n<p>Um diesen Dienst in Anspruch nehmen zu k\u00f6nnen, m\u00fcssen Sie sich anmelden:<\/p>\n<ol>\n<li class=\"popStockWDB\" style=\"cursor: pointer;\">\n              <b><br \/>\n                <u>INTEGRALE Lagerung<\/u><br \/>\n              <\/b>\n            <\/li>\n<li class=\"popAgent\" style=\"cursor: pointer;\"><b><u>1 Backup-Agent<\/u><\/b> f\u00fcr jeden betroffenen Server oder Computer.<\/li>\n<\/ol>\n<p>Ich zeichne hier :<\/p>\n\t\t\t\t\t\t\t\t<\/div>\n\t\t\t\t<\/div>\n\t\t\t\t\t<\/div>\n\t\t\t\t<\/div>\n\t\t<div class=\"elementor-element elementor-element-6e22171f e-flex e-con-boxed e-con e-parent\" data-id=\"6e22171f\" data-element_type=\"container\" data-e-type=\"container\" data-settings=\"{&quot;_ha_eqh_enable&quot;:false}\">\n\t\t\t\t\t<div class=\"e-con-inner\">\n\t\t\t\t<div class=\"elementor-element elementor-element-3469de73 elementor-widget elementor-widget-ts-products\" data-id=\"3469de73\" data-element_type=\"widget\" data-e-type=\"widget\" data-widget_type=\"ts-products.default\">\n\t\t\t\t<div class=\"elementor-widget-container\">\n\t\t\t\t\t\t\t<div class=\"ts-product-wrapper ts-shortcode ts-product woocommerce columns-5 recent grid border-default\" style=\"--ts-columns: 5\" >\n\t\t\n\t\t\t\t\t\t\t\n\t\t\t<div class=\"content-wrapper \">\n\t\t\t\n\t\t\t\t<div class=\"products\">\r\n\r\n<section class=\"product type-product post-18028 status-publish first instock product_cat-agent-de product_cat-pca-de product_cat-pra-de product_cat-sicherung product_cat-unveranderlich has-post-thumbnail taxable shipping-taxable purchasable product-type-variable-subscription\" data-product_id=\"18028\">\r\n\t<div class=\"product-wrapper\">\r\n\t\t\t\r\n\t\t<div class=\"thumbnail-wrapper\">\r\n\t\t\t<a href=\"https:\/\/wedoback.com\/de\/produit\/agent-wedoback\/\">\r\n\t\t\t\t<figure class=\"no-back-image\"><img decoding=\"async\" src=\"https:\/\/www.wedoback.com\/wp-content\/themes\/ecomall\/images\/prod_loading.gif\" data-src=\"https:\/\/wedoback.com\/wp-content\/uploads\/2024\/08\/agent-sauv-300x300.png\" class=\"attachment-shop_catalog wp-post-image ts-lazy-load\" alt=\"\" width=\"300\" height=\"300\" \/><\/figure>\t\t\t<\/a>\r\n\t\t\t\t\t<div class=\"product-label on-thumbnail\">\n\t\t<\/div>\n\t<div class=\"product-group-button\">\t\t<div class=\"button-in wishlist\">\n\t\t\t<a href=\"#\" class=\"ts-add-to-wishlist remove-after-added\" data-id=\"18028\">\n\t\t\t\t<span class=\"ts-tooltip button-tooltip\" data-title=\"Add to wishlist\">Wishlist<\/span>\n\t\t\t<\/a>\n\t\t<\/div>\n\t\t<div class=\"button-in quickshop\"><a class=\"quickshop\" href=\"#\" data-product_id=\"18028\"><span class=\"ts-tooltip button-tooltip\">Quick View<\/span><\/a><\/div>\t\t<div class=\"button-in compare\">\n\t\t\t<a href=\"#\" class=\"ts-add-to-compare\" data-id=\"18028\">\n\t\t\t\t<span class=\"ts-tooltip button-tooltip\" data-title=\"Add to compare\">Compare<\/span>\n\t\t\t<\/a>\n\t\t<\/div>\n\t\t<\/div>\t\t<\/div>\r\n\t\t<div class=\"meta-wrapper\">\r\n\t\t\t<div class=\"product-categories\"><span>Categories: <\/span><a href=\"https:\/\/wedoback.com\/de\/product-category\/agent-de\/\" rel=\"tag\">Agent<\/a>, <a href=\"https:\/\/wedoback.com\/de\/product-category\/pca-de\/\" rel=\"tag\">PCA<\/a>, <a href=\"https:\/\/wedoback.com\/de\/product-category\/pra-de\/\" rel=\"tag\">PRA<\/a>, <a href=\"https:\/\/wedoback.com\/de\/product-category\/sicherung\/\" rel=\"tag\">Sicherung<\/a>, <a href=\"https:\/\/wedoback.com\/de\/product-category\/unveranderlich\/\" rel=\"tag\">Unver\u00e4nderlich<\/a><\/div><h3 class=\"heading-title product-name\"><a href=\"https:\/\/wedoback.com\/de\/produit\/agent-wedoback\/\">Agent WeDoBack<\/a><\/h3>\n\t<span class=\"price\"><span class=\"from\">Ab: <\/span><span class=\"woocommerce-Price-amount amount\"><bdi>6,00&nbsp;<span class=\"woocommerce-Price-currencySymbol\">&euro;<\/span><\/bdi><\/span> <span class=\"subscription-details\"> \/ Monat<\/span><\/span>\n<div class=\"product-group-button-meta\"><div class=\"loop-add-to-cart\"><a href=\"https:\/\/wedoback.com\/de\/produit\/agent-wedoback\/\" data-quantity=\"1\" class=\"button product_type_variable-subscription add_to_cart_button\" data-product_id=\"18028\" data-product_sku=\"\" aria-label=\"W\u00e4hle Optionen f\u00fcr \u201eAgent WeDoBack\u201c\" rel=\"nofollow\"><span class=\"ts-tooltip button-tooltip\">Ausf\u00fchrung w\u00e4hlen<\/span><\/a><\/div>\t<div class=\"short-description grid\">\n\t\tDer Agent ist ein Schl\u00fcsselelement von WeDoBack. Er stellt die Kommunikation zwischen unseren Servern und\t<\/div>\n\t<\/div>\t\t<\/div>\r\n\t<\/div>\r\n<\/section>\r\n<section class=\"product type-product post-18193 status-publish instock product_cat-lagerung product_cat-sicherung has-post-thumbnail taxable shipping-taxable purchasable product-type-variable-subscription\" data-product_id=\"18193\">\r\n\t<div class=\"product-wrapper\">\r\n\t\t\t\r\n\t\t<div class=\"thumbnail-wrapper\">\r\n\t\t\t<a href=\"https:\/\/wedoback.com\/de\/produit\/integral-lagerung\/\">\r\n\t\t\t\t<figure class=\"no-back-image\"><img decoding=\"async\" src=\"https:\/\/www.wedoback.com\/wp-content\/themes\/ecomall\/images\/prod_loading.gif\" data-src=\"https:\/\/wedoback.com\/wp-content\/uploads\/2024\/08\/offre-Integral-300x300.png\" class=\"attachment-shop_catalog wp-post-image ts-lazy-load\" alt=\"\" width=\"300\" height=\"300\" \/><\/figure>\t\t\t<\/a>\r\n\t\t\t\t\t<div class=\"product-label on-thumbnail\">\n\t\t<\/div>\n\t<div class=\"product-group-button\">\t\t<div class=\"button-in wishlist\">\n\t\t\t<a href=\"#\" class=\"ts-add-to-wishlist remove-after-added\" data-id=\"18193\">\n\t\t\t\t<span class=\"ts-tooltip button-tooltip\" data-title=\"Add to wishlist\">Wishlist<\/span>\n\t\t\t<\/a>\n\t\t<\/div>\n\t\t<div class=\"button-in quickshop\"><a class=\"quickshop\" href=\"#\" data-product_id=\"18193\"><span class=\"ts-tooltip button-tooltip\">Quick View<\/span><\/a><\/div>\t\t<div class=\"button-in compare\">\n\t\t\t<a href=\"#\" class=\"ts-add-to-compare\" data-id=\"18193\">\n\t\t\t\t<span class=\"ts-tooltip button-tooltip\" data-title=\"Add to compare\">Compare<\/span>\n\t\t\t<\/a>\n\t\t<\/div>\n\t\t<\/div>\t\t<\/div>\r\n\t\t<div class=\"meta-wrapper\">\r\n\t\t\t<div class=\"product-categories\"><span>Categories: <\/span><a href=\"https:\/\/wedoback.com\/de\/product-category\/lagerung\/\" rel=\"tag\">Lagerung<\/a>, <a href=\"https:\/\/wedoback.com\/de\/product-category\/sicherung\/\" rel=\"tag\">Sicherung<\/a><\/div><h3 class=\"heading-title product-name\"><a href=\"https:\/\/wedoback.com\/de\/produit\/integral-lagerung\/\">INTEGRAL-Lagerung<\/a><\/h3>\n\t<span class=\"price\"><span class=\"from\">Ab: <\/span><span class=\"woocommerce-Price-amount amount\"><bdi>100,00&nbsp;<span class=\"woocommerce-Price-currencySymbol\">&euro;<\/span><\/bdi><\/span> <span class=\"subscription-details\"> \/ Monat<\/span><\/span>\n<div class=\"product-group-button-meta\"><div class=\"loop-add-to-cart\"><a href=\"https:\/\/wedoback.com\/de\/produit\/integral-lagerung\/\" data-quantity=\"1\" class=\"button product_type_variable-subscription add_to_cart_button\" data-product_id=\"18193\" data-product_sku=\"\" aria-label=\"W\u00e4hle Optionen f\u00fcr \u201eINTEGRAL-Lagerung\u201c\" rel=\"nofollow\"><span class=\"ts-tooltip button-tooltip\">Ausf\u00fchrung w\u00e4hlen<\/span><\/a><\/div>\t<div class=\"short-description grid\">\n\t\tMit WeDoBack INTEGRAL erhalten Sie eine Premium-Backup-L\u00f6sung, die entwickelt wurde, um Ihre Daten zu sch\u00fctzen\t<\/div>\n\t<\/div>\t\t<\/div>\r\n\t<\/div>\r\n<\/section>\r\n<section class=\"product type-product post-18108 status-publish instock product_cat-optionen has-post-thumbnail virtual taxable purchasable product-type-subscription\" data-product_id=\"18108\">\r\n\t<div class=\"product-wrapper\">\r\n\t\t\t\r\n\t\t<div class=\"thumbnail-wrapper\">\r\n\t\t\t<a href=\"https:\/\/wedoback.com\/de\/produit\/sicherheitskontrolle\/\">\r\n\t\t\t\t<figure class=\"no-back-image\"><img decoding=\"async\" src=\"https:\/\/www.wedoback.com\/wp-content\/themes\/ecomall\/images\/prod_loading.gif\" data-src=\"https:\/\/wedoback.com\/wp-content\/uploads\/2024\/08\/controle-de-sec-300x300.png\" class=\"attachment-shop_catalog wp-post-image ts-lazy-load\" alt=\"\" width=\"300\" height=\"300\" \/><\/figure>\t\t\t<\/a>\r\n\t\t\t\t\t<div class=\"product-label on-thumbnail\">\n\t\t<\/div>\n\t<div class=\"product-group-button\">\t\t<div class=\"button-in wishlist\">\n\t\t\t<a href=\"#\" class=\"ts-add-to-wishlist remove-after-added\" data-id=\"18108\">\n\t\t\t\t<span class=\"ts-tooltip button-tooltip\" data-title=\"Add to wishlist\">Wishlist<\/span>\n\t\t\t<\/a>\n\t\t<\/div>\n\t\t<div class=\"button-in quickshop\"><a class=\"quickshop\" href=\"#\" data-product_id=\"18108\"><span class=\"ts-tooltip button-tooltip\">Quick View<\/span><\/a><\/div>\t\t<div class=\"button-in compare\">\n\t\t\t<a href=\"#\" class=\"ts-add-to-compare\" data-id=\"18108\">\n\t\t\t\t<span class=\"ts-tooltip button-tooltip\" data-title=\"Add to compare\">Compare<\/span>\n\t\t\t<\/a>\n\t\t<\/div>\n\t\t<\/div>\t\t<\/div>\r\n\t\t<div class=\"meta-wrapper\">\r\n\t\t\t<div class=\"product-categories\"><span>Categories: <\/span><a href=\"https:\/\/wedoback.com\/de\/product-category\/optionen\/\" rel=\"tag\">Optionen<\/a><\/div><h3 class=\"heading-title product-name\"><a href=\"https:\/\/wedoback.com\/de\/produit\/sicherheitskontrolle\/\">Sicherheitskontrolle<\/a><\/h3>\n\t<span class=\"price\"><span class=\"woocommerce-Price-amount amount\"><bdi>0,00&nbsp;<span class=\"woocommerce-Price-currencySymbol\">&euro;<\/span><\/bdi><\/span> <span class=\"subscription-details\"> \/ Monat<\/span><\/span>\n<div class=\"product-group-button-meta\"><div class=\"loop-add-to-cart\"><a href=\"\/de\/wp-json\/wp\/v2\/pages\/17877?add-to-cart=18108\" data-quantity=\"1\" class=\"button product_type_subscription add_to_cart_button ajax_add_to_cart\" data-product_id=\"18108\" data-product_sku=\"\" aria-label=\"Ajouter au panier: &ldquo;Sicherheitskontrolle&rdquo;\" rel=\"nofollow\" data-success_message=\"\u201eSicherheitskontrolle\u201c wurde deinem Warenkorb hinzugef\u00fcgt\" role=\"button\"><span class=\"ts-tooltip button-tooltip\">Ajouter au panier<\/span><\/a><\/div>\t<div class=\"short-description grid\">\n\t\tDank der <strong>Partnerschaft zwischen WeDoBack und den Cybersecurity-Dienstleistungen von IT Cyber Security.<\/strong><a href=\"https:\/\/www.it-cyberwall.com\"><strong>IT CyberWall<\/strong><\/a>Wir freuen\t<\/div>\n\t<\/div>\t\t<\/div>\r\n\t<\/div>\r\n<\/section>\r\n<section class=\"product type-product post-18110 status-publish instock product_cat-optionen has-post-thumbnail taxable shipping-taxable purchasable product-type-variable-subscription\" data-product_id=\"18110\">\r\n\t<div class=\"product-wrapper\">\r\n\t\t\t\r\n\t\t<div class=\"thumbnail-wrapper\">\r\n\t\t\t<a href=\"https:\/\/wedoback.com\/de\/produit\/schnelle-wiederherstellung-im-katastrophenfall\/\">\r\n\t\t\t\t<figure class=\"no-back-image\"><img decoding=\"async\" src=\"https:\/\/www.wedoback.com\/wp-content\/themes\/ecomall\/images\/prod_loading.gif\" data-src=\"https:\/\/wedoback.com\/wp-content\/uploads\/2024\/08\/Restauration-300x300.png\" class=\"attachment-shop_catalog wp-post-image ts-lazy-load\" alt=\"\" width=\"300\" height=\"300\" \/><\/figure>\t\t\t<\/a>\r\n\t\t\t\t\t<div class=\"product-label on-thumbnail\">\n\t\t<\/div>\n\t<div class=\"product-group-button\">\t\t<div class=\"button-in wishlist\">\n\t\t\t<a href=\"#\" class=\"ts-add-to-wishlist remove-after-added\" data-id=\"18110\">\n\t\t\t\t<span class=\"ts-tooltip button-tooltip\" data-title=\"Add to wishlist\">Wishlist<\/span>\n\t\t\t<\/a>\n\t\t<\/div>\n\t\t<div class=\"button-in quickshop\"><a class=\"quickshop\" href=\"#\" data-product_id=\"18110\"><span class=\"ts-tooltip button-tooltip\">Quick View<\/span><\/a><\/div>\t\t<div class=\"button-in compare\">\n\t\t\t<a href=\"#\" class=\"ts-add-to-compare\" data-id=\"18110\">\n\t\t\t\t<span class=\"ts-tooltip button-tooltip\" data-title=\"Add to compare\">Compare<\/span>\n\t\t\t<\/a>\n\t\t<\/div>\n\t\t<\/div>\t\t<\/div>\r\n\t\t<div class=\"meta-wrapper\">\r\n\t\t\t<div class=\"product-categories\"><span>Categories: <\/span><a href=\"https:\/\/wedoback.com\/de\/product-category\/optionen\/\" rel=\"tag\">Optionen<\/a><\/div><h3 class=\"heading-title product-name\"><a href=\"https:\/\/wedoback.com\/de\/produit\/schnelle-wiederherstellung-im-katastrophenfall\/\">Schnelle Wiederherstellung im Katastrophenfall<\/a><\/h3>\n\t<span class=\"price\"><span class=\"from\">Ab: <\/span><span class=\"woocommerce-Price-amount amount\"><bdi>15,00&nbsp;<span class=\"woocommerce-Price-currencySymbol\">&euro;<\/span><\/bdi><\/span> <span class=\"subscription-details\"> \/ Monat<\/span><\/span>\n<div class=\"product-group-button-meta\"><div class=\"loop-add-to-cart\"><a href=\"https:\/\/wedoback.com\/de\/produit\/schnelle-wiederherstellung-im-katastrophenfall\/\" data-quantity=\"1\" class=\"button product_type_variable-subscription add_to_cart_button\" data-product_id=\"18110\" data-product_sku=\"\" aria-label=\"W\u00e4hle Optionen f\u00fcr \u201eSchnelle Wiederherstellung im Katastrophenfall\u201c\" rel=\"nofollow\"><span class=\"ts-tooltip button-tooltip\">Ausf\u00fchrung w\u00e4hlen<\/span><\/a><\/div>\t<div class=\"short-description grid\">\n\t\tProfitieren Sie von einem archivierten Backup Ihrer Systeme, um sie im Falle einer Katastrophe schnell\t<\/div>\n\t<\/div>\t\t<\/div>\r\n\t<\/div>\r\n<\/section>\r\n<section class=\"product type-product post-18105 status-publish last instock product_cat-optionen has-post-thumbnail virtual taxable purchasable product-type-simple\" data-product_id=\"18105\">\r\n\t<div class=\"product-wrapper\">\r\n\t\t\t\r\n\t\t<div class=\"thumbnail-wrapper\">\r\n\t\t\t<a href=\"https:\/\/wedoback.com\/de\/produit\/bereitstellung-durch-uns\/\">\r\n\t\t\t\t<figure class=\"no-back-image\"><img decoding=\"async\" src=\"https:\/\/www.wedoback.com\/wp-content\/themes\/ecomall\/images\/prod_loading.gif\" data-src=\"https:\/\/wedoback.com\/wp-content\/uploads\/2024\/08\/deploiement-300x300.png\" class=\"attachment-shop_catalog wp-post-image ts-lazy-load\" alt=\"\" width=\"300\" height=\"300\" \/><\/figure>\t\t\t<\/a>\r\n\t\t\t\t\t<div class=\"product-label on-thumbnail\">\n\t\t<\/div>\n\t<div class=\"product-group-button\">\t\t<div class=\"button-in wishlist\">\n\t\t\t<a href=\"#\" class=\"ts-add-to-wishlist remove-after-added\" data-id=\"18105\">\n\t\t\t\t<span class=\"ts-tooltip button-tooltip\" data-title=\"Add to wishlist\">Wishlist<\/span>\n\t\t\t<\/a>\n\t\t<\/div>\n\t\t<div class=\"button-in quickshop\"><a class=\"quickshop\" href=\"#\" data-product_id=\"18105\"><span class=\"ts-tooltip button-tooltip\">Quick View<\/span><\/a><\/div>\t\t<div class=\"button-in compare\">\n\t\t\t<a href=\"#\" class=\"ts-add-to-compare\" data-id=\"18105\">\n\t\t\t\t<span class=\"ts-tooltip button-tooltip\" data-title=\"Add to compare\">Compare<\/span>\n\t\t\t<\/a>\n\t\t<\/div>\n\t\t<\/div>\t\t<\/div>\r\n\t\t<div class=\"meta-wrapper\">\r\n\t\t\t<div class=\"product-categories\"><span>Categories: <\/span><a href=\"https:\/\/wedoback.com\/de\/product-category\/optionen\/\" rel=\"tag\">Optionen<\/a><\/div><h3 class=\"heading-title product-name\"><a href=\"https:\/\/wedoback.com\/de\/produit\/bereitstellung-durch-uns\/\">Bereitstellung durch uns<\/a><\/h3>\n\t<span class=\"price\"><span class=\"woocommerce-Price-amount amount\"><bdi>45,00&nbsp;<span class=\"woocommerce-Price-currencySymbol\">&euro;<\/span><\/bdi><\/span><\/span>\n<div class=\"product-group-button-meta\"><div class=\"loop-add-to-cart\"><a href=\"\/de\/wp-json\/wp\/v2\/pages\/17877?add-to-cart=18105\" data-quantity=\"1\" class=\"button product_type_simple add_to_cart_button ajax_add_to_cart\" data-product_id=\"18105\" data-product_sku=\"\" aria-label=\"In den Warenkorb legen: \u201eBereitstellung durch uns\u201c\" rel=\"nofollow\" data-success_message=\"\u201eBereitstellung durch uns\u201c wurde deinem Warenkorb hinzugef\u00fcgt\" role=\"button\"><span class=\"ts-tooltip button-tooltip\">In den Warenkorb<\/span><\/a><\/div>\t<div class=\"short-description grid\">\n\t\tSie k\u00f6nnen von der Hilfe eines unserer Techniker bei der Installation oder dem Einsatz Ihrer\t<\/div>\n\t<\/div>\t\t<\/div>\r\n\t<\/div>\r\n<\/section><\/div>\t\t\t\t\n\t\t\t<\/div>\n\t\t\t\n\t\t\t\t\t\t\n\t\t<\/div>\n\t\t\t\t\t\t<\/div>\n\t\t\t\t<\/div>\n\t\t\t\t\t<\/div>\n\t\t\t\t<\/div>\n\t\t\t\t<\/div>\n\t\t","protected":false},"excerpt":{"rendered":"<p>INTEGRAL-Angebot Entscheiden Sie sich f\u00fcr Gelassenheit mit unserer INTEGRAL Backup-L\u00f6sung. Sie sch\u00fctzen nicht nur alle Ihre Dateien, Server, E-Mails und andere kritische Daten, sondern erhalten auch monatlich 2 Stunden technischen Support, der im Bedarfsfall schnell und effizient ist. INTEGRAL ist ideal f\u00fcr Unternehmen oder Privatpersonen, die eine Komplettl\u00f6sung mit engagierter Unterst\u00fctzung w\u00fcnschen, und bietet Ihnen [&hellip;]<\/p>\n","protected":false},"author":1,"featured_media":0,"parent":0,"menu_order":0,"comment_status":"closed","ping_status":"closed","template":"elementor_header_footer","meta":{"om_disable_all_campaigns":false,"_monsterinsights_skip_tracking":false,"_monsterinsights_sitenote_active":false,"_monsterinsights_sitenote_note":"","_monsterinsights_sitenote_category":0,"footnotes":""},"class_list":["post-17877","page","type-page","status-publish","hentry"],"aioseo_notices":[],"_links":{"self":[{"href":"https:\/\/wedoback.com\/de\/wp-json\/wp\/v2\/pages\/17877","targetHints":{"allow":["GET"]}}],"collection":[{"href":"https:\/\/wedoback.com\/de\/wp-json\/wp\/v2\/pages"}],"about":[{"href":"https:\/\/wedoback.com\/de\/wp-json\/wp\/v2\/types\/page"}],"author":[{"embeddable":true,"href":"https:\/\/wedoback.com\/de\/wp-json\/wp\/v2\/users\/1"}],"replies":[{"embeddable":true,"href":"https:\/\/wedoback.com\/de\/wp-json\/wp\/v2\/comments?post=17877"}],"version-history":[{"count":0,"href":"https:\/\/wedoback.com\/de\/wp-json\/wp\/v2\/pages\/17877\/revisions"}],"wp:attachment":[{"href":"https:\/\/wedoback.com\/de\/wp-json\/wp\/v2\/media?parent=17877"}],"curies":[{"name":"wp","href":"https:\/\/api.w.org\/{rel}","templated":true}]}}