{"id":17837,"date":"2024-07-09T13:22:41","date_gmt":"2024-07-09T11:22:41","guid":{"rendered":"https:\/\/www.wedoback.net\/allgemeine-nutzungsbedingungen\/"},"modified":"2025-05-04T12:00:03","modified_gmt":"2025-05-04T10:00:03","slug":"allgemeine-nutzungsbedingungen","status":"publish","type":"page","link":"https:\/\/wedoback.com\/de\/allgemeine-nutzungsbedingungen\/","title":{"rendered":"Rechtliche Hinweise"},"content":{"rendered":"\t\t<div data-elementor-type=\"wp-page\" data-elementor-id=\"17837\" class=\"elementor elementor-17837\" data-elementor-settings=\"{&quot;ha_cmc_init_switcher&quot;:&quot;no&quot;}\" data-elementor-post-type=\"page\">\n\t\t\t\t<div class=\"elementor-element elementor-element-dc8d437 e-flex e-con-boxed e-con e-parent\" data-id=\"dc8d437\" data-element_type=\"container\" data-e-type=\"container\" data-settings=\"{&quot;_ha_eqh_enable&quot;:false}\">\n\t\t\t\t\t<div class=\"e-con-inner\">\n\t\t\t\t<div class=\"elementor-element elementor-element-66d6251 elementor-widget elementor-widget-text-editor\" data-id=\"66d6251\" data-element_type=\"widget\" data-e-type=\"widget\" data-widget_type=\"text-editor.default\">\n\t\t\t\t<div class=\"elementor-widget-container\">\n\t\t\t\t\t\t\t\t\t<h4>Die rechtlichen Hinweise, die f\u00fcr jeden Internetnutzer gelten, der diese Website besucht.<\/h4><p>Die blo\u00dfe Konsultation oder der Besuch dieser Website bedeutet, dass Sie diese vorbehaltlos akzeptieren.<\/p><p>Wir weisen Sie auch darauf hin, dass diese rechtlichen Hinweise jederzeit und ohne Vorank\u00fcndigung ge\u00e4ndert werden k\u00f6nnen.<\/p><p>In \u00dcbereinstimmung mit dem franz\u00f6sischen Gesetz \u00fcber die digitale Wirtschaft (LEN), Gesetz Nr. 2004-275 f\u00fcr das Vertrauen in die digitale Wirtschaft, finden Sie hier die Kontaktdaten des Herausgebers dieser Website:<\/p><h6>HERAUSGEBER DER WEBSITE<\/h6><p>DEDICACE SOFTWARE<br>4, ROUTE DE LA COTE A BOURNET<br>16440 MOUTHIERS SUR BOEME<br>FRANKREICH<\/p><p>Gesetzlicher Vertreter: Herr DESEE Simon,<\/p><p>Vorsitzender der SAS D\u00e9dicace Software<\/p><p>Ein Unternehmen der Pioneer Humani Gruppe, das f\u00fcr die Vertretung, die F\u00f6rderung, den Verkauf und die Bereitstellung von CyberWall IT-Dienstleistungen in Europa zust\u00e4ndig ist.<\/p><p>Au\u00dferhalb Europas werden diese Aktivit\u00e4ten direkt von Pioneer Humani oder von seinen regionalen Zentren (&#8220;Hubs&#8221;) und deren Tochtergesellschaften durchgef\u00fchrt, je nachdem, um welche geographischen Gebiete es sich handelt.<\/p><p>Die Rechnungsstellung erfolgt ebenfalls durch die f\u00fcr den Standort des Kunden zust\u00e4ndige Einheit der Gruppe.<\/p><p><span style=\"color: inherit; font-size: 18px; font-weight: bold; letter-spacing: 0.45px;\">VERF\u00dcGBARKEIT UND INHALT DER WEBSITE<\/span><\/p><p>D\u00e9dicace Software haftet nicht f\u00fcr die Unzug\u00e4nglichkeit oder f\u00fcr eventuelle Schwierigkeiten, die bei der Konsultation dieser Website auftreten k\u00f6nnen.<\/p><p>Der Besucher erkennt an, dass inh\u00e4rente M\u00e4ngel des Internet-Netzwerks den Zugang zu dieser Website erschweren oder unm\u00f6glich machen k\u00f6nnen.<\/p><p>D\u00e9dicace Software bem\u00fcht sich, die Daten und Erkl\u00e4rungen auf dieser Website auf dem neuesten Stand zu halten.<\/p><p>Der Besucher erkennt jedoch an, dass die Formatierung von Aktualisierungen und deren Ber\u00fccksichtigung auf dieser Website eine gewisse Zeit in Anspruch nehmen kann.<\/p><h6>HOST DER WEBSITE<\/h6><p>SCALEWAY SAS<br>BP 438<br>75366 Paris CEDEX 08<br>FRANCE<br>http:\/\/www.scaleway.net<\/p><h6>GEISTIGES EIGENTUM<\/h6><p>Die Website www.wedoback.com ist Eigentum der Pioneer Humani Group und wird von ihr \u00fcber ihre Tochtergesellschaft D\u00e9dicace Software SAS betrieben, die im Folgenden als &#8220;D\u00e9dicace Software&#8221; bezeichnet wird. Alle Elemente, einschlie\u00dflich (aber nicht beschr\u00e4nkt auf) Illustrationen, Texte, Videos und andere Websites, die auf allen Seiten aufgef\u00fchrt sind, sind durch die geltenden Gesetze zum Schutz geistigen Eigentums gesch\u00fctzt. Sie sind Eigentum von D\u00e9dicace Software oder wurden ausdr\u00fccklich zur Nutzung freigegeben.  <\/p><p>Kein Teil darf ohne die schriftliche Genehmigung von WeDoBack in irgendeiner Weise, teilweise oder vollst\u00e4ndig, auf irgendeinem Medium dupliziert, kopiert, reproduziert, modifiziert, wiederver\u00f6ffentlicht, verwendet, \u00fcbertragen, verteilt, &#8230; werden.<\/p><p>WeDoBack beh\u00e4lt sich das Recht vor, im Falle von F\u00e4lschungen oder der Nichteinhaltung seiner geistigen Eigentumsrechte alle erforderlichen rechtlichen Schritte einzuleiten.<\/p><p>Die auf dieser Website genannten Marken sind von den Unternehmen registriert, denen sie geh\u00f6ren.<\/p><h6><span style=\"color: inherit; letter-spacing: 0.45px;\">HINWEISE ZU COOKIES<\/span><\/h6><p><strong>Was ist ein Cookie und wozu dient es?<\/strong><\/p><p>Ein Cookie ist eine Textdatei, die vorbehaltlich Ihrer Wahl in einem speziellen Bereich der Festplatte Ihres Endger\u00e4ts (Computer, Tablet usw.) gespeichert werden kann, wenn Sie mit Ihrer Navigationssoftware einen Online-Dienst aufrufen.<\/p><p>Es wird vom Server einer Website an Ihren Browser \u00fcbermittelt. Jedem Cookie wird eine anonyme Kennung zugewiesen. <\/p><p>Die Cookie-Datei erm\u00f6glicht es ihrem Emittenten, das Terminal zu identifizieren, in dem sie f\u00fcr die Dauer der G\u00fcltigkeit oder Registrierung des betreffenden Cookies gespeichert ist.<\/p><p>Ein Cookie kann nicht zu einer nat\u00fcrlichen Person zur\u00fcckverfolgt werden.<\/p><p><strong>Welche Arten von Cookies werden von unserer Website abgelegt?<\/strong><\/p><p>Diese Website verwendet Cookies nur f\u00fcr die ordnungsgem\u00e4\u00dfe Funktion.<\/p><p>Sie werden verwendet, um Ihre Navigationspr\u00e4ferenzen und die von Ihnen gew\u00e4hlte Anzeigesprache zu speichern.<\/p><p>Es werden keine Cookies von Dritten verwendet und es werden keine Informationen an Dritte weitergegeben.<\/p><p>Dar\u00fcber hinaus verwenden wir unseren eigenen Statistikserver, um die Relevanz des Inhalts unserer Website zu bewerten.<\/p>\t\t\t\t\t\t\t\t<\/div>\n\t\t\t\t<\/div>\n\t\t\t\t\t<\/div>\n\t\t\t\t<\/div>\n\t\t\t\t<\/div>\n\t\t","protected":false},"excerpt":{"rendered":"<p>Die rechtlichen Hinweise, die f\u00fcr jeden Internetnutzer gelten, der diese Website besucht. Die blo\u00dfe Konsultation oder der Besuch dieser Website bedeutet, dass Sie diese vorbehaltlos akzeptieren. Wir weisen Sie auch darauf hin, dass diese rechtlichen Hinweise jederzeit und ohne Vorank\u00fcndigung ge\u00e4ndert werden k\u00f6nnen. In \u00dcbereinstimmung mit dem franz\u00f6sischen Gesetz \u00fcber die digitale Wirtschaft (LEN), Gesetz [&hellip;]<\/p>\n","protected":false},"author":1,"featured_media":0,"parent":0,"menu_order":0,"comment_status":"closed","ping_status":"closed","template":"","meta":{"om_disable_all_campaigns":false,"_monsterinsights_skip_tracking":false,"_monsterinsights_sitenote_active":false,"_monsterinsights_sitenote_note":"","_monsterinsights_sitenote_category":0,"footnotes":""},"class_list":["post-17837","page","type-page","status-publish","hentry"],"aioseo_notices":[],"_links":{"self":[{"href":"https:\/\/wedoback.com\/de\/wp-json\/wp\/v2\/pages\/17837","targetHints":{"allow":["GET"]}}],"collection":[{"href":"https:\/\/wedoback.com\/de\/wp-json\/wp\/v2\/pages"}],"about":[{"href":"https:\/\/wedoback.com\/de\/wp-json\/wp\/v2\/types\/page"}],"author":[{"embeddable":true,"href":"https:\/\/wedoback.com\/de\/wp-json\/wp\/v2\/users\/1"}],"replies":[{"embeddable":true,"href":"https:\/\/wedoback.com\/de\/wp-json\/wp\/v2\/comments?post=17837"}],"version-history":[{"count":0,"href":"https:\/\/wedoback.com\/de\/wp-json\/wp\/v2\/pages\/17837\/revisions"}],"wp:attachment":[{"href":"https:\/\/wedoback.com\/de\/wp-json\/wp\/v2\/media?parent=17837"}],"curies":[{"name":"wp","href":"https:\/\/api.w.org\/{rel}","templated":true}]}}